{"id":4553,"date":"2026-02-10T09:51:54","date_gmt":"2026-02-10T08:51:54","guid":{"rendered":"https:\/\/sonicleanx.com\/privacy-policy\/"},"modified":"2026-02-10T10:01:05","modified_gmt":"2026-02-10T09:01:05","slug":"privacy-policy","status":"publish","type":"page","link":"https:\/\/sonicleanx.com\/cz\/privacy-policy\/","title":{"rendered":"Ochrana osobn\u00edch \u00fadaj\u016f"},"content":{"rendered":"<style>\n.flgb-ft-header {\n    background-color: #ffffff;\n    width: 100%;\n    padding: 10px var(--flgb-content-padding);\n    box-sizing: border-box;\n}\n.flgb-ft-header * {\n    box-sizing: border-box;\n}\n.flgb-ft-header-inner {\n    display: flex;\n    flex-direction: row;\n    align-items: center;\n    justify-content: space-between;\n    width: 100%;\n    max-width: 1120px;\n    margin: 0 auto;\n}\n.flgb-ft-header-logo img {\n    height: 14px;\n    width: auto;\n    display: block;\n}\n.flgb-ft-header-cta {\n    display: inline-block;\n    padding: 10px 25px;\n    font-size: 16px;\n    font-weight: 700;\n    line-height: 1;\n    text-decoration: none;\n    border-radius: 5px;\n    border: 2px solid #000000;\n    color: #000000;\n    background-color: #ffffff;\n    transition: all 0.2s ease;\n}\n.flgb-ft-header-cta:hover {\n    color: #ffffff;\n    background-color: #000000;\n    border-color: #000000;\n    text-decoration: none;\n}\n@media (max-width: 479px) {\n    .flgb-ft-header-cta {\n        font-size: 12px;\n        padding: 10px var(--flgb-content-padding);\n    }\n}\n<\/style>\n<div class=\"flgb-ft-header\">\n    <div class=\"flgb-ft-header-inner\">\n        <div class=\"flgb-ft-header-logo\">\n                        <a href=\"https:\/\/sonicleanx.com\/cz\/\">\n                <img decoding=\"async\" src=\"https:\/\/sonicleanx.com\/wp-content\/uploads\/2024\/10\/snclx-logo-black.webp\" alt=\"SonicleanX\" \/>\n            <\/a>\n                    <\/div>\n                <a href=\"https:\/\/sonicleanx.com\/cz\/select-qty\" class=\"flgb-ft-header-cta\">Objednat nyn\u00ed!<\/a>\n            <\/div>\n<\/div>\n<style>\n.flgb-ft-page-section {\n    background-color: #eff1f6;\n    padding: 50px var(--flgb-content-padding);\n    width: 100%;\n    box-sizing: border-box;\n}\n.flgb-ft-page-section * {\n    box-sizing: border-box;\n}\n.flgb-ft-page-container {\n    background-color: #ffffff;\n    padding: 40px;\n    max-width: 900px;\n    width: 100%;\n    margin: 0 auto;\n    box-shadow: 0 0 10px 0 #d6d6d6;\n}\n@media (max-width: 991px) {\n    .flgb-ft-page-section {\n        padding: 40px var(--flgb-content-padding);\n    }\n}\n@media (max-width: 767px) {\n    .flgb-ft-page-section {\n        padding: 40px var(--flgb-content-padding);\n    }\n    .flgb-ft-page-container {\n        padding: 30px;\n    }\n}\n@media (max-width: 479px) {\n    .flgb-ft-page-section {\n        padding: 25px 0;\n    }\n    .flgb-ft-page-container {\n        padding: 25px 10px 25px 10px;\n    }\n}\n<\/style>\n<div class=\"flgb-ft-page-section\">\n    <div class=\"flgb-ft-page-container\">\n        <h2 style=\"text-align: center;\">Ochrana osobn\u00edch \u00fadaj\u016f<\/h2>\n    \n    <h4>I. Z\u00e1kladn\u00ed ustanoven\u00ed<\/h4>\n    \n    <p>1. Provozovatelem osobn\u00edch \u00fadaj\u016f podle \u00a7 5 p\u00edsm. o) z\u00e1kona 18\/2018 Sb. o ochran\u011b osobn\u00edch \u00fadaj\u016f ve zn\u011bn\u00ed pozd\u011bj\u0161\u00edch p\u0159edpis\u016f (d\u00e1le jen \u201e<strong>Z\u00e1kon<\/strong>\") je:<\/p>\n    \n    <p>konsuma s.r.o.<br \/>\n    Lermontovova 911\/3<br \/>\n81105 Bratislava<br>\n    Slovensko\n    <\/p>\n\n    <p>I\u010cO: 56392524<br \/>\n    DI\u010c: 2122295868<br \/>\n    I\u010c DPH: SK2122295868<\/p>\n    \n    <p>(d\u00e1le jen \u201e<strong>provozovatel<\/strong>\").<\/p>\n\n    <p>2. Kontaktn\u00ed \u00fadaje provozovatele jsou:<\/p>\n\n<p>E-mail: <a href=\"mailto:info@sonicleanx.com\">info@sonicleanx.com<\/a><\/p>\n\n    <p>3. Osobn\u00edmi \u00fadaji se rozum\u011bj\u00ed v\u0161echny informace o identifikovan\u00e9 nebo identifikovateln\u00e9 fyzick\u00e9 osob\u011b; identifikovatelnou fyzickou osobou je fyzick\u00e1 osoba, kterou lze p\u0159\u00edmo \u010di nep\u0159\u00edmo identifikovat, zejm\u00e9na odkazem na ur\u010dit\u00fd identifik\u00e1tor, nap\u0159\u00edklad jm\u00e9no, identifika\u010dn\u00ed \u010d\u00edslo, lokaliza\u010dn\u00ed \u00fadaje, s\u00ed\u0165ov\u00fd identifik\u00e1tor nebo odkazem na jeden \u010di v\u00edce zvl\u00e1\u0161tn\u00edch prvk\u016f fyzick\u00e9, fyziologick\u00e9, genetick\u00e9, psychick\u00e9, ekonomick\u00e9, kulturn\u00ed nebo spole\u010densk\u00e9 identity t\u00e9to fyzick\u00e9 osoby.<\/p>\n\n    <p>4. Provozovatel nejmenoval odpov\u011bdnou osobu pro ochranu osobn\u00edch \u00fadaj\u016f.<\/p>\n\n    <h4>II. Zdroje a kategorie zpracov\u00e1van\u00fdch osobn\u00edch \u00fadaj\u016f<\/h4>\n\n    <p>1. Provozovatel zpracov\u00e1v\u00e1 osobn\u00ed \u00fadaje, kter\u00e9 jste mu poskytl\/la nebo osobn\u00ed \u00fadaje, kter\u00e9 provozovatel z\u00edskal na z\u00e1klad\u011b pln\u011bn\u00ed Va\u0161\u00ed objedn\u00e1vky.<\/p>\n\n    <p>2. Provozovatel zpracov\u00e1v\u00e1 Va\u0161e identifika\u010dn\u00ed a kontaktn\u00ed \u00fadaje a \u00fadaje nutn\u00e9 pro pln\u011bn\u00ed smlouvy.<\/p>\n\n    <h4>III. Z\u00e1konn\u00fd d\u016fvod a \u00fa\u010del zpracov\u00e1n\u00ed osobn\u00edch \u00fadaj\u016f<\/h4>\n\n    <p>1. Z\u00e1konn\u00fdm d\u016fvodem zpracov\u00e1n\u00ed osobn\u00edch \u00fadaj\u016f je<\/p>\n\n    <ul>\n        <li>pln\u011bn\u00ed smlouvy mezi V\u00e1mi a provozovatelem podle \u00a7 13 ods. 1 p\u00edsm. b) Z\u00e1kona,<\/li>\n        <li>opr\u00e1vn\u011bn\u00fd z\u00e1jem provozovatele na poskytov\u00e1n\u00ed p\u0159\u00edm\u00e9ho marketingu (zejm\u00e9na pro zas\u00edl\u00e1n\u00ed obchodn\u00edch sd\u011blen\u00ed a newsletter\u016f) podle \u00a7 13 ods. 1 p\u00edsm. f) Z\u00e1kona,<\/li>\n        <li>V\u00e1\u0161 souhlas se zpracov\u00e1n\u00edm pro \u00fa\u010dely poskytov\u00e1n\u00ed p\u0159\u00edm\u00e9ho marketingu (zejm\u00e9na pro zas\u00edl\u00e1n\u00ed obchodn\u00edch sd\u011blen\u00ed a newsletter\u016f) podle \u00a7 13 ods. 1 p\u00edsm. a) Z\u00e1kona<\/li>\n    <\/ul>\n\n    <p>2. \u00da\u010delem zpracov\u00e1n\u00ed osobn\u00edch \u00fadaj\u016f je<\/p>\n\n    <ul>\n        <li>vy\u0159\u00edzen\u00ed Va\u0161\u00ed objedn\u00e1vky a v\u00fdkon pr\u00e1v a povinnost\u00ed vypl\u00fdvaj\u00edc\u00edch ze smluvn\u00edho vztahu mezi V\u00e1mi a provozovatelem; p\u0159i objedn\u00e1vce jsou vy\u017eadov\u00e1ny osobn\u00ed \u00fadaje, kter\u00e9 jsou nutn\u00e9 pro \u00fasp\u011b\u0161n\u00e9 vy\u0159\u00edzen\u00ed objedn\u00e1vky (jm\u00e9no a adresa, kontakt), poskytnut\u00ed osobn\u00edch \u00fadaj\u016f je nutnou po\u017eadavkem pro uzav\u0159en\u00ed a pln\u011bn\u00ed smlouvy, bez poskytnut\u00ed osobn\u00edch \u00fadaj\u016f nen\u00ed mo\u017en\u00e9 smlouvu uzav\u0159\u00edt \u010di ji ze strany provozovatele plnit,<\/li>\n        <li>zas\u00edl\u00e1n\u00ed obchodn\u00edch sd\u011blen\u00ed a v\u00fdkon dal\u0161\u00edch marketingov\u00fdch aktivit.<\/li>\n    <\/ul>\n\n    <p>3. Ze strany provozovatele nedoch\u00e1z\u00ed\/doch\u00e1z\u00ed k automatick\u00e9mu individu\u00e1ln\u00edmu rozhodov\u00e1n\u00ed ve smyslu \u00a7 28 Z\u00e1kona. S takov\u00fdm zpracov\u00e1n\u00edm jste poskytl\/a sv\u016fj v\u00fdslovn\u00fd souhlas.<\/p>\n\n    <h4>IV. Doba uchov\u00e1v\u00e1n\u00ed osobn\u00edch \u00fadaj\u016f<\/h4>\n\n    <p>1. Provozovatel uchov\u00e1v\u00e1 osobn\u00ed \u00fadaje<\/p>\n\n    <ul>\n        <li>po dobu nezbytnou k v\u00fdkonu pr\u00e1v a povinnost\u00ed vypl\u00fdvaj\u00edc\u00edch ze smluvn\u00edho vztahu mezi V\u00e1mi a provozovatelem a uplat\u0148ov\u00e1n\u00ed n\u00e1rok\u016f z t\u011bchto smluvn\u00edch vztah\u016f (po dobu 15 let od ukon\u010den\u00ed smluvn\u00edho vztahu).<\/li>\n        <li>po dobu, ne\u017e je odvol\u00e1n souhlas se zpracov\u00e1n\u00edm osobn\u00edch \u00fadaj\u016f pro \u00fa\u010dely marketingu, nejd\u00e9le po dobu 10 let.<\/li>\n    <\/ul>\n\n    <p>2. Po uplynut\u00ed doby uchov\u00e1v\u00e1n\u00ed osobn\u00edch \u00fadaj\u016f provozovatel osobn\u00ed \u00fadaje vyma\u017ee.<\/p>\n\n    <h4>V. P\u0159\u00edjemci osobn\u00edch \u00fadaj\u016f (subdodavatel\u00e9 provozovatele)<\/h4>\n\n    <p>1. P\u0159\u00edjemci osobn\u00edch \u00fadaj\u016f jsou osoby<\/p>\n\n    <ul>\n        <li>Pod\u00edlej\u00edc\u00ed se na dod\u00e1v\u00e1n\u00ed zbo\u017e\u00ed \/ slu\u017eeb \/ realizaci plateb na z\u00e1klad\u011b smlouvy,<\/li>\n        <li>zaji\u0161\u0165uj\u00edc\u00ed slu\u017eby provozov\u00e1n\u00ed e-shopu (Shoptet) a dal\u0161\u00ed slu\u017eby v souvislosti s provozov\u00e1n\u00edm e-shopu,<\/li>\n        <li>zaji\u0161\u0165uj\u00edc\u00ed marketingov\u00e9 slu\u017eby.<\/li>\n    <\/ul>\n\n    <p>2. Provozovatel nem\u00e1 \/ \u200b\u200bm\u00e1 v \u00famyslu p\u0159edat osobn\u00ed \u00fadaje do t\u0159et\u00ed zem\u011b (do zem\u011b mimo EU) nebo mezin\u00e1rodn\u00ed organizaci. P\u0159\u00edjemci osobn\u00edch \u00fadaj\u016f ve t\u0159et\u00edch zem\u00edch jsou poskytovatel\u00e9 mailingov\u00fdch slu\u017eeb\/cloudov\u00fdch slu\u017eeb.<\/p>\n\n    <h4>VI. Va\u0161e pr\u00e1va<\/h4>\n\n    <p>1. Za podm\u00ednek stanoven\u00fdch v Z\u00e1kon\u011b m\u00e1te<\/p>\n\n    <ul>\n        <li>pr\u00e1vo na p\u0159\u00edstup ke sv\u00fdm osobn\u00edm \u00fadaj\u016fm podle \u00a7 21 Z\u00e1kona,<\/li>\n        <li>pr\u00e1vo na opravu osobn\u00edch \u00fadaj\u016f podle \u00a7 22 Z\u00e1kona, pop\u0159\u00edpad\u011b omezen\u00ed zpracov\u00e1n\u00ed podle \u00a7 24 Z\u00e1kona,<\/li>\n        <li>pr\u00e1vo na v\u00fdmaz osobn\u00edch \u00fadaj\u016f podle \u00a7 23 Z\u00e1kona,<\/li>\n        <li>pr\u00e1vo vzn\u00e9st n\u00e1mitku proti zpracov\u00e1n\u00ed podle \u00a7 27 Z\u00e1kona,<\/li>\n        <li>pr\u00e1vo na p\u0159enositelnost \u00fadaj\u016f podle \u00a7 26 Z\u00e1kona,<\/li>\n        <li>pr\u00e1vo odvolat souhlas se zpracov\u00e1n\u00edm p\u00edsemn\u011b nebo elektronicky na adresu nebo email provozovatele uveden\u00fd v \u010dl\u00e1nku. III t\u011bchto podm\u00ednek.<\/li>\n    <\/ul>\n\n    <p>2. D\u00e1le m\u00e1te pr\u00e1vo podat st\u00ed\u017enost u \u00da\u0159adu pro ochranu osobn\u00edch \u00fadaj\u016f v p\u0159\u00edpad\u011b, \u017ee se domn\u00edv\u00e1te, \u017ee bylo poru\u0161eno Va\u0161e pr\u00e1vo na ochranu osobn\u00edch \u00fadaj\u016f.<\/p>\n\n    <h4>VII. Podm\u00ednky zabezpe\u010den\u00ed osobn\u00edch \u00fadaj\u016f<\/h4>\n\n    <p>1. Provozovatel prohla\u0161uje, \u017ee p\u0159ijal v\u0161echna vhodn\u00e1 technick\u00e1 a organiza\u010dn\u00ed opat\u0159en\u00ed k zabezpe\u010den\u00ed osobn\u00edch \u00fadaj\u016f.<\/p>\n\n    <p>2. Provozovatel p\u0159ijal technick\u00e1 opat\u0159en\u00ed k zabezpe\u010den\u00ed datov\u00fdch \u00falo\u017ei\u0161\u0165 a \u00falo\u017ei\u0161\u0165 osobn\u00edch \u00fadaj\u016f v listinn\u00e9 podob\u011b.<\/p>\n\n    <p>3. Provozovatel prohla\u0161uje, \u017ee k osobn\u00edm \u00fadaj\u016fm maj\u00ed p\u0159\u00edstup jen j\u00edm pov\u011b\u0159en\u00e9 osoby.<\/p>\n\n    <h4>VIII. Z\u00e1v\u011bre\u010dn\u00e1 ustanoven\u00ed<\/h4>\n\n    <p>1. Odesl\u00e1n\u00edm objedn\u00e1vky z internetov\u00e9ho objedn\u00e1vkov\u00e9ho formul\u00e1\u0159e potvrzujete, \u017ee jste sezn\u00e1men\/a s podm\u00ednkami ochrany osobn\u00edch \u00fadaj\u016f a \u017ee je v cel\u00e9m rozsahu p\u0159ij\u00edm\u00e1te.<\/p>\n\n    <p>2. S t\u011bmito podm\u00ednkami souhlas\u00edte za\u0161krtnut\u00edm souhlasu prost\u0159ednictv\u00edm internetov\u00e9ho formul\u00e1\u0159e. Za\u0161krtnut\u00edm souhlasu potvrzujete, \u017ee jste sezn\u00e1men\/obezn\u00e1men s podm\u00ednkami ochrany osobn\u00edch \u00fadaj\u016f a \u017ee je v cel\u00e9m rozsahu p\u0159ij\u00edm\u00e1te.<\/p>\n\n    <p>3. Provozovatel je opr\u00e1vn\u011bn tyto podm\u00ednky zm\u011bnit. Novou verzi podm\u00ednek ochrany osobn\u00edch \u00fadaj\u016f zve\u0159ejn\u00ed na sv\u00fdch internetov\u00fdch str\u00e1nk\u00e1ch a z\u00e1rove\u0148 V\u00e1m za\u0161le novou verzi t\u011bchto podm\u00ednek na Va\u0161i e-mailovou adresu, kterou jste provozovateli poskytl\/a.<\/p>\n\n    <p>Tyto podm\u00ednky nab\u00fdvaj\u00ed \u00fa\u010dinnosti dne 1.1.2025<\/p>    <\/div>\n<\/div>\n<style>\n.flgb-ft-full-footer * {\n    box-sizing: border-box;\n}\n.flgb-ft-full-footer {\n    color: #dbdbdb;\n    font-family: inherit;\n    font-size: 14px;\n    line-height: 1.2;\n    width: 100%;\n    padding: 45px var(--flgb-content-padding);\n    background-color: #000000;\n}\n.flgb-ft-full-footer a {\n    color: #dbdbdb;\n    text-decoration: none;\n}\n.flgb-ft-full-footer a:hover {\n    text-decoration: underline;\n}\n.flgb-ft-footer-main-row {\n    display: flex;\n    flex-direction: row;\n    gap: 30px;\n    width: 100%;\n    max-width: 1120px;\n    margin: 0 auto;\n}\n.flgb-ft-footer-half {\n    display: flex;\n    flex-direction: row;\n    width: 50%;\n    gap: 30px;\n}\n.flgb-ft-footer-col {\n    width: 50%;\n    display: flex;\n    flex-direction: column;\n    gap: 15px;\n}\n.flgb-ft-footer-header {\n    font-weight: 600;\n    font-size: 16px;\n    color: #ffffff;\n}\n.flgb-ft-footer-links {\n    display: flex;\n    flex-direction: column;\n    gap: 12px;\n}\n.flgb-ft-footer-contact-item {\n    display: flex;\n    align-items: flex-start;\n    gap: 8px;\n}\n.flgb-ft-lang-switcher {\n    margin-top: 5px;\n}\n\n\/* Tablet *\/\n@media (max-width: 991px) {\n    .flgb-ft-full-footer {\n        padding: 40px var(--flgb-content-padding);\n    }\n    .flgb-ft-footer-main-row {\n        flex-direction: column;\n        gap: 20px;\n    }\n    .flgb-ft-footer-half {\n        width: 100%;\n    }\n}\n\n\/* Mobile *\/\n@media (max-width: 767px) {\n    .flgb-ft-footer-half {\n        flex-direction: column;\n        gap: 20px;\n    }\n    .flgb-ft-footer-col {\n        width: 100%;\n        text-align: center;\n        align-items: center;\n    }\n    .flgb-ft-footer-contact-item {\n        justify-content: center;\n    }\n    .flgb-ft-footer-links {\n        align-items: center;\n    }\n    .flgb-ft-lang-switcher {\n        display: flex;\n        justify-content: center;\n    }\n}\n\n\/* Small mobile *\/\n@media (max-width: 479px) {\n    .flgb-ft-full-footer {\n        padding: 24px var(--flgb-content-padding);\n    }\n    .flgb-ft-footer-links {\n        gap: 10px;\n    }\n}\n\n\/* Credits bar *\/\n.flgb-ft-credits-bar {\n    background-color: #ffffff;\n    width: 100%;\n    font-family: inherit;\n    font-size: 13px;\n    color: inherit;\n}\n.flgb-ft-credits-bar-inner {\n    display: flex;\n    flex-direction: row;\n    justify-content: space-between;\n    align-items: center;\n    width: 100%;\n    max-width: 1120px;\n    margin: 0 auto;\n    padding: 10px var(--flgb-content-padding);\n}\n.flgb-ft-credits-bar .flgb-ft-lang-switcher .trp-shortcode-switcher__wrapper,\n.flgb-ft-credits-bar .flgb-ft-lang-switcher .trp-language-switcher {\n    border: none !important;\n    padding: 0 !important;\n}\n@media (max-width: 767px) {\n    .flgb-ft-credits-bar-inner {\n        flex-direction: column;\n        text-align: center;\n        gap: 0;\n    }\n    .flgb-ft-credits-bar .flgb-ft-lang-switcher {\n        display: flex;\n        justify-content: center;\n    }\n}\n<\/style>\n\n<div class=\"flgb-ft-full-footer\" data-variant=\"home\">\n    <div class=\"flgb-ft-footer-main-row\">\n        \n        <!-- Left Half -->\n        <div class=\"flgb-ft-footer-half\">\n            \n            <!-- Column 1: Logo + Language Switcher + Shop -->\n            <div class=\"flgb-ft-footer-col\">\n                                <a href=\"https:\/\/sonicleanx.com\/cz\/\">\n                    <img decoding=\"async\" src=\"https:\/\/sonicleanx.com\/wp-content\/uploads\/2025\/04\/snclx-logo-w.webp\" \n                         alt=\"SonicleanX\" \n                         style=\"width: auto; height: 14px; display: block;\" \/>\n                <\/a>\n                                \n                                <div class=\"flgb-ft-lang-switcher\" style=\"width: 100%;\">\n                    <div class=\"trp_language_switcher_shortcode\">\n<div class=\"trp-language-switcher trp-language-switcher-container\" data-no-translation>\n    <div class=\"trp-ls-shortcode-current-language\">\n        <a href=\"#\" class=\"trp-ls-shortcode-disabled-language trp-ls-disabled-language\" title=\"Czech\" onclick=\"event.preventDefault()\">\n\t\t\t<img loading=\"lazy\" decoding=\"async\" class=\"trp-flag-image\" src=\"https:\/\/sonicleanx.com\/wp-content\/plugins\/translatepress-multilingual\/assets\/images\/flags\/cs_CZ.png\" width=\"18\" height=\"12\" alt=\"cs_CZ\" title=\"Czech\"> Czech\t\t<\/a>\n    <\/div>\n    <div class=\"trp-ls-shortcode-language\">\n                <a href=\"#\" class=\"trp-ls-shortcode-disabled-language trp-ls-disabled-language\"  title=\"Czech\" onclick=\"event.preventDefault()\">\n\t\t\t<img loading=\"lazy\" decoding=\"async\" class=\"trp-flag-image\" src=\"https:\/\/sonicleanx.com\/wp-content\/plugins\/translatepress-multilingual\/assets\/images\/flags\/cs_CZ.png\" width=\"18\" height=\"12\" alt=\"cs_CZ\" title=\"Czech\"> Czech\t\t<\/a>\n                    <a href=\"https:\/\/sonicleanx.com\/cz\/wp-json\/wp\/v2\/pages\/4553\" title=\"English\">\n            <img loading=\"lazy\" decoding=\"async\" class=\"trp-flag-image\" src=\"https:\/\/sonicleanx.com\/wp-content\/plugins\/translatepress-multilingual\/assets\/images\/flags\/en_US.png\" width=\"18\" height=\"12\" alt=\"en_US\" title=\"English\"> English        <\/a>\n\n            <a href=\"https:\/\/sonicleanx.com\/cz\/wp-json\/wp\/v2\/pages\/4553\" title=\"Slovak\">\n            <img loading=\"lazy\" decoding=\"async\" class=\"trp-flag-image\" src=\"https:\/\/sonicleanx.com\/wp-content\/plugins\/translatepress-multilingual\/assets\/images\/flags\/sk_SK.png\" width=\"18\" height=\"12\" alt=\"sk_SK\" title=\"Slovak\"> Slovak        <\/a>\n\n            <a href=\"https:\/\/sonicleanx.com\/cz\/wp-json\/wp\/v2\/pages\/4553\" title=\"Hungarian\">\n            <img loading=\"lazy\" decoding=\"async\" class=\"trp-flag-image\" src=\"https:\/\/sonicleanx.com\/wp-content\/plugins\/translatepress-multilingual\/assets\/images\/flags\/hu_HU.png\" width=\"18\" height=\"12\" alt=\"hu_HU\" title=\"Hungarian\"> Hungarian        <\/a>\n\n        <\/div>\n    <script type=\"application\/javascript\">\n        \/\/ need to have the same with set from JS on both divs. Otherwise it can push stuff around in HTML\n        var trp_ls_shortcodes = document.querySelectorAll('.trp_language_switcher_shortcode .trp-language-switcher');\n        if ( trp_ls_shortcodes.length > 0) {\n            \/\/ get the last language switcher added\n            var trp_el = trp_ls_shortcodes[trp_ls_shortcodes.length - 1];\n\n            var trp_shortcode_language_item = trp_el.querySelector( '.trp-ls-shortcode-language' )\n            \/\/ set width\n            var trp_ls_shortcode_width                                               = trp_shortcode_language_item.offsetWidth + 16;\n            trp_shortcode_language_item.style.width                                  = trp_ls_shortcode_width + 'px';\n            trp_el.querySelector( '.trp-ls-shortcode-current-language' ).style.width = trp_ls_shortcode_width + 'px';\n\n            \/\/ We're putting this on display: none after we have its width.\n            trp_shortcode_language_item.style.display = 'none';\n        }\n    <\/script>\n<\/div>\n<\/div>                <\/div>\n                                \n                            <\/div>\n            \n            <!-- Column 2: INFO -->\n            <div class=\"flgb-ft-footer-col\">\n                                <div class=\"flgb-ft-footer-header\">INFO<\/div>\n                                <div class=\"flgb-ft-footer-links\">\n                    <a href=\"https:\/\/sonicleanx.com\/cz\/terms-and-conditions\/\">Obchodn\u00ed podm\u00ednky<\/a>\n                    <a href=\"https:\/\/sonicleanx.com\/cz\/privacy-policy\/\">Ochrana osobn\u00edch \u00fadaj\u016f<\/a>\n                    <a href=\"https:\/\/sonicleanx.com\/cz\/shipping-policy\/\">Z\u00e1sady dopravy<\/a>\n                    <a href=\"https:\/\/sonicleanx.com\/cz\/payment-policy\/\">Platebn\u00ed podm\u00ednky<\/a>\n                    <a href=\"https:\/\/sonicleanx.com\/cz\/about-us\/\">O n\u00e1s<\/a>\n                    <a href=\"https:\/\/sonicleanx.com\/cz\/disclaimer\/\">Vylou\u010den\u00ed odpov\u011bdnosti<\/a>\n                <\/div>\n            <\/div>\n            \n        <\/div>\n        \n        <!-- Right Half -->\n        <div class=\"flgb-ft-footer-half\">\n            \n            <!-- Column 3: ORDER -->\n            <div class=\"flgb-ft-footer-col\">\n                                <div class=\"flgb-ft-footer-header\">OBJEDN\u00c1VKA<\/div>\n                                <div class=\"flgb-ft-footer-links\">\n                    <a href=\"https:\/\/sonicleanx.com\/cz\/order-tracking\/\">Sledov\u00e1n\u00ed z\u00e1silky<\/a>\n                    <a href=\"https:\/\/sonicleanx.com\/cz\/refund-and-return-policy\/\">Z\u00e1sady vr\u00e1cen\u00ed zbo\u017e\u00ed<\/a>\n                    <a href=\"https:\/\/sonicleanx.com\/cz\/faq\/\">FAQ<\/a>\n                    <a href=\"https:\/\/sonicleanx.com\/cz\/contact\/\">Kontakt<\/a>\n                <\/div>\n            <\/div>\n            \n            <!-- Column 4: CUSTOMER SUPPORT -->\n            <div class=\"flgb-ft-footer-col\">\n                                <div class=\"flgb-ft-footer-header\">Z\u00c1KAZNICK\u00c1 PODPORA<\/div>\n                                <div class=\"flgb-ft-footer-links\">\n                    <div>Jsme k dispozici ka\u017ed\u00fd pracovn\u00ed den od 08:00 do 16:00.<\/div>\n                    <div class=\"flgb-ft-footer-contact-item\">\n                        <span class=\"dashicons dashicons-email\" style=\"font-size: 20px;\"><\/span>\n                        <span>info@sonicleanx.com<\/span>\n                    <\/div>\n                    <div class=\"flgb-ft-footer-contact-item\">\n                        <span class=\"dashicons dashicons-phone\" style=\"font-size: 20px;\"><\/span>\n                        <span>+421952290922<\/span>\n                    <\/div>\n                                    <\/div>\n            <\/div>\n            \n        <\/div>\n        \n    <\/div>\n<\/div>\n\n<!-- Credits Bar -->\n<div class=\"flgb-ft-credits-bar\">\n    <div class=\"flgb-ft-credits-bar-inner\">\n        <span>\u00a92026 SonicleanX. V\u0161echna pr\u00e1va vyhrazena<\/span>\n            <\/div>\n<\/div>","protected":false},"excerpt":{"rendered":"","protected":false},"author":1,"featured_media":0,"parent":0,"menu_order":0,"comment_status":"closed","ping_status":"closed","template":"","meta":{"footnotes":""},"class_list":["post-4553","page","type-page","status-publish","hentry"],"_links":{"self":[{"href":"https:\/\/sonicleanx.com\/cz\/wp-json\/wp\/v2\/pages\/4553","targetHints":{"allow":["GET"]}}],"collection":[{"href":"https:\/\/sonicleanx.com\/cz\/wp-json\/wp\/v2\/pages"}],"about":[{"href":"https:\/\/sonicleanx.com\/cz\/wp-json\/wp\/v2\/types\/page"}],"author":[{"embeddable":true,"href":"https:\/\/sonicleanx.com\/cz\/wp-json\/wp\/v2\/users\/1"}],"replies":[{"embeddable":true,"href":"https:\/\/sonicleanx.com\/cz\/wp-json\/wp\/v2\/comments?post=4553"}],"version-history":[{"count":1,"href":"https:\/\/sonicleanx.com\/cz\/wp-json\/wp\/v2\/pages\/4553\/revisions"}],"predecessor-version":[{"id":4580,"href":"https:\/\/sonicleanx.com\/cz\/wp-json\/wp\/v2\/pages\/4553\/revisions\/4580"}],"wp:attachment":[{"href":"https:\/\/sonicleanx.com\/cz\/wp-json\/wp\/v2\/media?parent=4553"}],"curies":[{"name":"wp","href":"https:\/\/api.w.org\/{rel}","templated":true}]}}