{"id":4554,"date":"2026-02-10T09:51:54","date_gmt":"2026-02-10T08:51:54","guid":{"rendered":"https:\/\/sonicleanx.com\/shipping-policy\/"},"modified":"2026-02-10T10:00:19","modified_gmt":"2026-02-10T09:00:19","slug":"shipping-policy","status":"publish","type":"page","link":"https:\/\/sonicleanx.com\/cz\/shipping-policy\/","title":{"rendered":"Z\u00e1sady dopravy"},"content":{"rendered":"<style>\n.flgb-ft-header {\n    background-color: #ffffff;\n    width: 100%;\n    padding: 10px var(--flgb-content-padding);\n    box-sizing: border-box;\n}\n.flgb-ft-header * {\n    box-sizing: border-box;\n}\n.flgb-ft-header-inner {\n    display: flex;\n    flex-direction: row;\n    align-items: center;\n    justify-content: space-between;\n    width: 100%;\n    max-width: 1120px;\n    margin: 0 auto;\n}\n.flgb-ft-header-logo img {\n    height: 14px;\n    width: auto;\n    display: block;\n}\n.flgb-ft-header-cta {\n    display: inline-block;\n    padding: 10px 25px;\n    font-size: 16px;\n    font-weight: 700;\n    line-height: 1;\n    text-decoration: none;\n    border-radius: 5px;\n    border: 2px solid #000000;\n    color: #000000;\n    background-color: #ffffff;\n    transition: all 0.2s ease;\n}\n.flgb-ft-header-cta:hover {\n    color: #ffffff;\n    background-color: #000000;\n    border-color: #000000;\n    text-decoration: none;\n}\n@media (max-width: 479px) {\n    .flgb-ft-header-cta {\n        font-size: 12px;\n        padding: 10px var(--flgb-content-padding);\n    }\n}\n<\/style>\n<div class=\"flgb-ft-header\">\n    <div class=\"flgb-ft-header-inner\">\n        <div class=\"flgb-ft-header-logo\">\n                        <a href=\"https:\/\/sonicleanx.com\/cz\/\">\n                <img decoding=\"async\" src=\"https:\/\/sonicleanx.com\/wp-content\/uploads\/2024\/10\/snclx-logo-black.webp\" alt=\"SonicleanX\" \/>\n            <\/a>\n                    <\/div>\n                <a href=\"https:\/\/sonicleanx.com\/cz\/select-qty\" class=\"flgb-ft-header-cta\">Objednat nyn\u00ed!<\/a>\n            <\/div>\n<\/div>\n<style>\n.flgb-ft-page-section {\n    background-color: #eff1f6;\n    padding: 50px var(--flgb-content-padding);\n    width: 100%;\n    box-sizing: border-box;\n}\n.flgb-ft-page-section * {\n    box-sizing: border-box;\n}\n.flgb-ft-page-container {\n    background-color: #ffffff;\n    padding: 40px;\n    max-width: 900px;\n    width: 100%;\n    margin: 0 auto;\n    box-shadow: 0 0 10px 0 #d6d6d6;\n}\n@media (max-width: 991px) {\n    .flgb-ft-page-section {\n        padding: 40px var(--flgb-content-padding);\n    }\n}\n@media (max-width: 767px) {\n    .flgb-ft-page-section {\n        padding: 40px var(--flgb-content-padding);\n    }\n    .flgb-ft-page-container {\n        padding: 30px;\n    }\n}\n@media (max-width: 479px) {\n    .flgb-ft-page-section {\n        padding: 25px 0;\n    }\n    .flgb-ft-page-container {\n        padding: 25px 10px 25px 10px;\n    }\n}\n<\/style>\n<div class=\"flgb-ft-page-section\">\n    <div class=\"flgb-ft-page-container\">\n        <h2 style=\"text-align: center;\">Dodac\u00ed podm\u00ednky<\/h2>\n\n<p>Usilujeme o co nejrychlej\u0161\u00ed a nejefektivn\u011bj\u0161\u00ed doru\u010den\u00ed va\u0161\u00ed objedn\u00e1vky. Ve\u0161ker\u00e9 zbo\u017e\u00ed odes\u00edl\u00e1me ze skladu v Evropsk\u00e9 unii a c\u00edlem je expedovat ka\u017edou objedn\u00e1vku do jednoho pracovn\u00edho dne.<\/p>\n\n<h4>Kam doru\u010dujeme<\/h4>\n<p>Aktu\u00e1ln\u011b doru\u010dujeme do n\u00e1sleduj\u00edc\u00edch zem\u00ed Evropsk\u00e9 unie:<\/p>\n\n<table class=\"fgp-shipping-table\"><thead><tr><th>Zem\u011b<\/th><th>P\u0159edpokl\u00e1dan\u00e1 doba doru\u010den\u00ed<\/th><th>Zp\u016fsob dopravy<\/th><\/tr><\/thead><tbody><tr><td data-no-translation=\"\" data-trp-gettext=\"\">\u010cesk\u00e1 republika<\/td><td>2 pracovn\u00ed dny<\/td><td>Packeta<\/td><\/tr><tr><td data-no-translation=\"\" data-trp-gettext=\"\">Slovensk\u00e1 republika<\/td><td>2 pracovn\u00ed dny<\/td><td>Packeta<\/td><\/tr><\/tbody><\/table>\n\n<p><strong>Upozorn\u011bn\u00ed:<\/strong> Objedn\u00e1vky zpracov\u00e1v\u00e1me obvykle do 1\u20132 pracovn\u00edch dn\u016f. V obdob\u00ed zv\u00fd\u0161en\u00e9 popt\u00e1vky, jako je Black Friday nebo V\u00e1noce, m\u016f\u017ee doj\u00edt k prodlou\u017een\u00ed dodac\u00ed lh\u016fty.<\/p>\n\n<h4>Doba dod\u00e1n\u00ed a expedice<\/h4>\n<ul>\n    <li>Objedn\u00e1vky odes\u00edl\u00e1me p\u0159\u00edmo z na\u0161eho skladu v EU.<\/li>\n    <li>Objedn\u00e1vky vytvo\u0159en\u00e9 ve v\u0161edn\u00ed den do 7:00 (m\u00edstn\u00edho \u010dasu) odes\u00edl\u00e1me je\u0161t\u011b tent\u00fd\u017e den.<\/li>\n    <li>Objedn\u00e1vky p\u0159ijat\u00e9 po 7:00 odes\u00edl\u00e1me n\u00e1sleduj\u00edc\u00ed pracovn\u00ed den.<\/li>\n    <li>O v\u00edkendech a st\u00e1tn\u00edch sv\u00e1tc\u00edch z\u00e1silky neexpedujeme.<\/li>\n<\/ul>\n\n<h4>Po\u0161tovn\u00e9<\/h4>\n<ul>\n    <li>Poplatky za doru\u010den\u00ed se vypo\u010d\u00edt\u00e1vaj\u00ed p\u0159i pokladn\u011b podle va\u0161\u00ed doru\u010dovac\u00ed adresy.<\/li>\n    <li>Nab\u00edz\u00edme jednotn\u00e9 sazby standardn\u00edho doru\u010den\u00ed do v\u0161ech podporovan\u00fdch zem\u00ed.<\/li>\n    <li>Ne\u00fa\u010dtujeme \u017e\u00e1dn\u00e9 skryt\u00e9 poplatky \u2013 \u010d\u00e1stka zobrazen\u00e1 p\u0159i pokladn\u011b je kone\u010dn\u00e1.<\/li>\n<\/ul>\n\n<h4>Potvrzen\u00ed objedn\u00e1vky a sledov\u00e1n\u00ed z\u00e1silky<\/h4>\n<ul>\n    <li>Po \u00fasp\u011b\u0161n\u00e9m odesl\u00e1n\u00ed objedn\u00e1vky obdr\u017e\u00edte potvrzovac\u00ed e-mail.<\/li>\n    <li>Jakmile bude z\u00e1silka odesl\u00e1na, obdr\u017e\u00edte e-mail s odkazem pro sledov\u00e1n\u00ed z\u00e1silky.<\/li>\n<\/ul>\n\n<h4>Zm\u011bny a zru\u0161en\u00ed objedn\u00e1vky<\/h4>\n<ul>\n    <li>Objedn\u00e1vku m\u016f\u017eete zm\u011bnit nebo zru\u0161it kdykoli p\u0159ed jej\u00edm odesl\u00e1n\u00edm.<\/li>\n    <li>Pro \u00fapravy n\u00e1s co nejd\u0159\u00edve kontaktujte pomoc\u00ed kontaktn\u00edho formul\u00e1\u0159e.<\/li>\n    <li>Objedn\u00e1vky, kter\u00e9 ji\u017e byly odesl\u00e1ny, nelze m\u011bnit ani ru\u0161it.<\/li>\n<\/ul>\n\n<h4>Podpora pro dopravu<\/h4>\n<p>M\u00e1te-li jak\u00e9koli dotazy ohledn\u011b dopravy nebo doru\u010den\u00ed va\u0161\u00ed objedn\u00e1vky:<\/p>\n<p style=\"display: flex; align-items: center; gap: 10px; margin: 0 0 8px 0;\">\n    <svg xmlns=\"http:\/\/www.w3.org\/2000\/svg\" width=\"20\" height=\"20\" viewbox=\"0 0 24 24\" fill=\"none\" stroke=\"currentColor\" stroke-width=\"2\" stroke-linecap=\"round\" stroke-linejoin=\"round\"><rect x=\"2\" y=\"4\" width=\"20\" height=\"16\" rx=\"2\"\/><path d=\"m22 7-8.97 5.7a1.94 1.94 0 0 1-2.06 0L2 7\"\/><\/svg>\n    <strong>E-mail:<\/strong> <a href=\"mailto:info@sonicleanx.com\">info@sonicleanx.com<\/a>\n<\/p>\n<p style=\"display: flex; align-items: center; gap: 10px; margin: 0;\">\n    <svg xmlns=\"http:\/\/www.w3.org\/2000\/svg\" width=\"20\" height=\"20\" viewbox=\"0 0 24 24\" fill=\"none\" stroke=\"currentColor\" stroke-width=\"2\" stroke-linecap=\"round\" stroke-linejoin=\"round\"><path d=\"M22 16.92v3a2 2 0 0 1-2.18 2 19.79 19.79 0 0 1-8.63-3.07 19.5 19.5 0 0 1-6-6 19.79 19.79 0 0 1-3.07-8.67A2 2 0 0 1 4.11 2h3a2 2 0 0 1 2 1.72c.127.96.361 1.903.7 2.81a2 2 0 0 1-.45 2.11L8.09 9.91a16 16 0 0 0 6 6l1.27-1.27a2 2 0 0 1 2.11-.45c.907.339 1.85.573 2.81.7A2 2 0 0 1 22 16.92z\"\/><\/svg>\n    <strong>Telefon:<\/strong> +421952290922\n<\/p>    <\/div>\n<\/div>\n<style>\n.flgb-ft-full-footer * {\n    box-sizing: border-box;\n}\n.flgb-ft-full-footer {\n    color: #dbdbdb;\n    font-family: inherit;\n    font-size: 14px;\n    line-height: 1.2;\n    width: 100%;\n    padding: 45px var(--flgb-content-padding);\n    background-color: #000000;\n}\n.flgb-ft-full-footer a {\n    color: #dbdbdb;\n    text-decoration: none;\n}\n.flgb-ft-full-footer a:hover {\n    text-decoration: underline;\n}\n.flgb-ft-footer-main-row {\n    display: flex;\n    flex-direction: row;\n    gap: 30px;\n    width: 100%;\n    max-width: 1120px;\n    margin: 0 auto;\n}\n.flgb-ft-footer-half {\n    display: flex;\n    flex-direction: row;\n    width: 50%;\n    gap: 30px;\n}\n.flgb-ft-footer-col {\n    width: 50%;\n    display: flex;\n    flex-direction: column;\n    gap: 15px;\n}\n.flgb-ft-footer-header {\n    font-weight: 600;\n    font-size: 16px;\n    color: #ffffff;\n}\n.flgb-ft-footer-links {\n    display: flex;\n    flex-direction: column;\n    gap: 12px;\n}\n.flgb-ft-footer-contact-item {\n    display: flex;\n    align-items: flex-start;\n    gap: 8px;\n}\n.flgb-ft-lang-switcher {\n    margin-top: 5px;\n}\n\n\/* Tablet *\/\n@media (max-width: 991px) {\n    .flgb-ft-full-footer {\n        padding: 40px var(--flgb-content-padding);\n    }\n    .flgb-ft-footer-main-row {\n        flex-direction: column;\n        gap: 20px;\n    }\n    .flgb-ft-footer-half {\n        width: 100%;\n    }\n}\n\n\/* Mobile *\/\n@media (max-width: 767px) {\n    .flgb-ft-footer-half {\n        flex-direction: column;\n        gap: 20px;\n    }\n    .flgb-ft-footer-col {\n        width: 100%;\n        text-align: center;\n        align-items: center;\n    }\n    .flgb-ft-footer-contact-item {\n        justify-content: center;\n    }\n    .flgb-ft-footer-links {\n        align-items: center;\n    }\n    .flgb-ft-lang-switcher {\n        display: flex;\n        justify-content: center;\n    }\n}\n\n\/* Small mobile *\/\n@media (max-width: 479px) {\n    .flgb-ft-full-footer {\n        padding: 24px var(--flgb-content-padding);\n    }\n    .flgb-ft-footer-links {\n        gap: 10px;\n    }\n}\n\n\/* Credits bar *\/\n.flgb-ft-credits-bar {\n    background-color: #ffffff;\n    width: 100%;\n    font-family: inherit;\n    font-size: 13px;\n    color: inherit;\n}\n.flgb-ft-credits-bar-inner {\n    display: flex;\n    flex-direction: row;\n    justify-content: space-between;\n    align-items: center;\n    width: 100%;\n    max-width: 1120px;\n    margin: 0 auto;\n    padding: 10px var(--flgb-content-padding);\n}\n.flgb-ft-credits-bar .flgb-ft-lang-switcher .trp-shortcode-switcher__wrapper,\n.flgb-ft-credits-bar .flgb-ft-lang-switcher .trp-language-switcher {\n    border: none !important;\n    padding: 0 !important;\n}\n@media (max-width: 767px) {\n    .flgb-ft-credits-bar-inner {\n        flex-direction: column;\n        text-align: center;\n        gap: 0;\n    }\n    .flgb-ft-credits-bar .flgb-ft-lang-switcher {\n        display: flex;\n        justify-content: center;\n    }\n}\n<\/style>\n\n<div class=\"flgb-ft-full-footer\" data-variant=\"home\">\n    <div class=\"flgb-ft-footer-main-row\">\n        \n        <!-- Left Half -->\n        <div class=\"flgb-ft-footer-half\">\n            \n            <!-- Column 1: Logo + Language Switcher + Shop -->\n            <div class=\"flgb-ft-footer-col\">\n                                <a href=\"https:\/\/sonicleanx.com\/cz\/\">\n                    <img decoding=\"async\" src=\"https:\/\/sonicleanx.com\/wp-content\/uploads\/2025\/04\/snclx-logo-w.webp\" \n                         alt=\"SonicleanX\" \n                         style=\"width: auto; height: 14px; display: block;\" \/>\n                <\/a>\n                                \n                                <div class=\"flgb-ft-lang-switcher\" style=\"width: 100%;\">\n                    <div class=\"trp_language_switcher_shortcode\">\n<div class=\"trp-language-switcher trp-language-switcher-container\" data-no-translation>\n    <div class=\"trp-ls-shortcode-current-language\">\n        <a href=\"#\" class=\"trp-ls-shortcode-disabled-language trp-ls-disabled-language\" title=\"Czech\" onclick=\"event.preventDefault()\">\n\t\t\t<img loading=\"lazy\" decoding=\"async\" class=\"trp-flag-image\" src=\"https:\/\/sonicleanx.com\/wp-content\/plugins\/translatepress-multilingual\/assets\/images\/flags\/cs_CZ.png\" width=\"18\" height=\"12\" alt=\"cs_CZ\" title=\"Czech\"> Czech\t\t<\/a>\n    <\/div>\n    <div class=\"trp-ls-shortcode-language\">\n                <a href=\"#\" class=\"trp-ls-shortcode-disabled-language trp-ls-disabled-language\"  title=\"Czech\" onclick=\"event.preventDefault()\">\n\t\t\t<img loading=\"lazy\" decoding=\"async\" class=\"trp-flag-image\" src=\"https:\/\/sonicleanx.com\/wp-content\/plugins\/translatepress-multilingual\/assets\/images\/flags\/cs_CZ.png\" width=\"18\" height=\"12\" alt=\"cs_CZ\" title=\"Czech\"> Czech\t\t<\/a>\n                    <a href=\"https:\/\/sonicleanx.com\/cz\/wp-json\/wp\/v2\/pages\/4554\" title=\"English\">\n            <img loading=\"lazy\" decoding=\"async\" class=\"trp-flag-image\" src=\"https:\/\/sonicleanx.com\/wp-content\/plugins\/translatepress-multilingual\/assets\/images\/flags\/en_US.png\" width=\"18\" height=\"12\" alt=\"en_US\" title=\"English\"> English        <\/a>\n\n            <a href=\"https:\/\/sonicleanx.com\/cz\/wp-json\/wp\/v2\/pages\/4554\" title=\"Slovak\">\n            <img loading=\"lazy\" decoding=\"async\" class=\"trp-flag-image\" src=\"https:\/\/sonicleanx.com\/wp-content\/plugins\/translatepress-multilingual\/assets\/images\/flags\/sk_SK.png\" width=\"18\" height=\"12\" alt=\"sk_SK\" title=\"Slovak\"> Slovak        <\/a>\n\n            <a href=\"https:\/\/sonicleanx.com\/cz\/wp-json\/wp\/v2\/pages\/4554\" title=\"Hungarian\">\n            <img loading=\"lazy\" decoding=\"async\" class=\"trp-flag-image\" src=\"https:\/\/sonicleanx.com\/wp-content\/plugins\/translatepress-multilingual\/assets\/images\/flags\/hu_HU.png\" width=\"18\" height=\"12\" alt=\"hu_HU\" title=\"Hungarian\"> Hungarian        <\/a>\n\n        <\/div>\n    <script type=\"application\/javascript\">\n        \/\/ need to have the same with set from JS on both divs. Otherwise it can push stuff around in HTML\n        var trp_ls_shortcodes = document.querySelectorAll('.trp_language_switcher_shortcode .trp-language-switcher');\n        if ( trp_ls_shortcodes.length > 0) {\n            \/\/ get the last language switcher added\n            var trp_el = trp_ls_shortcodes[trp_ls_shortcodes.length - 1];\n\n            var trp_shortcode_language_item = trp_el.querySelector( '.trp-ls-shortcode-language' )\n            \/\/ set width\n            var trp_ls_shortcode_width                                               = trp_shortcode_language_item.offsetWidth + 16;\n            trp_shortcode_language_item.style.width                                  = trp_ls_shortcode_width + 'px';\n            trp_el.querySelector( '.trp-ls-shortcode-current-language' ).style.width = trp_ls_shortcode_width + 'px';\n\n            \/\/ We're putting this on display: none after we have its width.\n            trp_shortcode_language_item.style.display = 'none';\n        }\n    <\/script>\n<\/div>\n<\/div>                <\/div>\n                                \n                            <\/div>\n            \n            <!-- Column 2: INFO -->\n            <div class=\"flgb-ft-footer-col\">\n                                <div class=\"flgb-ft-footer-header\">INFO<\/div>\n                                <div class=\"flgb-ft-footer-links\">\n                    <a href=\"https:\/\/sonicleanx.com\/cz\/terms-and-conditions\/\">Obchodn\u00ed podm\u00ednky<\/a>\n                    <a href=\"https:\/\/sonicleanx.com\/cz\/privacy-policy\/\">Ochrana osobn\u00edch \u00fadaj\u016f<\/a>\n                    <a href=\"https:\/\/sonicleanx.com\/cz\/shipping-policy\/\">Z\u00e1sady dopravy<\/a>\n                    <a href=\"https:\/\/sonicleanx.com\/cz\/payment-policy\/\">Platebn\u00ed podm\u00ednky<\/a>\n                    <a href=\"https:\/\/sonicleanx.com\/cz\/about-us\/\">O n\u00e1s<\/a>\n                    <a href=\"https:\/\/sonicleanx.com\/cz\/disclaimer\/\">Vylou\u010den\u00ed odpov\u011bdnosti<\/a>\n                <\/div>\n            <\/div>\n            \n        <\/div>\n        \n        <!-- Right Half -->\n        <div class=\"flgb-ft-footer-half\">\n            \n            <!-- Column 3: ORDER -->\n            <div class=\"flgb-ft-footer-col\">\n                                <div class=\"flgb-ft-footer-header\">OBJEDN\u00c1VKA<\/div>\n                                <div class=\"flgb-ft-footer-links\">\n                    <a href=\"https:\/\/sonicleanx.com\/cz\/order-tracking\/\">Sledov\u00e1n\u00ed z\u00e1silky<\/a>\n                    <a href=\"https:\/\/sonicleanx.com\/cz\/refund-and-return-policy\/\">Z\u00e1sady vr\u00e1cen\u00ed zbo\u017e\u00ed<\/a>\n                    <a href=\"https:\/\/sonicleanx.com\/cz\/faq\/\">FAQ<\/a>\n                    <a href=\"https:\/\/sonicleanx.com\/cz\/contact\/\">Kontakt<\/a>\n                <\/div>\n            <\/div>\n            \n            <!-- Column 4: CUSTOMER SUPPORT -->\n            <div class=\"flgb-ft-footer-col\">\n                                <div class=\"flgb-ft-footer-header\">Z\u00c1KAZNICK\u00c1 PODPORA<\/div>\n                                <div class=\"flgb-ft-footer-links\">\n                    <div>Jsme k dispozici ka\u017ed\u00fd pracovn\u00ed den od 08:00 do 16:00.<\/div>\n                    <div class=\"flgb-ft-footer-contact-item\">\n                        <span class=\"dashicons dashicons-email\" style=\"font-size: 20px;\"><\/span>\n                        <span>info@sonicleanx.com<\/span>\n                    <\/div>\n                    <div class=\"flgb-ft-footer-contact-item\">\n                        <span class=\"dashicons dashicons-phone\" style=\"font-size: 20px;\"><\/span>\n                        <span>+421952290922<\/span>\n                    <\/div>\n                                    <\/div>\n            <\/div>\n            \n        <\/div>\n        \n    <\/div>\n<\/div>\n\n<!-- Credits Bar -->\n<div class=\"flgb-ft-credits-bar\">\n    <div class=\"flgb-ft-credits-bar-inner\">\n        <span>\u00a92026 SonicleanX. V\u0161echna pr\u00e1va vyhrazena<\/span>\n            <\/div>\n<\/div>","protected":false},"excerpt":{"rendered":"","protected":false},"author":1,"featured_media":0,"parent":0,"menu_order":0,"comment_status":"closed","ping_status":"closed","template":"","meta":{"footnotes":""},"class_list":["post-4554","page","type-page","status-publish","hentry"],"_links":{"self":[{"href":"https:\/\/sonicleanx.com\/cz\/wp-json\/wp\/v2\/pages\/4554","targetHints":{"allow":["GET"]}}],"collection":[{"href":"https:\/\/sonicleanx.com\/cz\/wp-json\/wp\/v2\/pages"}],"about":[{"href":"https:\/\/sonicleanx.com\/cz\/wp-json\/wp\/v2\/types\/page"}],"author":[{"embeddable":true,"href":"https:\/\/sonicleanx.com\/cz\/wp-json\/wp\/v2\/users\/1"}],"replies":[{"embeddable":true,"href":"https:\/\/sonicleanx.com\/cz\/wp-json\/wp\/v2\/comments?post=4554"}],"version-history":[{"count":1,"href":"https:\/\/sonicleanx.com\/cz\/wp-json\/wp\/v2\/pages\/4554\/revisions"}],"predecessor-version":[{"id":4572,"href":"https:\/\/sonicleanx.com\/cz\/wp-json\/wp\/v2\/pages\/4554\/revisions\/4572"}],"wp:attachment":[{"href":"https:\/\/sonicleanx.com\/cz\/wp-json\/wp\/v2\/media?parent=4554"}],"curies":[{"name":"wp","href":"https:\/\/api.w.org\/{rel}","templated":true}]}}