{"id":4555,"date":"2026-02-10T09:51:54","date_gmt":"2026-02-10T08:51:54","guid":{"rendered":"https:\/\/sonicleanx.com\/payment-policy\/"},"modified":"2026-02-10T10:00:25","modified_gmt":"2026-02-10T09:00:25","slug":"payment-policy","status":"publish","type":"page","link":"https:\/\/sonicleanx.com\/cz\/payment-policy\/","title":{"rendered":"Platebn\u00ed podm\u00ednky"},"content":{"rendered":"<style>\n.flgb-ft-header {\n    background-color: #ffffff;\n    width: 100%;\n    padding: 10px var(--flgb-content-padding);\n    box-sizing: border-box;\n}\n.flgb-ft-header * {\n    box-sizing: border-box;\n}\n.flgb-ft-header-inner {\n    display: flex;\n    flex-direction: row;\n    align-items: center;\n    justify-content: space-between;\n    width: 100%;\n    max-width: 1120px;\n    margin: 0 auto;\n}\n.flgb-ft-header-logo img {\n    height: 14px;\n    width: auto;\n    display: block;\n}\n.flgb-ft-header-cta {\n    display: inline-block;\n    padding: 10px 25px;\n    font-size: 16px;\n    font-weight: 700;\n    line-height: 1;\n    text-decoration: none;\n    border-radius: 5px;\n    border: 2px solid #000000;\n    color: #000000;\n    background-color: #ffffff;\n    transition: all 0.2s ease;\n}\n.flgb-ft-header-cta:hover {\n    color: #ffffff;\n    background-color: #000000;\n    border-color: #000000;\n    text-decoration: none;\n}\n@media (max-width: 479px) {\n    .flgb-ft-header-cta {\n        font-size: 12px;\n        padding: 10px var(--flgb-content-padding);\n    }\n}\n<\/style>\n<div class=\"flgb-ft-header\">\n    <div class=\"flgb-ft-header-inner\">\n        <div class=\"flgb-ft-header-logo\">\n                        <a href=\"https:\/\/sonicleanx.com\/cz\/\">\n                <img decoding=\"async\" src=\"https:\/\/sonicleanx.com\/wp-content\/uploads\/2024\/10\/snclx-logo-black.webp\" alt=\"SonicleanX\" \/>\n            <\/a>\n                    <\/div>\n                <a href=\"https:\/\/sonicleanx.com\/cz\/select-qty\" class=\"flgb-ft-header-cta\">Objednat nyn\u00ed!<\/a>\n            <\/div>\n<\/div>\n<style>\n.flgb-ft-page-section {\n    background-color: #eff1f6;\n    padding: 50px var(--flgb-content-padding);\n    width: 100%;\n    box-sizing: border-box;\n}\n.flgb-ft-page-section * {\n    box-sizing: border-box;\n}\n.flgb-ft-page-container {\n    background-color: #ffffff;\n    padding: 40px;\n    max-width: 900px;\n    width: 100%;\n    margin: 0 auto;\n    box-shadow: 0 0 10px 0 #d6d6d6;\n}\n@media (max-width: 991px) {\n    .flgb-ft-page-section {\n        padding: 40px var(--flgb-content-padding);\n    }\n}\n@media (max-width: 767px) {\n    .flgb-ft-page-section {\n        padding: 40px var(--flgb-content-padding);\n    }\n    .flgb-ft-page-container {\n        padding: 30px;\n    }\n}\n@media (max-width: 479px) {\n    .flgb-ft-page-section {\n        padding: 25px 0;\n    }\n    .flgb-ft-page-container {\n        padding: 25px 10px 25px 10px;\n    }\n}\n<\/style>\n<div class=\"flgb-ft-page-section\">\n    <div class=\"flgb-ft-page-container\">\n        <h2 style=\"text-align: center;\">Platebn\u00ed podm\u00ednky<\/h2>\n\n<h4>Bezpe\u010dn\u00e9 platby<\/h4>\n<p>Na\u0161e webov\u00e1 str\u00e1nka je chr\u00e1n\u011bna 256bitov\u00fdm SSL \u0161ifrov\u00e1n\u00edm, kter\u00e9 zaji\u0161\u0165uje, \u017ee ve\u0161ker\u00e1 p\u0159en\u00e1\u0161en\u00e1 data z\u016fstanou d\u016fv\u011brn\u00e1 a zabezpe\u010den\u00e1. Va\u0161e osobn\u00ed i platebn\u00ed \u00fadaje jsou po celou dobu n\u00e1kupu v bezpe\u010d\u00ed.<\/p>\n\n<p>P\u0159ij\u00edm\u00e1me n\u00e1sleduj\u00edc\u00ed platebn\u00ed metody:<\/p>\n<ul>\n    <li>V\u0161echny hlavn\u00ed kreditn\u00ed a debetn\u00ed karty<\/li>\n    <li>PayPal<\/li>\n    <li>M\u00edstn\u00ed platebn\u00ed mo\u017enosti podle va\u0161\u00ed polohy<\/li>\n    <li>(Pokud je dostupn\u00e9) Dob\u00edrka v n\u011bkter\u00fdch zem\u00edch \u2013 dostupnost v\u00e1m bude zobrazena p\u0159i dokon\u010dov\u00e1n\u00ed objedn\u00e1vky<\/li>\n<\/ul>\n\n<p>Platby kartou jsou bezpe\u010dn\u011b zpracov\u00e1v\u00e1ny prost\u0159ednictv\u00edm platebn\u00ed br\u00e1ny Stripe s vyu\u017eit\u00edm \u0161ifrovan\u00e9ho p\u0159ipojen\u00ed pro ochranu va\u0161ich citliv\u00fdch \u00fadaj\u016f.<\/p>\n\n<p>\u00dadaje o platebn\u00ed kart\u011b na na\u0161ich serverech neukl\u00e1d\u00e1me. Va\u0161e platebn\u00ed informace slou\u017e\u00ed v\u00fdhradn\u011b k dokon\u010den\u00ed aktu\u00e1ln\u00ed transakce. P\u0159i ka\u017ed\u00e9 nov\u00e9 objedn\u00e1vce je pot\u0159eba zadat \u00fadaje znovu.<\/p>\n\n<p>Va\u0161e kontaktn\u00ed \u00fadaje a doru\u010dovac\u00ed adresu uchov\u00e1v\u00e1me pouze za \u00fa\u010delem spr\u00e1vn\u00e9ho a v\u010dasn\u00e9ho doru\u010den\u00ed objedn\u00e1vky.<\/p>\n\n<h4>P\u0159ijet\u00ed objedn\u00e1vky a omezen\u00ed<\/h4>\n<p>Vyhrazujeme si pr\u00e1vo odm\u00edtnout nebo zru\u0161it jakoukoli objedn\u00e1vku podle vlastn\u00edho uv\u00e1\u017een\u00ed. To se m\u016f\u017ee t\u00fdkat nap\u0159\u00edklad:<\/p>\n<ul>\n    <li>Objedn\u00e1vek vytvo\u0159en\u00fdch ze stejn\u00e9ho z\u00e1kaznick\u00e9ho \u00fa\u010dtu<\/li>\n    <li>Objedn\u00e1vek zaplacen\u00fdch stejnou kartou<\/li>\n    <li>Objedn\u00e1vek se stejnou doru\u010dovac\u00ed adresou<\/li>\n    <li>Objedn\u00e1vek, kter\u00e9 se jev\u00ed jako n\u00e1kupy za \u00fa\u010delem dal\u0161\u00edho prodeje<\/li>\n<\/ul>\n\n<p>V p\u0159\u00edpad\u011b jak\u00fdchkoliv zm\u011bn \u010di zru\u0161en\u00ed objedn\u00e1vky v\u00e1s budeme informovat prost\u0159ednictv\u00edm kontaktn\u00edch \u00fadaj\u016f, kter\u00e9 jste uvedli p\u0159i n\u00e1kupu.<\/p>\n\n<p>Souhlas\u00edte s t\u00edm, \u017ee poskytnete aktu\u00e1ln\u00ed, \u00fapln\u00e9 a pravdiv\u00e9 faktura\u010dn\u00ed \u00fadaje. To zahrnuje i v\u010dasnou aktualizaci platebn\u00edch \u00fadaj\u016f, doru\u010dovac\u00ed adresy a e-mailu, aby bylo mo\u017en\u00e9 objedn\u00e1vku zpracovat a v p\u0159\u00edpad\u011b pot\u0159eby v\u00e1s kontaktovat.<\/p>\n\n<h4>Ceny, dan\u011b a dovozn\u00ed poplatky<\/h4>\n<p>V\u0161echny ceny produkt\u016f uveden\u00e9 na na\u0161em webu:<\/p>\n<ul>\n    <li>Jsou v\u010detn\u011b p\u0159\u00edslu\u0161n\u00fdch dan\u00ed a mezin\u00e1rodn\u00edho po\u0161tovn\u00e9ho<\/li>\n    <li>Se mohou m\u00edrn\u011b li\u0161it v z\u00e1vislosti na da\u0148ov\u00fdch pravidlech va\u0161\u00ed zem\u011b (nap\u0159. DPH)<\/li>\n<\/ul>\n\n<p>Upozorn\u011bn\u00ed:<\/p>\n<p>Ne\u00fa\u010dtujeme \u017e\u00e1dn\u00e9 poplatky za p\u0159evod m\u011bny. Va\u0161e banka nebo poskytovatel plateb m\u016f\u017ee \u00fa\u010dtovat dal\u0161\u00ed poplatky za sm\u011bnu m\u011bny nebo zahrani\u010dn\u00ed platby. Pro v\u00edce informac\u00ed kontaktujte svou banku.<\/p>\n\n<h4>Zm\u011bny cen a dostupnost produkt\u016f<\/h4>\n<p>Vyhrazujeme si pr\u00e1vo:<\/p>\n<ul>\n    <li>Kdykoliv zm\u011bnit ceny produkt\u016f bez p\u0159edchoz\u00edho upozorn\u011bn\u00ed<\/li>\n    <li>Nab\u00edzet slevy nebo ak\u010dn\u00ed ceny<\/li>\n    <li>Ukon\u010dit nebo pozastavit prodej jak\u00e9hokoli produktu dle vlastn\u00edho uv\u00e1\u017een\u00ed<\/li>\n<\/ul>\n\n<p>Neodpov\u00edd\u00e1me v\u00e1m ani t\u0159et\u00ed stran\u011b za zm\u011bny cen, dostupnosti nebo p\u0159eru\u0161en\u00ed prodeje.<\/p>    <\/div>\n<\/div>\n<style>\n.flgb-ft-full-footer * {\n    box-sizing: border-box;\n}\n.flgb-ft-full-footer {\n    color: #dbdbdb;\n    font-family: inherit;\n    font-size: 14px;\n    line-height: 1.2;\n    width: 100%;\n    padding: 45px var(--flgb-content-padding);\n    background-color: #000000;\n}\n.flgb-ft-full-footer a {\n    color: #dbdbdb;\n    text-decoration: none;\n}\n.flgb-ft-full-footer a:hover {\n    text-decoration: underline;\n}\n.flgb-ft-footer-main-row {\n    display: flex;\n    flex-direction: row;\n    gap: 30px;\n    width: 100%;\n    max-width: 1120px;\n    margin: 0 auto;\n}\n.flgb-ft-footer-half {\n    display: flex;\n    flex-direction: row;\n    width: 50%;\n    gap: 30px;\n}\n.flgb-ft-footer-col {\n    width: 50%;\n    display: flex;\n    flex-direction: column;\n    gap: 15px;\n}\n.flgb-ft-footer-header {\n    font-weight: 600;\n    font-size: 16px;\n    color: #ffffff;\n}\n.flgb-ft-footer-links {\n    display: flex;\n    flex-direction: column;\n    gap: 12px;\n}\n.flgb-ft-footer-contact-item {\n    display: flex;\n    align-items: flex-start;\n    gap: 8px;\n}\n.flgb-ft-lang-switcher {\n    margin-top: 5px;\n}\n\n\/* Tablet *\/\n@media (max-width: 991px) {\n    .flgb-ft-full-footer {\n        padding: 40px var(--flgb-content-padding);\n    }\n    .flgb-ft-footer-main-row {\n        flex-direction: column;\n        gap: 20px;\n    }\n    .flgb-ft-footer-half {\n        width: 100%;\n    }\n}\n\n\/* Mobile *\/\n@media (max-width: 767px) {\n    .flgb-ft-footer-half {\n        flex-direction: column;\n        gap: 20px;\n    }\n    .flgb-ft-footer-col {\n        width: 100%;\n        text-align: center;\n        align-items: center;\n    }\n    .flgb-ft-footer-contact-item {\n        justify-content: center;\n    }\n    .flgb-ft-footer-links {\n        align-items: center;\n    }\n    .flgb-ft-lang-switcher {\n        display: flex;\n        justify-content: center;\n    }\n}\n\n\/* Small mobile *\/\n@media (max-width: 479px) {\n    .flgb-ft-full-footer {\n        padding: 24px var(--flgb-content-padding);\n    }\n    .flgb-ft-footer-links {\n        gap: 10px;\n    }\n}\n\n\/* Credits bar *\/\n.flgb-ft-credits-bar {\n    background-color: #ffffff;\n    width: 100%;\n    font-family: inherit;\n    font-size: 13px;\n    color: inherit;\n}\n.flgb-ft-credits-bar-inner {\n    display: flex;\n    flex-direction: row;\n    justify-content: space-between;\n    align-items: center;\n    width: 100%;\n    max-width: 1120px;\n    margin: 0 auto;\n    padding: 10px var(--flgb-content-padding);\n}\n.flgb-ft-credits-bar .flgb-ft-lang-switcher .trp-shortcode-switcher__wrapper,\n.flgb-ft-credits-bar .flgb-ft-lang-switcher .trp-language-switcher {\n    border: none !important;\n    padding: 0 !important;\n}\n@media (max-width: 767px) {\n    .flgb-ft-credits-bar-inner {\n        flex-direction: column;\n        text-align: center;\n        gap: 0;\n    }\n    .flgb-ft-credits-bar .flgb-ft-lang-switcher {\n        display: flex;\n        justify-content: center;\n    }\n}\n<\/style>\n\n<div class=\"flgb-ft-full-footer\" data-variant=\"home\">\n    <div class=\"flgb-ft-footer-main-row\">\n        \n        <!-- Left Half -->\n        <div class=\"flgb-ft-footer-half\">\n            \n            <!-- Column 1: Logo + Language Switcher + Shop -->\n            <div class=\"flgb-ft-footer-col\">\n                                <a href=\"https:\/\/sonicleanx.com\/cz\/\">\n                    <img decoding=\"async\" src=\"https:\/\/sonicleanx.com\/wp-content\/uploads\/2025\/04\/snclx-logo-w.webp\" \n                         alt=\"SonicleanX\" \n                         style=\"width: auto; height: 14px; display: block;\" \/>\n                <\/a>\n                                \n                                <div class=\"flgb-ft-lang-switcher\" style=\"width: 100%;\">\n                    <div class=\"trp_language_switcher_shortcode\">\n<div class=\"trp-language-switcher trp-language-switcher-container\" data-no-translation>\n    <div class=\"trp-ls-shortcode-current-language\">\n        <a href=\"#\" class=\"trp-ls-shortcode-disabled-language trp-ls-disabled-language\" title=\"Czech\" onclick=\"event.preventDefault()\">\n\t\t\t<img loading=\"lazy\" decoding=\"async\" class=\"trp-flag-image\" src=\"https:\/\/sonicleanx.com\/wp-content\/plugins\/translatepress-multilingual\/assets\/images\/flags\/cs_CZ.png\" width=\"18\" height=\"12\" alt=\"cs_CZ\" title=\"Czech\"> Czech\t\t<\/a>\n    <\/div>\n    <div class=\"trp-ls-shortcode-language\">\n                <a href=\"#\" class=\"trp-ls-shortcode-disabled-language trp-ls-disabled-language\"  title=\"Czech\" onclick=\"event.preventDefault()\">\n\t\t\t<img loading=\"lazy\" decoding=\"async\" class=\"trp-flag-image\" src=\"https:\/\/sonicleanx.com\/wp-content\/plugins\/translatepress-multilingual\/assets\/images\/flags\/cs_CZ.png\" width=\"18\" height=\"12\" alt=\"cs_CZ\" title=\"Czech\"> Czech\t\t<\/a>\n                    <a href=\"https:\/\/sonicleanx.com\/cz\/wp-json\/wp\/v2\/pages\/4555\" title=\"English\">\n            <img loading=\"lazy\" decoding=\"async\" class=\"trp-flag-image\" src=\"https:\/\/sonicleanx.com\/wp-content\/plugins\/translatepress-multilingual\/assets\/images\/flags\/en_US.png\" width=\"18\" height=\"12\" alt=\"en_US\" title=\"English\"> English        <\/a>\n\n            <a href=\"https:\/\/sonicleanx.com\/cz\/wp-json\/wp\/v2\/pages\/4555\" title=\"Slovak\">\n            <img loading=\"lazy\" decoding=\"async\" class=\"trp-flag-image\" src=\"https:\/\/sonicleanx.com\/wp-content\/plugins\/translatepress-multilingual\/assets\/images\/flags\/sk_SK.png\" width=\"18\" height=\"12\" alt=\"sk_SK\" title=\"Slovak\"> Slovak        <\/a>\n\n            <a href=\"https:\/\/sonicleanx.com\/cz\/wp-json\/wp\/v2\/pages\/4555\" title=\"Hungarian\">\n            <img loading=\"lazy\" decoding=\"async\" class=\"trp-flag-image\" src=\"https:\/\/sonicleanx.com\/wp-content\/plugins\/translatepress-multilingual\/assets\/images\/flags\/hu_HU.png\" width=\"18\" height=\"12\" alt=\"hu_HU\" title=\"Hungarian\"> Hungarian        <\/a>\n\n        <\/div>\n    <script type=\"application\/javascript\">\n        \/\/ need to have the same with set from JS on both divs. Otherwise it can push stuff around in HTML\n        var trp_ls_shortcodes = document.querySelectorAll('.trp_language_switcher_shortcode .trp-language-switcher');\n        if ( trp_ls_shortcodes.length > 0) {\n            \/\/ get the last language switcher added\n            var trp_el = trp_ls_shortcodes[trp_ls_shortcodes.length - 1];\n\n            var trp_shortcode_language_item = trp_el.querySelector( '.trp-ls-shortcode-language' )\n            \/\/ set width\n            var trp_ls_shortcode_width                                               = trp_shortcode_language_item.offsetWidth + 16;\n            trp_shortcode_language_item.style.width                                  = trp_ls_shortcode_width + 'px';\n            trp_el.querySelector( '.trp-ls-shortcode-current-language' ).style.width = trp_ls_shortcode_width + 'px';\n\n            \/\/ We're putting this on display: none after we have its width.\n            trp_shortcode_language_item.style.display = 'none';\n        }\n    <\/script>\n<\/div>\n<\/div>                <\/div>\n                                \n                            <\/div>\n            \n            <!-- Column 2: INFO -->\n            <div class=\"flgb-ft-footer-col\">\n                                <div class=\"flgb-ft-footer-header\">INFO<\/div>\n                                <div class=\"flgb-ft-footer-links\">\n                    <a href=\"https:\/\/sonicleanx.com\/cz\/terms-and-conditions\/\">Obchodn\u00ed podm\u00ednky<\/a>\n                    <a href=\"https:\/\/sonicleanx.com\/cz\/privacy-policy\/\">Ochrana osobn\u00edch \u00fadaj\u016f<\/a>\n                    <a href=\"https:\/\/sonicleanx.com\/cz\/shipping-policy\/\">Z\u00e1sady dopravy<\/a>\n                    <a href=\"https:\/\/sonicleanx.com\/cz\/payment-policy\/\">Platebn\u00ed podm\u00ednky<\/a>\n                    <a href=\"https:\/\/sonicleanx.com\/cz\/about-us\/\">O n\u00e1s<\/a>\n                    <a href=\"https:\/\/sonicleanx.com\/cz\/disclaimer\/\">Vylou\u010den\u00ed odpov\u011bdnosti<\/a>\n                <\/div>\n            <\/div>\n            \n        <\/div>\n        \n        <!-- Right Half -->\n        <div class=\"flgb-ft-footer-half\">\n            \n            <!-- Column 3: ORDER -->\n            <div class=\"flgb-ft-footer-col\">\n                                <div class=\"flgb-ft-footer-header\">OBJEDN\u00c1VKA<\/div>\n                                <div class=\"flgb-ft-footer-links\">\n                    <a href=\"https:\/\/sonicleanx.com\/cz\/order-tracking\/\">Sledov\u00e1n\u00ed z\u00e1silky<\/a>\n                    <a href=\"https:\/\/sonicleanx.com\/cz\/refund-and-return-policy\/\">Z\u00e1sady vr\u00e1cen\u00ed zbo\u017e\u00ed<\/a>\n                    <a href=\"https:\/\/sonicleanx.com\/cz\/faq\/\">FAQ<\/a>\n                    <a href=\"https:\/\/sonicleanx.com\/cz\/contact\/\">Kontakt<\/a>\n                <\/div>\n            <\/div>\n            \n            <!-- Column 4: CUSTOMER SUPPORT -->\n            <div class=\"flgb-ft-footer-col\">\n                                <div class=\"flgb-ft-footer-header\">Z\u00c1KAZNICK\u00c1 PODPORA<\/div>\n                                <div class=\"flgb-ft-footer-links\">\n                    <div>Jsme k dispozici ka\u017ed\u00fd pracovn\u00ed den od 08:00 do 16:00.<\/div>\n                    <div class=\"flgb-ft-footer-contact-item\">\n                        <span class=\"dashicons dashicons-email\" style=\"font-size: 20px;\"><\/span>\n                        <span>info@sonicleanx.com<\/span>\n                    <\/div>\n                    <div class=\"flgb-ft-footer-contact-item\">\n                        <span class=\"dashicons dashicons-phone\" style=\"font-size: 20px;\"><\/span>\n                        <span>+421952290922<\/span>\n                    <\/div>\n                                    <\/div>\n            <\/div>\n            \n        <\/div>\n        \n    <\/div>\n<\/div>\n\n<!-- Credits Bar -->\n<div class=\"flgb-ft-credits-bar\">\n    <div class=\"flgb-ft-credits-bar-inner\">\n        <span>\u00a92026 SonicleanX. V\u0161echna pr\u00e1va vyhrazena<\/span>\n            <\/div>\n<\/div>","protected":false},"excerpt":{"rendered":"","protected":false},"author":1,"featured_media":0,"parent":0,"menu_order":0,"comment_status":"closed","ping_status":"closed","template":"","meta":{"footnotes":""},"class_list":["post-4555","page","type-page","status-publish","hentry"],"_links":{"self":[{"href":"https:\/\/sonicleanx.com\/cz\/wp-json\/wp\/v2\/pages\/4555","targetHints":{"allow":["GET"]}}],"collection":[{"href":"https:\/\/sonicleanx.com\/cz\/wp-json\/wp\/v2\/pages"}],"about":[{"href":"https:\/\/sonicleanx.com\/cz\/wp-json\/wp\/v2\/types\/page"}],"author":[{"embeddable":true,"href":"https:\/\/sonicleanx.com\/cz\/wp-json\/wp\/v2\/users\/1"}],"replies":[{"embeddable":true,"href":"https:\/\/sonicleanx.com\/cz\/wp-json\/wp\/v2\/comments?post=4555"}],"version-history":[{"count":1,"href":"https:\/\/sonicleanx.com\/cz\/wp-json\/wp\/v2\/pages\/4555\/revisions"}],"predecessor-version":[{"id":4573,"href":"https:\/\/sonicleanx.com\/cz\/wp-json\/wp\/v2\/pages\/4555\/revisions\/4573"}],"wp:attachment":[{"href":"https:\/\/sonicleanx.com\/cz\/wp-json\/wp\/v2\/media?parent=4555"}],"curies":[{"name":"wp","href":"https:\/\/api.w.org\/{rel}","templated":true}]}}