{"id":4559,"date":"2026-02-10T09:51:54","date_gmt":"2026-02-10T08:51:54","guid":{"rendered":"https:\/\/sonicleanx.com\/refund-and-return-policy\/"},"modified":"2026-02-10T10:00:48","modified_gmt":"2026-02-10T09:00:48","slug":"refund-and-return-policy","status":"publish","type":"page","link":"https:\/\/sonicleanx.com\/cz\/refund-and-return-policy\/","title":{"rendered":"Refund &#038; Return Policy"},"content":{"rendered":"<style>\n.flgb-ft-header {\n    background-color: #ffffff;\n    width: 100%;\n    padding: 10px var(--flgb-content-padding);\n    box-sizing: border-box;\n}\n.flgb-ft-header * {\n    box-sizing: border-box;\n}\n.flgb-ft-header-inner {\n    display: flex;\n    flex-direction: row;\n    align-items: center;\n    justify-content: space-between;\n    width: 100%;\n    max-width: 1120px;\n    margin: 0 auto;\n}\n.flgb-ft-header-logo img {\n    height: 14px;\n    width: auto;\n    display: block;\n}\n.flgb-ft-header-cta {\n    display: inline-block;\n    padding: 10px 25px;\n    font-size: 16px;\n    font-weight: 700;\n    line-height: 1;\n    text-decoration: none;\n    border-radius: 5px;\n    border: 2px solid #000000;\n    color: #000000;\n    background-color: #ffffff;\n    transition: all 0.2s ease;\n}\n.flgb-ft-header-cta:hover {\n    color: #ffffff;\n    background-color: #000000;\n    border-color: #000000;\n    text-decoration: none;\n}\n@media (max-width: 479px) {\n    .flgb-ft-header-cta {\n        font-size: 12px;\n        padding: 10px var(--flgb-content-padding);\n    }\n}\n<\/style>\n<div class=\"flgb-ft-header\">\n    <div class=\"flgb-ft-header-inner\">\n        <div class=\"flgb-ft-header-logo\">\n                        <a href=\"https:\/\/sonicleanx.com\/cz\/\">\n                <img decoding=\"async\" src=\"https:\/\/sonicleanx.com\/wp-content\/uploads\/2024\/10\/snclx-logo-black.webp\" alt=\"SonicleanX\" \/>\n            <\/a>\n                    <\/div>\n                <a href=\"https:\/\/sonicleanx.com\/cz\/select-qty\" class=\"flgb-ft-header-cta\">Objednat nyn\u00ed!<\/a>\n            <\/div>\n<\/div>\n<style>\n.flgb-ft-page-section {\n    background-color: #eff1f6;\n    padding: 50px var(--flgb-content-padding);\n    width: 100%;\n    box-sizing: border-box;\n}\n.flgb-ft-page-section * {\n    box-sizing: border-box;\n}\n.flgb-ft-page-container {\n    background-color: #ffffff;\n    padding: 40px;\n    max-width: 900px;\n    width: 100%;\n    margin: 0 auto;\n    box-shadow: 0 0 10px 0 #d6d6d6;\n}\n@media (max-width: 991px) {\n    .flgb-ft-page-section {\n        padding: 40px var(--flgb-content-padding);\n    }\n}\n@media (max-width: 767px) {\n    .flgb-ft-page-section {\n        padding: 40px var(--flgb-content-padding);\n    }\n    .flgb-ft-page-container {\n        padding: 30px;\n    }\n}\n@media (max-width: 479px) {\n    .flgb-ft-page-section {\n        padding: 25px 0;\n    }\n    .flgb-ft-page-container {\n        padding: 25px 10px 25px 10px;\n    }\n}\n<\/style>\n<div class=\"flgb-ft-page-section\">\n    <div class=\"flgb-ft-page-container\">\n        <h2 style=\"text-align: center;\">Podm\u00ednky vr\u00e1cen\u00ed zbo\u017e\u00ed a pen\u011bz<\/h2>\n    \n    <p>Chceme, abyste byli s n\u00e1kupem zcela spokojeni. Pokud n\u011bco nen\u00ed v po\u0159\u00e1dku, p\u0159ipravili jsme pro v\u00e1s jednoduch\u00fd a f\u00e9rov\u00fd zp\u016fsob, jak zbo\u017e\u00ed vr\u00e1tit. <strong>Tato pravidla plat\u00ed pouze pro fyzick\u00e9 produkty zakoupen\u00e9 p\u0159\u00edmo na na\u0161em webu.<\/strong> Pokud jste nakoupili p\u0159es jin\u00e9ho prodejce, \u0159i\u010fte se pros\u00edm jejich podm\u00ednkami vr\u00e1cen\u00ed.<\/p>\n    \n    <h4>Zru\u0161en\u00ed objedn\u00e1vky<\/h4>\n    \n    <p>Objedn\u00e1vku m\u016f\u017eete zru\u0161it <strong>dokud ji neode\u0161leme.<\/strong> Objedn\u00e1vky bal\u00edme a expedujeme <strong>v pracovn\u00ed dny v 7:00 r\u00e1no (m\u00edstn\u00edho \u010dasu).<\/strong><\/p>\n    \n    <p>Pokud si p\u0159ejete objedn\u00e1vku zru\u0161it, kontaktujte n\u00e1s <strong>p\u0159ed t\u00edmto \u010dasem<\/strong> jedn\u00edm z t\u011bchto zp\u016fsob\u016f:<\/p>\n    \n    <ul>\n        <li>odpov\u011bd\u00ed na potvrzovac\u00ed e-mail k objedn\u00e1vce<\/li>\n        <li>prost\u0159ednictv\u00edm kontaktn\u00edho formul\u00e1\u0159e<\/li>\n        <li>telefonicky - \u010d\u00edslo najdete na str\u00e1nce Kontakt<\/li>\n    <\/ul>\n    \n    <p>Jakmile objedn\u00e1vku ode\u0161leme, u\u017e ji nelze zru\u0161it, ale zbo\u017e\u00ed m\u016f\u017eete samoz\u0159ejm\u011b vr\u00e1tit.<\/p>\n    \n    <h3>Mo\u017enosti a lh\u016fty pro vr\u00e1cen\u00ed<\/h3>\n    \n    <p>Nab\u00edz\u00edme dv\u011b varianty vr\u00e1cen\u00ed podle toho, pro\u010d zbo\u017e\u00ed vrac\u00edte:<\/p>\n    \n    <h4>14denn\u00ed pr\u00e1vo na odstoupen\u00ed od smlouvy<\/h4>\n    \n    <p>Podle z\u00e1kona m\u00e1te pr\u00e1vo odstoupit od n\u00e1kupu do <strong>14 dn\u016f od doru\u010den\u00ed zbo\u017e\u00ed.<\/strong> V tomto p\u0159\u00edpad\u011b:<\/p>\n    \n    <ul>\n        <li>n\u00e1s kontaktujte do 14 dn\u016f od doru\u010den\u00ed<\/li>\n        <li>n\u00e1klady na zp\u011btnou dopravu hrad\u00edte vy<\/li>\n        <li>po p\u0159ijet\u00ed nepo\u0161kozen\u00e9ho zbo\u017e\u00ed vrac\u00edme plnou cenu v\u010detn\u011b p\u016fvodn\u00edho po\u0161tovn\u00e9ho<\/li>\n        <li>expresn\u00ed nebo jin\u00e1 nadstandardn\u00ed doprava se nepropl\u00e1c\u00ed<\/li>\n    <\/ul>\n    <h4>30denn\u00ed z\u00e1ruka spokojenosti<\/h4>\n    \n    <p>Krom\u011b z\u00e1konn\u00e9 lh\u016fty nab\u00edz\u00edme tak\u00e9 <strong>30 dn\u00ed na vr\u00e1cen\u00ed zbo\u017e\u00ed<\/strong>, pokud:<\/p>\n    \n    <ul>\n        <li>je zbo\u017e\u00ed vadn\u00e9, po\u0161kozen\u00e9 nebo nespr\u00e1vn\u011b doru\u010den\u00e9<\/li>\n        <li>nebo jste si n\u00e1kup rozmysleli, ale zbo\u017e\u00ed je nepou\u017eit\u00e9 a v p\u016fvodn\u00edm stavu<\/li>\n    <\/ul>\n    \n    <p>V takov\u00e9m p\u0159\u00edpad\u011b:<\/p>\n    \n    <ul>\n        <li>n\u00e1klady na dopravu zp\u011bt hrad\u00edte vy<\/li>\n        <li>po p\u0159ijet\u00ed a kontrole v\u00e1m vr\u00e1t\u00edme cenu produktu<\/li>\n        <li>p\u016fvodn\u00ed po\u0161tovn\u00e9 nevrac\u00edme, pokud u\u017e uplynulo 14 dn\u00ed<\/li>\n    <\/ul>\n    <h3>Jak vr\u00e1cen\u00ed prob\u00edh\u00e1<\/h3>\n    \n    <p>Abychom mohli vr\u00e1cen\u00ed zpracovat co nejrychleji a bez zbyte\u010dn\u00fdch pr\u016ftah\u016f, postupujte pros\u00edm podle n\u00e1sleduj\u00edc\u00edch krok\u016f.<\/p>\n    \n    <h5>Krok 1: Kontaktujte n\u00e1s<\/h5>\n    \n    <p>Ozv\u011bte se n\u00e1m do 30 dn\u016f od doru\u010den\u00ed (nebo do 14 dn\u016f p\u0159i odstoupen\u00ed od smlouvy). <strong>Nejjednodu\u0161\u0161\u00ed zp\u016fsob je p\u0159es n\u00e1\u0161 kontaktn\u00ed formul\u00e1\u0159 n\u00ed\u017ee:<\/strong><\/p>\n    \n            <div class=\"flgb-form-wrapper flgb-refund-form-wrapper\">\n            <div class=\"flgb-form-header\">\n                \u017d\u00e1dost o vr\u00e1cen\u00ed pen\u011bz            <\/div>\n            <div class=\"flgb-form-body\">\n                \n                                <form method=\"post\" action=\"\">\n                    <input type=\"hidden\" id=\"flgb_refund_nonce\" name=\"flgb_refund_nonce\" value=\"17a16368da\" \/><input type=\"hidden\" name=\"_wp_http_referer\" value=\"\/cz\/wp-json\/wp\/v2\/pages\/4559\" \/>                            <div class=\"flgb-form-honeypot\" aria-hidden=\"true\">\n            <label for=\"flgb_website_url\">Website<\/label>\n            <input type=\"text\" name=\"flgb_website_url\" id=\"flgb_website_url\" tabindex=\"-1\" autocomplete=\"off\">\n        <\/div>\n        <input type=\"hidden\" name=\"flgb_form_time\" value=\"1775628262\">\n        <input type=\"hidden\" name=\"flgb_js_token\" id=\"flgb_js_token_1\" value=\"\" class=\"flgb-js-token\">\n        \n                    <div class=\"flgb-form-field\">\n                        <label class=\"flgb-form-label\" for=\"flgb_refund_name\">\n                            Jm\u00e9no a p\u0159\u00edjmen\u00ed <span class=\"flgb-form-required\">*<\/span>\n                        <\/label>\n                        <input type=\"text\" name=\"flgb_refund_name\" id=\"flgb_refund_name\" class=\"flgb-form-input\" required>\n                    <\/div>\n\n                    <div class=\"flgb-form-field\">\n                        <label class=\"flgb-form-label\" for=\"flgb_refund_email\">\n                            E-mail <span class=\"flgb-form-required\">*<\/span>\n                        <\/label>\n                        <input type=\"email\" name=\"flgb_refund_email\" id=\"flgb_refund_email\" class=\"flgb-form-input\" required>\n                    <\/div>\n\n                    <div class=\"flgb-form-field\">\n                        <label class=\"flgb-form-label\" for=\"flgb_refund_order\">\n                            \u010c\u00edslo objedn\u00e1vky <span class=\"flgb-form-required\">*<\/span>\n                        <\/label>\n                        <input type=\"text\" name=\"flgb_refund_order\" id=\"flgb_refund_order\" class=\"flgb-form-input\" required>\n                    <\/div>\n\n                    <div class=\"flgb-form-field\">\n                        <label class=\"flgb-form-label\" for=\"flgb_refund_bank\">\n                            Bankovn\u00ed \u00fa\u010det <span class=\"flgb-form-required\">*<\/span>\n                        <\/label>\n                        <input type=\"text\" name=\"flgb_refund_bank\" id=\"flgb_refund_bank\" class=\"flgb-form-input\" required>\n                        <div class=\"flgb-form-helper\">\u010c\u00edslo bankovn\u00edho \u00fa\u010dtu ve form\u00e1tu IBAN, na kter\u00fd chcete zaslat vr\u00e1cen\u00ed pen\u011bz.<\/div>\n                    <\/div>\n\n                    <div class=\"flgb-form-field\">\n                        <button type=\"submit\" name=\"flgb_refund_submit\" class=\"flgb-form-submit\">\n                            Odeslat \u017e\u00e1dost o vr\u00e1cen\u00ed                        <\/button>\n                    <\/div>\n                <input type=\"hidden\" name=\"trp-form-language\" value=\"cz\"\/><\/form>\n                            <\/div>\n        <\/div>\n                <script>\n        document.addEventListener('DOMContentLoaded', function() {\n            var tokens = document.querySelectorAll('.flgb-js-token');\n            for (var i = 0; i < tokens.length; i++) { tokens[i].value = 'human_verified'; }\n        });\n        <\/script>\n        \n    \n    <p style=\"margin-top: 25px;\">Uve\u010fte sv\u00e9 jm\u00e9no, e-mail, \u010d\u00edslo objedn\u00e1vky a stru\u010dn\u011b popi\u0161te d\u016fvod vr\u00e1cen\u00ed.<\/p>\n    \n    <h4>Krok 2: Odesl\u00e1n\u00ed formul\u00e1\u0159e<\/h4>\n    \n    <p>Pokud va\u0161e \u017e\u00e1dost spl\u0148uje podm\u00ednky, <strong>b\u011bhem 3 pracovn\u00edch dn\u016f<\/strong> v\u00e1m za\u0161leme <strong>Formul\u00e1\u0159 pro vr\u00e1cen\u00ed zbo\u017e\u00ed<\/strong> s instrukcemi k vr\u00e1cen\u00ed.<\/p>\n    \n    <p>D\u016fle\u017eit\u00e9: Zbo\u017e\u00ed bez p\u0159ilo\u017een\u00e9ho formul\u00e1\u0159e nem\u016f\u017eeme p\u0159ijmout.<\/p>\n    \n    <p><strong>Adresa pro vr\u00e1cen\u00ed zbo\u017e\u00ed:<\/strong><\/p>\n    \n    <p>RETURNS - konsuma s.r.o.<br \/>\nAg\u00e1tov\u00e1 4D<br \/>\n84102 Bratislava<br \/>\nSlovensko<\/p>\n    \n    <h4>Krok 3: P\u0159ipravte bal\u00edk<\/h4>\n    \n    <p>Zbo\u017e\u00ed d\u016fkladn\u011b zabalte, ide\u00e1ln\u011b do p\u016fvodn\u00edho obalu. Formul\u00e1\u0159 pro vr\u00e1cen\u00ed vlo\u017ete dovnit\u0159 bal\u00edku.<\/p>\n    \n    <ul>\n        <li>Pokud vrac\u00edte zbo\u017e\u00ed jen proto, \u017ee jste si to rozmysleli, nesm\u00ed b\u00fdt pou\u017eit\u00e9 a mus\u00ed b\u00fdt <strong>v p\u016fvodn\u00edm stavu<\/strong><\/li>\n        <li><strong>Pou\u017eit\u00e9 zbo\u017e\u00ed lze vr\u00e1tit pouze tehdy, je-li vadn\u00e9 nebo dorazilo omylem<\/strong><\/li>\n    <\/ul>\n    \n    <h4>Krok 4: Ode\u0161lete z\u00e1silku<\/h4>\n    \n    <p>Zbo\u017e\u00ed n\u00e1m za\u0161lete prost\u0159ednictv\u00edm jak\u00e9koli p\u0159epravn\u00ed slu\u017eby nebo po\u0161ty.<\/p>\n    \n    <ul>\n        <li>Nezapome\u0148te p\u0159ilo\u017eit vypln\u011bn\u00fd formul\u00e1\u0159 pro vr\u00e1cen\u00ed zbo\u017e\u00ed<\/li>\n        <li>Neposkytujeme p\u0159edplacen\u00e9 zp\u011btn\u00e9 \u0161t\u00edtky<\/li>\n        <li>N\u00e1klady na dopravu zp\u011bt hrad\u00edte vy<\/li>\n    <\/ul>\n    \n    <p>\u26a0\ufe0f <strong>Pozor:<\/strong> Z\u00e1silky zaslan\u00e9 na s\u00eddlo spole\u010dnosti mohou b\u00fdt odm\u00edtnuty. Zbo\u017e\u00ed v\u017edy zas\u00edlejte pouze na v\u00fd\u0161e uvedenou adresu pro vr\u00e1cen\u00ed.<\/p>\n    \n    <h4>Krok 5: Vr\u00e1cen\u00ed pen\u011bz<\/h4>\n    \n    <p>Jakmile zbo\u017e\u00ed doraz\u00ed a projde kontrolou:<\/p>\n    \n    <ul>\n        <li>kontrola prob\u011bhne do 3 pracovn\u00edch dn\u016f<\/li>\n        <li>pokud je v\u0161e v po\u0159\u00e1dku, refundaci provedeme do 14 dn\u016f<\/li>\n        <li>bankovn\u00ed p\u0159evod m\u016f\u017ee trvat dal\u0161\u00edch 3 a\u017e 5 pracovn\u00edch dn\u016f<\/li>\n        <li>pen\u00edze vrac\u00edme stejn\u00fdm zp\u016fsobem, jak\u00fdm jste platili<\/li>\n        <li>pokud jste platili na dob\u00edrku, za\u0161leme v\u00e1m pen\u00edze na bankovn\u00ed \u00fa\u010det - nezapome\u0148te n\u00e1m p\u0159i \u017e\u00e1dosti uv\u00e9st sv\u016fj IBAN<\/li>\n    <\/ul>\n    \n    <h4>Dal\u0161\u00ed d\u016fle\u017eit\u00e9 informace<\/h4>\n    \n    <ul>\n        <li>Ne\u00fa\u010dtujeme \u017e\u00e1dn\u00e9 poplatky za naskladn\u011bn\u00ed nebo zpracov\u00e1n\u00ed<\/li>\n        <li>Pokud je zbo\u017e\u00ed vadn\u00e9, chybn\u00e9 nebo po\u0161kozen\u00e9, vrac\u00edme i p\u016fvodn\u00ed po\u0161tovn\u00e9 (krom\u011b expresn\u00edch z\u00e1silek)<\/li>\n        <li>Pokud zbo\u017e\u00ed vrac\u00edte po 14 dnech z d\u016fvodu zm\u011bny rozhodnut\u00ed, po\u0161tovn\u00e9 nevrac\u00edme<\/li>\n        <li>Vr\u00e1cen\u00ed je mo\u017en\u00e9 pouze po\u0161tou - osobn\u00ed vr\u00e1cen\u00ed ani vr\u00e1cen\u00ed p\u0159es v\u00fddejn\u00ed m\u00edsta neumo\u017e\u0148ujeme<\/li>\n    <\/ul>    <\/div>\n<\/div>\n<style>\n.flgb-ft-full-footer * {\n    box-sizing: border-box;\n}\n.flgb-ft-full-footer {\n    color: #dbdbdb;\n    font-family: inherit;\n    font-size: 14px;\n    line-height: 1.2;\n    width: 100%;\n    padding: 45px var(--flgb-content-padding);\n    background-color: #000000;\n}\n.flgb-ft-full-footer a {\n    color: #dbdbdb;\n    text-decoration: none;\n}\n.flgb-ft-full-footer a:hover {\n    text-decoration: underline;\n}\n.flgb-ft-footer-main-row {\n    display: flex;\n    flex-direction: row;\n    gap: 30px;\n    width: 100%;\n    max-width: 1120px;\n    margin: 0 auto;\n}\n.flgb-ft-footer-half {\n    display: flex;\n    flex-direction: row;\n    width: 50%;\n    gap: 30px;\n}\n.flgb-ft-footer-col {\n    width: 50%;\n    display: flex;\n    flex-direction: column;\n    gap: 15px;\n}\n.flgb-ft-footer-header {\n    font-weight: 600;\n    font-size: 16px;\n    color: #ffffff;\n}\n.flgb-ft-footer-links {\n    display: flex;\n    flex-direction: column;\n    gap: 12px;\n}\n.flgb-ft-footer-contact-item {\n    display: flex;\n    align-items: flex-start;\n    gap: 8px;\n}\n.flgb-ft-lang-switcher {\n    margin-top: 5px;\n}\n\n\/* Tablet *\/\n@media (max-width: 991px) {\n    .flgb-ft-full-footer {\n        padding: 40px var(--flgb-content-padding);\n    }\n    .flgb-ft-footer-main-row {\n        flex-direction: column;\n        gap: 20px;\n    }\n    .flgb-ft-footer-half {\n        width: 100%;\n    }\n}\n\n\/* Mobile *\/\n@media (max-width: 767px) {\n    .flgb-ft-footer-half {\n        flex-direction: column;\n        gap: 20px;\n    }\n    .flgb-ft-footer-col {\n        width: 100%;\n        text-align: center;\n        align-items: center;\n    }\n    .flgb-ft-footer-contact-item {\n        justify-content: center;\n    }\n    .flgb-ft-footer-links {\n        align-items: center;\n    }\n    .flgb-ft-lang-switcher {\n        display: flex;\n        justify-content: center;\n    }\n}\n\n\/* Small mobile *\/\n@media (max-width: 479px) {\n    .flgb-ft-full-footer {\n        padding: 24px var(--flgb-content-padding);\n    }\n    .flgb-ft-footer-links {\n        gap: 10px;\n    }\n}\n\n\/* Credits bar *\/\n.flgb-ft-credits-bar {\n    background-color: #ffffff;\n    width: 100%;\n    font-family: inherit;\n    font-size: 13px;\n    color: inherit;\n}\n.flgb-ft-credits-bar-inner {\n    display: flex;\n    flex-direction: row;\n    justify-content: space-between;\n    align-items: center;\n    width: 100%;\n    max-width: 1120px;\n    margin: 0 auto;\n    padding: 10px var(--flgb-content-padding);\n}\n.flgb-ft-credits-bar .flgb-ft-lang-switcher .trp-shortcode-switcher__wrapper,\n.flgb-ft-credits-bar .flgb-ft-lang-switcher .trp-language-switcher {\n    border: none !important;\n    padding: 0 !important;\n}\n@media (max-width: 767px) {\n    .flgb-ft-credits-bar-inner {\n        flex-direction: column;\n        text-align: center;\n        gap: 0;\n    }\n    .flgb-ft-credits-bar .flgb-ft-lang-switcher {\n        display: flex;\n        justify-content: center;\n    }\n}\n<\/style>\n\n<div class=\"flgb-ft-full-footer\" data-variant=\"home\">\n    <div class=\"flgb-ft-footer-main-row\">\n        \n        <!-- Left Half -->\n        <div class=\"flgb-ft-footer-half\">\n            \n            <!-- Column 1: Logo + Language Switcher + Shop -->\n            <div class=\"flgb-ft-footer-col\">\n                                <a href=\"https:\/\/sonicleanx.com\/cz\/\">\n                    <img decoding=\"async\" src=\"https:\/\/sonicleanx.com\/wp-content\/uploads\/2025\/04\/snclx-logo-w.webp\" \n                         alt=\"SonicleanX\" \n                         style=\"width: auto; height: 14px; display: block;\" \/>\n                <\/a>\n                                \n                                <div class=\"flgb-ft-lang-switcher\" style=\"width: 100%;\">\n                    <div class=\"trp_language_switcher_shortcode\">\n<div class=\"trp-language-switcher trp-language-switcher-container\" data-no-translation>\n    <div class=\"trp-ls-shortcode-current-language\">\n        <a href=\"#\" class=\"trp-ls-shortcode-disabled-language trp-ls-disabled-language\" title=\"Czech\" onclick=\"event.preventDefault()\">\n\t\t\t<img loading=\"lazy\" decoding=\"async\" class=\"trp-flag-image\" src=\"https:\/\/sonicleanx.com\/wp-content\/plugins\/translatepress-multilingual\/assets\/images\/flags\/cs_CZ.png\" width=\"18\" height=\"12\" alt=\"cs_CZ\" title=\"Czech\"> Czech\t\t<\/a>\n    <\/div>\n    <div class=\"trp-ls-shortcode-language\">\n                <a href=\"#\" class=\"trp-ls-shortcode-disabled-language trp-ls-disabled-language\"  title=\"Czech\" onclick=\"event.preventDefault()\">\n\t\t\t<img loading=\"lazy\" decoding=\"async\" class=\"trp-flag-image\" src=\"https:\/\/sonicleanx.com\/wp-content\/plugins\/translatepress-multilingual\/assets\/images\/flags\/cs_CZ.png\" width=\"18\" height=\"12\" alt=\"cs_CZ\" title=\"Czech\"> Czech\t\t<\/a>\n                    <a href=\"https:\/\/sonicleanx.com\/cz\/wp-json\/wp\/v2\/pages\/4559\" title=\"English\">\n            <img loading=\"lazy\" decoding=\"async\" class=\"trp-flag-image\" src=\"https:\/\/sonicleanx.com\/wp-content\/plugins\/translatepress-multilingual\/assets\/images\/flags\/en_US.png\" width=\"18\" height=\"12\" alt=\"en_US\" title=\"English\"> English        <\/a>\n\n            <a href=\"https:\/\/sonicleanx.com\/cz\/wp-json\/wp\/v2\/pages\/4559\" title=\"Slovak\">\n            <img loading=\"lazy\" decoding=\"async\" class=\"trp-flag-image\" src=\"https:\/\/sonicleanx.com\/wp-content\/plugins\/translatepress-multilingual\/assets\/images\/flags\/sk_SK.png\" width=\"18\" height=\"12\" alt=\"sk_SK\" title=\"Slovak\"> Slovak        <\/a>\n\n            <a href=\"https:\/\/sonicleanx.com\/cz\/wp-json\/wp\/v2\/pages\/4559\" title=\"Hungarian\">\n            <img loading=\"lazy\" decoding=\"async\" class=\"trp-flag-image\" src=\"https:\/\/sonicleanx.com\/wp-content\/plugins\/translatepress-multilingual\/assets\/images\/flags\/hu_HU.png\" width=\"18\" height=\"12\" alt=\"hu_HU\" title=\"Hungarian\"> Hungarian        <\/a>\n\n        <\/div>\n    <script type=\"application\/javascript\">\n        \/\/ need to have the same with set from JS on both divs. Otherwise it can push stuff around in HTML\n        var trp_ls_shortcodes = document.querySelectorAll('.trp_language_switcher_shortcode .trp-language-switcher');\n        if ( trp_ls_shortcodes.length > 0) {\n            \/\/ get the last language switcher added\n            var trp_el = trp_ls_shortcodes[trp_ls_shortcodes.length - 1];\n\n            var trp_shortcode_language_item = trp_el.querySelector( '.trp-ls-shortcode-language' )\n            \/\/ set width\n            var trp_ls_shortcode_width                                               = trp_shortcode_language_item.offsetWidth + 16;\n            trp_shortcode_language_item.style.width                                  = trp_ls_shortcode_width + 'px';\n            trp_el.querySelector( '.trp-ls-shortcode-current-language' ).style.width = trp_ls_shortcode_width + 'px';\n\n            \/\/ We're putting this on display: none after we have its width.\n            trp_shortcode_language_item.style.display = 'none';\n        }\n    <\/script>\n<\/div>\n<\/div>                <\/div>\n                                \n                            <\/div>\n            \n            <!-- Column 2: INFO -->\n            <div class=\"flgb-ft-footer-col\">\n                                <div class=\"flgb-ft-footer-header\">INFO<\/div>\n                                <div class=\"flgb-ft-footer-links\">\n                    <a href=\"https:\/\/sonicleanx.com\/cz\/terms-and-conditions\/\">Obchodn\u00ed podm\u00ednky<\/a>\n                    <a href=\"https:\/\/sonicleanx.com\/cz\/privacy-policy\/\">Ochrana osobn\u00edch \u00fadaj\u016f<\/a>\n                    <a href=\"https:\/\/sonicleanx.com\/cz\/shipping-policy\/\">Z\u00e1sady dopravy<\/a>\n                    <a href=\"https:\/\/sonicleanx.com\/cz\/payment-policy\/\">Platebn\u00ed podm\u00ednky<\/a>\n                    <a href=\"https:\/\/sonicleanx.com\/cz\/about-us\/\">O n\u00e1s<\/a>\n                    <a href=\"https:\/\/sonicleanx.com\/cz\/disclaimer\/\">Vylou\u010den\u00ed odpov\u011bdnosti<\/a>\n                <\/div>\n            <\/div>\n            \n        <\/div>\n        \n        <!-- Right Half -->\n        <div class=\"flgb-ft-footer-half\">\n            \n            <!-- Column 3: ORDER -->\n            <div class=\"flgb-ft-footer-col\">\n                                <div class=\"flgb-ft-footer-header\">OBJEDN\u00c1VKA<\/div>\n                                <div class=\"flgb-ft-footer-links\">\n                    <a href=\"https:\/\/sonicleanx.com\/cz\/order-tracking\/\">Sledov\u00e1n\u00ed z\u00e1silky<\/a>\n                    <a href=\"https:\/\/sonicleanx.com\/cz\/refund-and-return-policy\/\">Z\u00e1sady vr\u00e1cen\u00ed zbo\u017e\u00ed<\/a>\n                    <a href=\"https:\/\/sonicleanx.com\/cz\/faq\/\">FAQ<\/a>\n                    <a href=\"https:\/\/sonicleanx.com\/cz\/contact\/\">Kontakt<\/a>\n                <\/div>\n            <\/div>\n            \n            <!-- Column 4: CUSTOMER SUPPORT -->\n            <div class=\"flgb-ft-footer-col\">\n                                <div class=\"flgb-ft-footer-header\">Z\u00c1KAZNICK\u00c1 PODPORA<\/div>\n                                <div class=\"flgb-ft-footer-links\">\n                    <div>Jsme k dispozici ka\u017ed\u00fd pracovn\u00ed den od 08:00 do 16:00.<\/div>\n                    <div class=\"flgb-ft-footer-contact-item\">\n                        <span class=\"dashicons dashicons-email\" style=\"font-size: 20px;\"><\/span>\n                        <span>info@sonicleanx.com<\/span>\n                    <\/div>\n                    <div class=\"flgb-ft-footer-contact-item\">\n                        <span class=\"dashicons dashicons-phone\" style=\"font-size: 20px;\"><\/span>\n                        <span>+421952290922<\/span>\n                    <\/div>\n                                    <\/div>\n            <\/div>\n            \n        <\/div>\n        \n    <\/div>\n<\/div>\n\n<!-- Credits Bar -->\n<div class=\"flgb-ft-credits-bar\">\n    <div class=\"flgb-ft-credits-bar-inner\">\n        <span>\u00a92026 SonicleanX. V\u0161echna pr\u00e1va vyhrazena<\/span>\n            <\/div>\n<\/div>","protected":false},"excerpt":{"rendered":"","protected":false},"author":1,"featured_media":0,"parent":0,"menu_order":0,"comment_status":"closed","ping_status":"closed","template":"","meta":{"footnotes":""},"class_list":["post-4559","page","type-page","status-publish","hentry"],"_links":{"self":[{"href":"https:\/\/sonicleanx.com\/cz\/wp-json\/wp\/v2\/pages\/4559","targetHints":{"allow":["GET"]}}],"collection":[{"href":"https:\/\/sonicleanx.com\/cz\/wp-json\/wp\/v2\/pages"}],"about":[{"href":"https:\/\/sonicleanx.com\/cz\/wp-json\/wp\/v2\/types\/page"}],"author":[{"embeddable":true,"href":"https:\/\/sonicleanx.com\/cz\/wp-json\/wp\/v2\/users\/1"}],"replies":[{"embeddable":true,"href":"https:\/\/sonicleanx.com\/cz\/wp-json\/wp\/v2\/comments?post=4559"}],"version-history":[{"count":1,"href":"https:\/\/sonicleanx.com\/cz\/wp-json\/wp\/v2\/pages\/4559\/revisions"}],"predecessor-version":[{"id":4577,"href":"https:\/\/sonicleanx.com\/cz\/wp-json\/wp\/v2\/pages\/4559\/revisions\/4577"}],"wp:attachment":[{"href":"https:\/\/sonicleanx.com\/cz\/wp-json\/wp\/v2\/media?parent=4559"}],"curies":[{"name":"wp","href":"https:\/\/api.w.org\/{rel}","templated":true}]}}