{"id":4560,"date":"2026-02-10T09:51:54","date_gmt":"2026-02-10T08:51:54","guid":{"rendered":"https:\/\/sonicleanx.com\/faq\/"},"modified":"2026-02-10T10:00:53","modified_gmt":"2026-02-10T09:00:53","slug":"faq","status":"publish","type":"page","link":"https:\/\/sonicleanx.com\/cz\/faq\/","title":{"rendered":"FAQ"},"content":{"rendered":"<style>\n.flgb-ft-header {\n    background-color: #ffffff;\n    width: 100%;\n    padding: 10px var(--flgb-content-padding);\n    box-sizing: border-box;\n}\n.flgb-ft-header * {\n    box-sizing: border-box;\n}\n.flgb-ft-header-inner {\n    display: flex;\n    flex-direction: row;\n    align-items: center;\n    justify-content: space-between;\n    width: 100%;\n    max-width: 1120px;\n    margin: 0 auto;\n}\n.flgb-ft-header-logo img {\n    height: 14px;\n    width: auto;\n    display: block;\n}\n.flgb-ft-header-cta {\n    display: inline-block;\n    padding: 10px 25px;\n    font-size: 16px;\n    font-weight: 700;\n    line-height: 1;\n    text-decoration: none;\n    border-radius: 5px;\n    border: 2px solid #000000;\n    color: #000000;\n    background-color: #ffffff;\n    transition: all 0.2s ease;\n}\n.flgb-ft-header-cta:hover {\n    color: #ffffff;\n    background-color: #000000;\n    border-color: #000000;\n    text-decoration: none;\n}\n@media (max-width: 479px) {\n    .flgb-ft-header-cta {\n        font-size: 12px;\n        padding: 10px var(--flgb-content-padding);\n    }\n}\n<\/style>\n<div class=\"flgb-ft-header\">\n    <div class=\"flgb-ft-header-inner\">\n        <div class=\"flgb-ft-header-logo\">\n                        <a href=\"https:\/\/sonicleanx.com\/cz\/\">\n                <img decoding=\"async\" src=\"https:\/\/sonicleanx.com\/wp-content\/uploads\/2024\/10\/snclx-logo-black.webp\" alt=\"SonicleanX\" \/>\n            <\/a>\n                    <\/div>\n                <a href=\"https:\/\/sonicleanx.com\/cz\/select-qty\" class=\"flgb-ft-header-cta\">Objednat nyn\u00ed!<\/a>\n            <\/div>\n<\/div>\n<style>\n.flgb-ft-page-section {\n    background-color: #eff1f6;\n    padding: 50px var(--flgb-content-padding);\n    width: 100%;\n    box-sizing: border-box;\n}\n.flgb-ft-page-section * {\n    box-sizing: border-box;\n}\n.flgb-ft-page-container {\n    background-color: #ffffff;\n    padding: 40px;\n    max-width: 900px;\n    width: 100%;\n    margin: 0 auto;\n    box-shadow: 0 0 10px 0 #d6d6d6;\n}\n@media (max-width: 991px) {\n    .flgb-ft-page-section {\n        padding: 40px var(--flgb-content-padding);\n    }\n}\n@media (max-width: 767px) {\n    .flgb-ft-page-section {\n        padding: 40px var(--flgb-content-padding);\n    }\n    .flgb-ft-page-container {\n        padding: 30px;\n    }\n}\n@media (max-width: 479px) {\n    .flgb-ft-page-section {\n        padding: 25px 0;\n    }\n    .flgb-ft-page-container {\n        padding: 25px 10px 25px 10px;\n    }\n}\n<\/style>\n<div class=\"flgb-ft-page-section\">\n    <div class=\"flgb-ft-page-container\">\n        <h2 style=\"text-align: center;\">\u010casto kladen\u00e9 dotazy<\/h2>\n    \n    <h4 style=\"margin-top: 30px; margin-bottom: 10px;\">Probl\u00e9my s objedn\u00e1vkou<\/h4>\n    \n    <details style=\"margin-bottom: 10px;\">\n        <summary style=\"text-decoration: underline;\">Chci upravit svou objedn\u00e1vku<\/summary>\n        <p>Pokud jsme va\u0161i objedn\u00e1vku je\u0161t\u011b neodeslali, m\u016f\u017eeme ji upravit. Napi\u0161te n\u00e1m co nejd\u0159\u00edv a uve\u010fte \u010d\u00edslo objedn\u00e1vky a co chcete zm\u011bnit.<\/p>\n    <\/details>\n    \n    <details style=\"margin-bottom: 10px;\">\n        <summary style=\"text-decoration: underline;\">Jak mohu zru\u0161it objedn\u00e1vku?<\/summary>\n        <p>Objedn\u00e1vku lze zru\u0161it, dokud nebyla odesl\u00e1na. Bal\u00edky expedujeme ka\u017ed\u00fd pracovn\u00ed den v 7:00 r\u00e1no. Pokud chcete objedn\u00e1vku zru\u0161it, dejte n\u00e1m v\u011bd\u011bt p\u0159ed t\u00edmto \u010dasem. Po odesl\u00e1n\u00ed u\u017e to nejde, ale zbo\u017e\u00ed m\u016f\u017eete vr\u00e1tit.<\/p>\n    <\/details>\n    \n    <details style=\"margin-bottom: 10px;\">\n        <summary style=\"text-decoration: underline;\">Ud\u011blal(a) jsem chybu v objedn\u00e1vce<\/summary>\n        <p>Stane se. Pokud jste vybral(a) \u0161patn\u00fd produkt, velikost nebo cokoli jin\u00e9ho, dejte n\u00e1m co nejd\u0159\u00edv v\u011bd\u011bt a my to zkus\u00edme upravit, ne\u017e bal\u00edk odejde.<\/p>\n    <\/details>\n    \n    <h4 style=\"margin-top: 30px; margin-bottom: 10px;\">Objedn\u00e1vka a doru\u010den\u00ed<\/h4>\n    \n    <details style=\"margin-bottom: 10px;\">\n        <summary style=\"text-decoration: underline;\">Kde je moje objedn\u00e1vka?<\/summary>\n        <p>Jakmile objedn\u00e1vku ode\u0161leme, po\u0161leme v\u00e1m e-mail s odkazem na sledov\u00e1n\u00ed z\u00e1silky. Pokud ho nem\u00e1te nebo nefunguje, napi\u0161te n\u00e1m a prov\u011b\u0159\u00edme to.<\/p>\n    <\/details>\n    \n    <details style=\"margin-bottom: 10px;\">\n        <summary style=\"text-decoration: underline;\">Dokon\u010dil(a) jsem objedn\u00e1vku, ale nedorazilo potvrzen\u00ed<\/summary>\n        <p>Zkontrolujte slo\u017eku spam nebo promoakce. Pokud potvrzen\u00ed nenajdete, napi\u0161te n\u00e1m a my v\u00e1m ho po\u0161leme znovu.<\/p>\n    <\/details>\n    \n    <details style=\"margin-bottom: 10px;\">\n        <summary style=\"text-decoration: underline;\">Mohu zm\u011bnit dodac\u00ed adresu?<\/summary>\n        <p>Ano, pokud z\u00e1silka je\u0161t\u011b neode\u0161la. Ozv\u011bte se n\u00e1m co nejd\u0159\u00edv, ide\u00e1ln\u011b p\u0159ed 7:00 r\u00e1no v pracovn\u00ed den, kdy bal\u00edky expedujeme.<\/p>\n    <\/details>\n    \n    <details style=\"margin-bottom: 10px;\">\n        <summary style=\"text-decoration: underline;\">Jak z\u00edsk\u00e1m fakturu?<\/summary>\n        <p>Faktura je sou\u010d\u00e1st\u00ed potvrzovac\u00edho e-mailu. Pokud ji nem\u016f\u017eete naj\u00edt, napi\u0161te n\u00e1m a r\u00e1di v\u00e1m ji znovu po\u0161leme.<\/p>\n    <\/details>\n    \n    <details style=\"margin-bottom: 10px;\">\n        <summary style=\"text-decoration: underline;\">Kdy mi objedn\u00e1vka doraz\u00ed?<\/summary>\n        <p>V\u0161e m\u00e1me skladem a odes\u00edl\u00e1me z na\u0161eho skladu v EU do 1\u20132 pracovn\u00edch dn\u00ed. Doba doru\u010den\u00ed z\u00e1vis\u00ed na zemi:<br \/>\n        - \u010cesko a Slovensko: 1\u20133 pracovn\u00ed dny<br \/>\n        - Ma\u010farsko a Polsko: 2\u20135 pracovn\u00edch dn\u016f<br \/>\n        - Ostatn\u00ed zem\u011b EU: 3\u20137 pracovn\u00edch dn\u016f<br \/>\n        V obdob\u00ed sv\u00e1tk\u016f nebo slev se m\u016f\u017ee doru\u010den\u00ed lehce prot\u00e1hnout.<\/p>\n    <\/details>\n    \n    <details style=\"margin-bottom: 10px;\">\n        <summary style=\"text-decoration: underline;\">Jak mohu sledovat z\u00e1silku?<\/summary>\n        <p>Po odesl\u00e1n\u00ed objedn\u00e1vky v\u00e1m po\u0161leme odkaz na sledov\u00e1n\u00ed. Klikn\u011bte a uvid\u00edte, kde se bal\u00edk pr\u00e1v\u011b nach\u00e1z\u00ed.<\/p>\n    <\/details>\n    \n    <details style=\"margin-bottom: 10px;\">\n        <summary style=\"text-decoration: underline;\">Kolik stoj\u00ed doprava?<\/summary>\n        <p>Cena dopravy se odv\u00edj\u00ed od c\u00edlov\u00e9 zem\u011b. P\u0159esnou \u010d\u00e1stku uvid\u00edte je\u0161t\u011b p\u0159ed odesl\u00e1n\u00edm objedn\u00e1vky v ko\u0161\u00edku.<\/p>\n    <\/details>\n    \n    <details style=\"margin-bottom: 10px;\">\n        <summary style=\"text-decoration: underline;\">Kde najdu \u010d\u00edslo objedn\u00e1vky?<\/summary>\n        <p>Najdete ho v potvrzovac\u00edm e-mailu. Pokud ho nem\u016f\u017eete dohledat, napi\u0161te n\u00e1m jm\u00e9no a e-mail pou\u017eit\u00fd p\u0159i objedn\u00e1vce a my v\u00e1m pom\u016f\u017eeme.<\/p>\n    <\/details>\n    \n    <h4 style=\"margin-top: 30px; margin-bottom: 10px;\">Vr\u00e1cen\u00ed a reklamace<\/h4>\n    \n    <details style=\"margin-bottom: 10px;\">\n        <summary style=\"text-decoration: underline;\">Do kdy mohu zbo\u017e\u00ed vr\u00e1tit?<\/summary>\n        <p>Zbo\u017e\u00ed m\u016f\u017eete vr\u00e1tit v t\u011bchto p\u0159\u00edpadech:<\/p>\n        <ul>\n            <li><strong>do 14 dn\u016f od doru\u010den\u00ed<\/strong> \u2013 pokud jste si n\u00e1kup rozmysleli<\/li>\n            <li><strong>do 30 dn\u016f od objedn\u00e1n\u00ed<\/strong> \u2013 pokud je zbo\u017e\u00ed nepou\u017eit\u00e9, v p\u016fvodn\u00edm stavu, nebo m\u00e1 vadu<\/li>\n        <\/ul>\n    <\/details>\n    \n    <details style=\"margin-bottom: 10px;\">\n        <summary style=\"text-decoration: underline;\">Jak mohu zbo\u017e\u00ed vr\u00e1tit?<\/summary>\n        <p>Postup je jednoduch\u00fd:<\/p>\n        <ol>\n            <li>Napi\u0161te n\u00e1m p\u0159es kontaktn\u00ed formul\u00e1\u0159 nebo odpov\u011bzte na e-mail s objedn\u00e1vkou.<\/li>\n            <li>B\u011bhem 3 pracovn\u00edch dn\u00ed v\u00e1m po\u0161leme <strong>formul\u00e1\u0159 pro vr\u00e1cen\u00ed zbo\u017e\u00ed<\/strong> a dal\u0161\u00ed instrukce.<\/li>\n            <li>Zbo\u017e\u00ed pe\u010dliv\u011b zabalte a vlo\u017ete formul\u00e1\u0159 dovnit\u0159.<\/li>\n            <li>Po\u0161lete na:<br \/>\n            RETURNS - konsuma s.r.o.<br \/>\nAg\u00e1tov\u00e1 4D<br \/>\n84102 Bratislava<br \/>\nSlovensko<\/li>\n        <\/ol>\n        <p><strong>D\u016fle\u017eit\u00e9:<\/strong> Z\u00e1silky bez formul\u00e1\u0159e nebo zaslan\u00e9 na jinou adresu nem\u016f\u017eeme zpracovat.<\/p>\n    <\/details>\n    \n    <details style=\"margin-bottom: 10px;\">\n        <summary style=\"text-decoration: underline;\">Jak dlouho trv\u00e1 vr\u00e1cen\u00ed pen\u011bz?<\/summary>\n        <ul>\n            <li>Zbo\u017e\u00ed zkontrolujeme do 3 pracovn\u00edch dn\u00ed po doru\u010den\u00ed.<\/li>\n            <li>Pokud je v\u0161e v po\u0159\u00e1dku, vr\u00e1t\u00edme pen\u00edze do 14 dn\u00ed.<\/li>\n            <li>Banky obvykle p\u0159ip\u00ed\u0161\u00ed \u010d\u00e1stku zp\u011bt do 3\u20135 pracovn\u00edch dn\u016f.<\/li>\n            <li>Vr\u00e1cen\u00ed prob\u011bhne stejnou platebn\u00ed metodou, kterou jste pou\u017eili p\u0159i objedn\u00e1vce.<\/li>\n            <li>U dob\u00edrky po\u0161leme \u010d\u00e1stku na v\u00e1\u0161 bankovn\u00ed \u00fa\u010det \u2013 nezapome\u0148te uv\u00e9st IBAN.<\/li>\n        <\/ul>\n    <\/details>\n    <\/div>\n<\/div>\n<style>\n.flgb-ft-full-footer * {\n    box-sizing: border-box;\n}\n.flgb-ft-full-footer {\n    color: #dbdbdb;\n    font-family: inherit;\n    font-size: 14px;\n    line-height: 1.2;\n    width: 100%;\n    padding: 45px var(--flgb-content-padding);\n    background-color: #000000;\n}\n.flgb-ft-full-footer a {\n    color: #dbdbdb;\n    text-decoration: none;\n}\n.flgb-ft-full-footer a:hover {\n    text-decoration: underline;\n}\n.flgb-ft-footer-main-row {\n    display: flex;\n    flex-direction: row;\n    gap: 30px;\n    width: 100%;\n    max-width: 1120px;\n    margin: 0 auto;\n}\n.flgb-ft-footer-half {\n    display: flex;\n    flex-direction: row;\n    width: 50%;\n    gap: 30px;\n}\n.flgb-ft-footer-col {\n    width: 50%;\n    display: flex;\n    flex-direction: column;\n    gap: 15px;\n}\n.flgb-ft-footer-header {\n    font-weight: 600;\n    font-size: 16px;\n    color: #ffffff;\n}\n.flgb-ft-footer-links {\n    display: flex;\n    flex-direction: column;\n    gap: 12px;\n}\n.flgb-ft-footer-contact-item {\n    display: flex;\n    align-items: flex-start;\n    gap: 8px;\n}\n.flgb-ft-lang-switcher {\n    margin-top: 5px;\n}\n\n\/* Tablet *\/\n@media (max-width: 991px) {\n    .flgb-ft-full-footer {\n        padding: 40px var(--flgb-content-padding);\n    }\n    .flgb-ft-footer-main-row {\n        flex-direction: column;\n        gap: 20px;\n    }\n    .flgb-ft-footer-half {\n        width: 100%;\n    }\n}\n\n\/* Mobile *\/\n@media (max-width: 767px) {\n    .flgb-ft-footer-half {\n        flex-direction: column;\n        gap: 20px;\n    }\n    .flgb-ft-footer-col {\n        width: 100%;\n        text-align: center;\n        align-items: center;\n    }\n    .flgb-ft-footer-contact-item {\n        justify-content: center;\n    }\n    .flgb-ft-footer-links {\n        align-items: center;\n    }\n    .flgb-ft-lang-switcher {\n        display: flex;\n        justify-content: center;\n    }\n}\n\n\/* Small mobile *\/\n@media (max-width: 479px) {\n    .flgb-ft-full-footer {\n        padding: 24px var(--flgb-content-padding);\n    }\n    .flgb-ft-footer-links {\n        gap: 10px;\n    }\n}\n\n\/* Credits bar *\/\n.flgb-ft-credits-bar {\n    background-color: #ffffff;\n    width: 100%;\n    font-family: inherit;\n    font-size: 13px;\n    color: inherit;\n}\n.flgb-ft-credits-bar-inner {\n    display: flex;\n    flex-direction: row;\n    justify-content: space-between;\n    align-items: center;\n    width: 100%;\n    max-width: 1120px;\n    margin: 0 auto;\n    padding: 10px var(--flgb-content-padding);\n}\n.flgb-ft-credits-bar .flgb-ft-lang-switcher .trp-shortcode-switcher__wrapper,\n.flgb-ft-credits-bar .flgb-ft-lang-switcher .trp-language-switcher {\n    border: none !important;\n    padding: 0 !important;\n}\n@media (max-width: 767px) {\n    .flgb-ft-credits-bar-inner {\n        flex-direction: column;\n        text-align: center;\n        gap: 0;\n    }\n    .flgb-ft-credits-bar .flgb-ft-lang-switcher {\n        display: flex;\n        justify-content: center;\n    }\n}\n<\/style>\n\n<div class=\"flgb-ft-full-footer\" data-variant=\"home\">\n    <div class=\"flgb-ft-footer-main-row\">\n        \n        <!-- Left Half -->\n        <div class=\"flgb-ft-footer-half\">\n            \n            <!-- Column 1: Logo + Language Switcher + Shop -->\n            <div class=\"flgb-ft-footer-col\">\n                                <a href=\"https:\/\/sonicleanx.com\/cz\/\">\n                    <img decoding=\"async\" src=\"https:\/\/sonicleanx.com\/wp-content\/uploads\/2025\/04\/snclx-logo-w.webp\" \n                         alt=\"SonicleanX\" \n                         style=\"width: auto; height: 14px; display: block;\" \/>\n                <\/a>\n                                \n                                <div class=\"flgb-ft-lang-switcher\" style=\"width: 100%;\">\n                    <div class=\"trp_language_switcher_shortcode\">\n<div class=\"trp-language-switcher trp-language-switcher-container\" data-no-translation>\n    <div class=\"trp-ls-shortcode-current-language\">\n        <a href=\"#\" class=\"trp-ls-shortcode-disabled-language trp-ls-disabled-language\" title=\"Czech\" onclick=\"event.preventDefault()\">\n\t\t\t<img loading=\"lazy\" decoding=\"async\" class=\"trp-flag-image\" src=\"https:\/\/sonicleanx.com\/wp-content\/plugins\/translatepress-multilingual\/assets\/images\/flags\/cs_CZ.png\" width=\"18\" height=\"12\" alt=\"cs_CZ\" title=\"Czech\"> Czech\t\t<\/a>\n    <\/div>\n    <div class=\"trp-ls-shortcode-language\">\n                <a href=\"#\" class=\"trp-ls-shortcode-disabled-language trp-ls-disabled-language\"  title=\"Czech\" onclick=\"event.preventDefault()\">\n\t\t\t<img loading=\"lazy\" decoding=\"async\" class=\"trp-flag-image\" src=\"https:\/\/sonicleanx.com\/wp-content\/plugins\/translatepress-multilingual\/assets\/images\/flags\/cs_CZ.png\" width=\"18\" height=\"12\" alt=\"cs_CZ\" title=\"Czech\"> Czech\t\t<\/a>\n                    <a href=\"https:\/\/sonicleanx.com\/cz\/wp-json\/wp\/v2\/pages\/4560\" title=\"English\">\n            <img loading=\"lazy\" decoding=\"async\" class=\"trp-flag-image\" src=\"https:\/\/sonicleanx.com\/wp-content\/plugins\/translatepress-multilingual\/assets\/images\/flags\/en_US.png\" width=\"18\" height=\"12\" alt=\"en_US\" title=\"English\"> English        <\/a>\n\n            <a href=\"https:\/\/sonicleanx.com\/cz\/wp-json\/wp\/v2\/pages\/4560\" title=\"Slovak\">\n            <img loading=\"lazy\" decoding=\"async\" class=\"trp-flag-image\" src=\"https:\/\/sonicleanx.com\/wp-content\/plugins\/translatepress-multilingual\/assets\/images\/flags\/sk_SK.png\" width=\"18\" height=\"12\" alt=\"sk_SK\" title=\"Slovak\"> Slovak        <\/a>\n\n            <a href=\"https:\/\/sonicleanx.com\/cz\/wp-json\/wp\/v2\/pages\/4560\" title=\"Hungarian\">\n            <img loading=\"lazy\" decoding=\"async\" class=\"trp-flag-image\" src=\"https:\/\/sonicleanx.com\/wp-content\/plugins\/translatepress-multilingual\/assets\/images\/flags\/hu_HU.png\" width=\"18\" height=\"12\" alt=\"hu_HU\" title=\"Hungarian\"> Hungarian        <\/a>\n\n        <\/div>\n    <script type=\"application\/javascript\">\n        \/\/ need to have the same with set from JS on both divs. Otherwise it can push stuff around in HTML\n        var trp_ls_shortcodes = document.querySelectorAll('.trp_language_switcher_shortcode .trp-language-switcher');\n        if ( trp_ls_shortcodes.length > 0) {\n            \/\/ get the last language switcher added\n            var trp_el = trp_ls_shortcodes[trp_ls_shortcodes.length - 1];\n\n            var trp_shortcode_language_item = trp_el.querySelector( '.trp-ls-shortcode-language' )\n            \/\/ set width\n            var trp_ls_shortcode_width                                               = trp_shortcode_language_item.offsetWidth + 16;\n            trp_shortcode_language_item.style.width                                  = trp_ls_shortcode_width + 'px';\n            trp_el.querySelector( '.trp-ls-shortcode-current-language' ).style.width = trp_ls_shortcode_width + 'px';\n\n            \/\/ We're putting this on display: none after we have its width.\n            trp_shortcode_language_item.style.display = 'none';\n        }\n    <\/script>\n<\/div>\n<\/div>                <\/div>\n                                \n                            <\/div>\n            \n            <!-- Column 2: INFO -->\n            <div class=\"flgb-ft-footer-col\">\n                                <div class=\"flgb-ft-footer-header\">INFO<\/div>\n                                <div class=\"flgb-ft-footer-links\">\n                    <a href=\"https:\/\/sonicleanx.com\/cz\/terms-and-conditions\/\">Obchodn\u00ed podm\u00ednky<\/a>\n                    <a href=\"https:\/\/sonicleanx.com\/cz\/privacy-policy\/\">Ochrana osobn\u00edch \u00fadaj\u016f<\/a>\n                    <a href=\"https:\/\/sonicleanx.com\/cz\/shipping-policy\/\">Z\u00e1sady dopravy<\/a>\n                    <a href=\"https:\/\/sonicleanx.com\/cz\/payment-policy\/\">Platebn\u00ed podm\u00ednky<\/a>\n                    <a href=\"https:\/\/sonicleanx.com\/cz\/about-us\/\">O n\u00e1s<\/a>\n                    <a href=\"https:\/\/sonicleanx.com\/cz\/disclaimer\/\">Vylou\u010den\u00ed odpov\u011bdnosti<\/a>\n                <\/div>\n            <\/div>\n            \n        <\/div>\n        \n        <!-- Right Half -->\n        <div class=\"flgb-ft-footer-half\">\n            \n            <!-- Column 3: ORDER -->\n            <div class=\"flgb-ft-footer-col\">\n                                <div class=\"flgb-ft-footer-header\">OBJEDN\u00c1VKA<\/div>\n                                <div class=\"flgb-ft-footer-links\">\n                    <a href=\"https:\/\/sonicleanx.com\/cz\/order-tracking\/\">Sledov\u00e1n\u00ed z\u00e1silky<\/a>\n                    <a href=\"https:\/\/sonicleanx.com\/cz\/refund-and-return-policy\/\">Z\u00e1sady vr\u00e1cen\u00ed zbo\u017e\u00ed<\/a>\n                    <a href=\"https:\/\/sonicleanx.com\/cz\/faq\/\">FAQ<\/a>\n                    <a href=\"https:\/\/sonicleanx.com\/cz\/contact\/\">Kontakt<\/a>\n                <\/div>\n            <\/div>\n            \n            <!-- Column 4: CUSTOMER SUPPORT -->\n            <div class=\"flgb-ft-footer-col\">\n                                <div class=\"flgb-ft-footer-header\">Z\u00c1KAZNICK\u00c1 PODPORA<\/div>\n                                <div class=\"flgb-ft-footer-links\">\n                    <div>Jsme k dispozici ka\u017ed\u00fd pracovn\u00ed den od 08:00 do 16:00.<\/div>\n                    <div class=\"flgb-ft-footer-contact-item\">\n                        <span class=\"dashicons dashicons-email\" style=\"font-size: 20px;\"><\/span>\n                        <span>info@sonicleanx.com<\/span>\n                    <\/div>\n                    <div class=\"flgb-ft-footer-contact-item\">\n                        <span class=\"dashicons dashicons-phone\" style=\"font-size: 20px;\"><\/span>\n                        <span>+421952290922<\/span>\n                    <\/div>\n                                    <\/div>\n            <\/div>\n            \n        <\/div>\n        \n    <\/div>\n<\/div>\n\n<!-- Credits Bar -->\n<div class=\"flgb-ft-credits-bar\">\n    <div class=\"flgb-ft-credits-bar-inner\">\n        <span>\u00a92026 SonicleanX. V\u0161echna pr\u00e1va vyhrazena<\/span>\n            <\/div>\n<\/div>","protected":false},"excerpt":{"rendered":"","protected":false},"author":1,"featured_media":0,"parent":0,"menu_order":0,"comment_status":"closed","ping_status":"closed","template":"","meta":{"footnotes":""},"class_list":["post-4560","page","type-page","status-publish","hentry"],"_links":{"self":[{"href":"https:\/\/sonicleanx.com\/cz\/wp-json\/wp\/v2\/pages\/4560","targetHints":{"allow":["GET"]}}],"collection":[{"href":"https:\/\/sonicleanx.com\/cz\/wp-json\/wp\/v2\/pages"}],"about":[{"href":"https:\/\/sonicleanx.com\/cz\/wp-json\/wp\/v2\/types\/page"}],"author":[{"embeddable":true,"href":"https:\/\/sonicleanx.com\/cz\/wp-json\/wp\/v2\/users\/1"}],"replies":[{"embeddable":true,"href":"https:\/\/sonicleanx.com\/cz\/wp-json\/wp\/v2\/comments?post=4560"}],"version-history":[{"count":1,"href":"https:\/\/sonicleanx.com\/cz\/wp-json\/wp\/v2\/pages\/4560\/revisions"}],"predecessor-version":[{"id":4578,"href":"https:\/\/sonicleanx.com\/cz\/wp-json\/wp\/v2\/pages\/4560\/revisions\/4578"}],"wp:attachment":[{"href":"https:\/\/sonicleanx.com\/cz\/wp-json\/wp\/v2\/media?parent=4560"}],"curies":[{"name":"wp","href":"https:\/\/api.w.org\/{rel}","templated":true}]}}