{"id":9,"date":"2024-09-17T09:20:54","date_gmt":"2024-09-17T07:20:54","guid":{"rendered":"https:\/\/sonicleanx.com\/index.php\/checkout\/"},"modified":"2026-02-10T10:11:50","modified_gmt":"2026-02-10T09:11:50","slug":"checkout","status":"publish","type":"page","link":"https:\/\/sonicleanx.com\/cz\/checkout\/","title":{"rendered":"Pokladna"},"content":{"rendered":"<style>\n.flgb-funnel-header {\n    background-color: #08223a;\n    width: 100%;\n    padding: 15px var(--flgb-content-padding);\n    box-sizing: border-box;\n}\n.flgb-funnel-header * {\n    box-sizing: border-box;\n}\n.flgb-funnel-header-inner {\n    display: flex;\n    flex-direction: row;\n    align-items: center;\n    justify-content: space-between;\n    width: 100%;\n    max-width: 660px;\n    margin: 0 auto;\n}\n.flgb-funnel-header-logo img {\n    height: 14px;\n    width: auto;\n    display: block;\n}\n.flgb-funnel-header-badge {\n    display: flex;\n    flex-direction: row;\n    align-items: center;\n    gap: 8px;\n}\n.flgb-funnel-header-badge svg {\n    width: 30px;\n    height: 30px;\n    fill: #aaaaaa;\n}\n.flgb-funnel-header-badge-text {\n    font-size: 13px;\n    font-weight: 700;\n    line-height: 1.1;\n    color: #aaaaaa;\n    text-align: left;\n}\n<\/style>\n<div class=\"flgb-funnel-header\">\n    <div class=\"flgb-funnel-header-inner\">\n        <div class=\"flgb-funnel-header-logo\">\n                        <img decoding=\"async\" src=\"https:\/\/sonicleanx.com\/wp-content\/uploads\/2025\/04\/snclx-logo-w.webp\" alt=\"Logo\" \/>\n                    <\/div>\n        <div class=\"flgb-funnel-header-badge\">\n            <svg xmlns=\"http:\/\/www.w3.org\/2000\/svg\" viewbox=\"0 0 18 28\">\n                <path d=\"M5 12h8v-3c0-2.203-1.797-4-4-4s-4 1.797-4 4v3zM18 13.5v9c0 0.828-0.672 1.5-1.5 1.5h-15c-0.828 0-1.5-0.672-1.5-1.5v-9c0-0.828 0.672-1.5 1.5-1.5h0.5v-3c0-3.844 3.156-7 7-7s7 3.156 7 7v3h0.5c0.828 0 1.5 0.672 1.5 1.5z\"\/>\n            <\/svg>\n            <div class=\"flgb-funnel-header-badge-text\">BEZPE\u010cN\u00dd<br>N\u00c1KUP<\/div>\n        <\/div>\n    <\/div>\n<\/div>\n<style>\n.flgb-step-counter {\n    background-color: #ffffff;\n    width: 100%;\n    padding: 10px var(--flgb-content-padding);\n    box-sizing: border-box;\n    font-size: 12px;\n    color: #7f7f7f;\n}\n.flgb-step-counter * {\n    box-sizing: border-box;\n}\n.flgb-step-counter-inner {\n    display: flex;\n    flex-direction: row;\n    align-items: center;\n    justify-content: center;\n    width: 100%;\n    max-width: 660px;\n    margin: 0 auto;\n}\n.flgb-step-counter-step {\n    line-height: 1;\n}\n.flgb-step-counter-step.active {\n    font-size: 16px;\n    font-weight: 700;\n    color: #000000;\n}\n.flgb-step-counter-arrow {\n    margin: 0 8px;\n    line-height: 1;\n}\n.flgb-step-counter-arrow svg {\n    width: auto;\n    height: 15px;\n    fill: #7f7f7f;\n    vertical-align: middle;\n}\n@media (max-width: 479px) {\n    .flgb-step-counter {\n        font-size: 11px;\n    }\n    .flgb-step-counter-step.active {\n        font-size: 14px;\n    }\n}\n<\/style>\n<div class=\"flgb-step-counter\">\n    <div class=\"flgb-step-counter-inner\">\n        <span class=\"flgb-step-counter-step\">Zvolte mno\u017estv\u00ed<\/span>\n        <span class=\"flgb-step-counter-arrow\">\n            <svg xmlns=\"http:\/\/www.w3.org\/2000\/svg\" viewbox=\"0 0 9 28\">\n                <path d=\"M9.297 15c0 0.125-0.063 0.266-0.156 0.359l-7.281 7.281c-0.094 0.094-0.234 0.156-0.359 0.156s-0.266-0.063-0.359-0.156l-0.781-0.781c-0.094-0.094-0.156-0.219-0.156-0.359 0-0.125 0.063-0.266 0.156-0.359l6.141-6.141-6.141-6.141c-0.094-0.094-0.156-0.234-0.156-0.359s0.063-0.266 0.156-0.359l0.781-0.781c0.094-0.094 0.234-0.156 0.359-0.156s0.266 0.063 0.359 0.156l7.281 7.281c0.094 0.094 0.156 0.234 0.156 0.359z\"\/>\n            <\/svg>\n        <\/span>\n        <span class=\"flgb-step-counter-step active\">Pokladna<\/span>\n        <span class=\"flgb-step-counter-arrow\">\n            <svg xmlns=\"http:\/\/www.w3.org\/2000\/svg\" viewbox=\"0 0 9 28\">\n                <path d=\"M9.297 15c0 0.125-0.063 0.266-0.156 0.359l-7.281 7.281c-0.094 0.094-0.234 0.156-0.359 0.156s-0.266-0.063-0.359-0.156l-0.781-0.781c-0.094-0.094-0.156-0.219-0.156-0.359 0-0.125 0.063-0.266 0.156-0.359l6.141-6.141-6.141-6.141c-0.094-0.094-0.156-0.234-0.156-0.359s0.063-0.266 0.156-0.359l0.781-0.781c0.094-0.094 0.234-0.156 0.359-0.156s0.266 0.063 0.359 0.156l7.281 7.281c0.094 0.094 0.156 0.234 0.156 0.359z\"\/>\n            <\/svg>\n        <\/span>\n        <span class=\"flgb-step-counter-step\">Shrnut\u00ed objedn\u00e1vky<\/span>\n    <\/div>\n<\/div>\n<style>\n    .flgb-funnel-wrapper {\n        background-color: #f0f2f5;\n        width: 100%;\n        padding: 45px var(--flgb-content-padding);\n        box-sizing: border-box;\n    }\n    .flgb-funnel-wrapper * {\n        box-sizing: border-box;\n    }\n    .flgb-funnel-container {\n        background-color: #ffffff;\n        max-width: 660px;\n        margin: 0 auto;\n        padding: 30px;\n        border-radius: 10px;\n    }\n    @media (max-width: 768px) {\n        .flgb-funnel-wrapper {\n            padding: 30px var(--flgb-content-padding);\n        }\n        .flgb-funnel-container {\n            padding: 30px var(--flgb-content-padding);\n        }\n    }\n    @media (max-width: 480px) {\n        .flgb-funnel-wrapper {\n            padding: 0;\n        }\n        .flgb-funnel-container {\n            border-radius: 0;\n        }\n    }\n<\/style>\n<div class=\"flgb-funnel-wrapper\">\n    <div class=\"flgb-funnel-container\">\n\n<div class=\"woocommerce\"><\/div>\n    <\/div><!-- .flgb-funnel-container -->\n<\/div><!-- .flgb-funnel-wrapper -->\n<style>\n.flgb-ft-light-footer {\n    width: 100%;\n    text-align: center;\n    padding: 15px var(--flgb-content-padding);\n    font-family: Roboto, sans-serif;\n    font-size: 11px;\n}\n.flgb-ft-light-footer a {\n    color: #909090;\n    text-decoration: none;\n}\n.flgb-ft-light-footer a:hover {\n    text-decoration: none;\n}\n<\/style>\n<div class=\"flgb-ft-light-footer\">\n    <a href=\"https:\/\/sonicleanx.com\/cz\/terms-and-conditions\/\">Obchodn\u00ed podm\u00ednky<\/a> | <a href=\"https:\/\/sonicleanx.com\/cz\/privacy-policy\/\">Ochrana osobn\u00edch \u00fadaj\u016f<\/a> | <a href=\"https:\/\/sonicleanx.com\/cz\/shipping-policy\/\">Z\u00e1sady dopravy<\/a> | <a href=\"https:\/\/sonicleanx.com\/cz\/refund-and-return-policy\/\">Z\u00e1sady vr\u00e1cen\u00ed zbo\u017e\u00ed<\/a> | <a href=\"https:\/\/sonicleanx.com\/cz\/contact\/\">Kontakt<\/a><\/div>","protected":false},"excerpt":{"rendered":"","protected":false},"author":1,"featured_media":0,"parent":0,"menu_order":0,"comment_status":"closed","ping_status":"closed","template":"","meta":{"footnotes":""},"class_list":["post-9","page","type-page","status-publish","hentry"],"_links":{"self":[{"href":"https:\/\/sonicleanx.com\/cz\/wp-json\/wp\/v2\/pages\/9","targetHints":{"allow":["GET"]}}],"collection":[{"href":"https:\/\/sonicleanx.com\/cz\/wp-json\/wp\/v2\/pages"}],"about":[{"href":"https:\/\/sonicleanx.com\/cz\/wp-json\/wp\/v2\/types\/page"}],"author":[{"embeddable":true,"href":"https:\/\/sonicleanx.com\/cz\/wp-json\/wp\/v2\/users\/1"}],"replies":[{"embeddable":true,"href":"https:\/\/sonicleanx.com\/cz\/wp-json\/wp\/v2\/comments?post=9"}],"version-history":[{"count":1,"href":"https:\/\/sonicleanx.com\/cz\/wp-json\/wp\/v2\/pages\/9\/revisions"}],"predecessor-version":[{"id":4564,"href":"https:\/\/sonicleanx.com\/cz\/wp-json\/wp\/v2\/pages\/9\/revisions\/4564"}],"wp:attachment":[{"href":"https:\/\/sonicleanx.com\/cz\/wp-json\/wp\/v2\/media?parent=9"}],"curies":[{"name":"wp","href":"https:\/\/api.w.org\/{rel}","templated":true}]}}