{"id":4553,"date":"2026-02-10T09:51:54","date_gmt":"2026-02-10T08:51:54","guid":{"rendered":"https:\/\/sonicleanx.com\/privacy-policy\/"},"modified":"2026-02-10T10:01:05","modified_gmt":"2026-02-10T09:01:05","slug":"privacy-policy","status":"publish","type":"page","link":"https:\/\/sonicleanx.com\/hu\/privacy-policy\/","title":{"rendered":"Adatkezel\u00e9si t\u00e1j\u00e9koztat\u00f3"},"content":{"rendered":"<style>\n.flgb-ft-header {\n    background-color: #ffffff;\n    width: 100%;\n    padding: 10px var(--flgb-content-padding);\n    box-sizing: border-box;\n}\n.flgb-ft-header * {\n    box-sizing: border-box;\n}\n.flgb-ft-header-inner {\n    display: flex;\n    flex-direction: row;\n    align-items: center;\n    justify-content: space-between;\n    width: 100%;\n    max-width: 1120px;\n    margin: 0 auto;\n}\n.flgb-ft-header-logo img {\n    height: 14px;\n    width: auto;\n    display: block;\n}\n.flgb-ft-header-cta {\n    display: inline-block;\n    padding: 10px 25px;\n    font-size: 16px;\n    font-weight: 700;\n    line-height: 1;\n    text-decoration: none;\n    border-radius: 5px;\n    border: 2px solid #000000;\n    color: #000000;\n    background-color: #ffffff;\n    transition: all 0.2s ease;\n}\n.flgb-ft-header-cta:hover {\n    color: #ffffff;\n    background-color: #000000;\n    border-color: #000000;\n    text-decoration: none;\n}\n@media (max-width: 479px) {\n    .flgb-ft-header-cta {\n        font-size: 12px;\n        padding: 10px var(--flgb-content-padding);\n    }\n}\n<\/style>\n<div class=\"flgb-ft-header\">\n    <div class=\"flgb-ft-header-inner\">\n        <div class=\"flgb-ft-header-logo\">\n                        <a href=\"https:\/\/sonicleanx.com\/hu\/\">\n                <img decoding=\"async\" src=\"https:\/\/sonicleanx.com\/wp-content\/uploads\/2024\/10\/snclx-logo-black.webp\" alt=\"SonicleanX\" \/>\n            <\/a>\n                    <\/div>\n                <a href=\"https:\/\/sonicleanx.com\/hu\/select-qty\" class=\"flgb-ft-header-cta\">Rendelj most!<\/a>\n            <\/div>\n<\/div>\n<style>\n.flgb-ft-page-section {\n    background-color: #eff1f6;\n    padding: 50px var(--flgb-content-padding);\n    width: 100%;\n    box-sizing: border-box;\n}\n.flgb-ft-page-section * {\n    box-sizing: border-box;\n}\n.flgb-ft-page-container {\n    background-color: #ffffff;\n    padding: 40px;\n    max-width: 900px;\n    width: 100%;\n    margin: 0 auto;\n    box-shadow: 0 0 10px 0 #d6d6d6;\n}\n@media (max-width: 991px) {\n    .flgb-ft-page-section {\n        padding: 40px var(--flgb-content-padding);\n    }\n}\n@media (max-width: 767px) {\n    .flgb-ft-page-section {\n        padding: 40px var(--flgb-content-padding);\n    }\n    .flgb-ft-page-container {\n        padding: 30px;\n    }\n}\n@media (max-width: 479px) {\n    .flgb-ft-page-section {\n        padding: 25px 0;\n    }\n    .flgb-ft-page-container {\n        padding: 25px 10px 25px 10px;\n    }\n}\n<\/style>\n<div class=\"flgb-ft-page-section\">\n    <div class=\"flgb-ft-page-container\">\n        <h2 style=\"text-align: center;\">Adatv\u00e9delmi szab\u00e1lyzat<\/h2>\n    \n    <h4>I. Alapvet\u0151 rendelkez\u00e9sek<\/h4>\n    \n    <p>1. Az 5. \u00a7-a szerinti szem\u00e9lyes adatok kezel\u0151i t\u00f6rv\u00e9ny o) pontja szerint. 18\/2018 Z.z. a szem\u00e9lyes adatok v\u00e9delm\u00e9r\u0151l sz\u00f3l\u00f3 m\u00f3dos\u00edt\u00e1ssal (a tov\u00e1bbiakban: \u201e<strong>t\u00f6rv\u00e9ny<\/strong>\") a k\u00f6vetkez\u0151:<\/p>\n    \n    <p>konsuma s.r.o.<br \/>\n    Lermontovova 911\/3<br \/>\n81105 Bratislava<br>\n    Szlov\u00e1kia\n    <\/p>\n\n    <p>Azonos\u00edt\u00f3: 56392524<br \/>\n    \u00c1FA: 2122295868<br \/>\n    \u00c1FA azonos\u00edt\u00f3: SK2122295868<\/p>\n    \n    <p>(tov\u00e1bbiakban: \"<strong>Oper\u00e1tor<\/strong>\").<\/p>\n\n    <p>2. Az \u00fczemeltet\u0151 el\u00e9rhet\u0151s\u00e9gei:<\/p>\n\n<p>E-mail: <a href=\"mailto:info@sonicleanx.com\">info@sonicleanx.com<\/a><\/p>\n\n    <p>3. Szem\u00e9lyes adat: b\u00e1rmely azonos\u00edtott vagy azonos\u00edthat\u00f3 term\u00e9szetes szem\u00e9lyre vonatkoz\u00f3 inform\u00e1ci\u00f3; azonos\u00edthat\u00f3 term\u00e9szetes szem\u00e9ly az a term\u00e9szetes szem\u00e9ly, aki k\u00f6zvetlen\u00fcl vagy k\u00f6zvetve azonos\u00edthat\u00f3, k\u00fcl\u00f6n\u00f6sen egy meghat\u00e1rozott azonos\u00edt\u00f3ra \u2013 p\u00e9ld\u00e1ul n\u00e9vre, azonos\u00edt\u00f3 sz\u00e1mra, helyadatokra, h\u00e1l\u00f3zati azonos\u00edt\u00f3ra \u2013 vagy egy vagy t\u00f6bb meghat\u00e1rozott fizikai, fiziol\u00f3giai elem alapj\u00e1n, az adott term\u00e9szetes szem\u00e9ly genetikai, ment\u00e1lis, gazdas\u00e1gi, kultur\u00e1lis vagy t\u00e1rsadalmi identit\u00e1sa.<\/p>\n\n    <p>4. Az adatkezel\u0151 a szem\u00e9lyes adatok v\u00e9delm\u00e9\u00e9rt felel\u0151s szem\u00e9lyt nem jel\u00f6lt ki.<\/p>\n\n    <h4>II. A feldolgozott szem\u00e9lyes adatok forr\u00e1sai \u00e9s kateg\u00f3ri\u00e1i<\/h4>\n\n    <p>1. Az \u00dczemeltet\u0151 kezeli az \u00d6n \u00e1ltal a rendelkez\u00e9s\u00e9re bocs\u00e1tott szem\u00e9lyes adatokat, vagy azokat a szem\u00e9lyes adatokat, amelyeket az \u00fczemeltet\u0151 az \u00d6n megrendel\u00e9s\u00e9nek teljes\u00edt\u00e9se alapj\u00e1n kapott.<\/p>\n\n    <p>2. Az \u00fczemeltet\u0151 az \u00d6n azonos\u00edt\u00f3 \u00e9s el\u00e9rhet\u0151s\u00e9gi adatait, valamint a szerz\u0151d\u00e9s teljes\u00edt\u00e9s\u00e9hez sz\u00fcks\u00e9ges adatokat kezeli.<\/p>\n\n    <h4>III. A szem\u00e9lyes adatok kezel\u00e9s\u00e9nek jogi oka \u00e9s c\u00e9lja<\/h4>\n\n    <p>1. A szem\u00e9lyes adatok kezel\u00e9s\u00e9nek jogi oka az<\/p>\n\n    <ul>\n        <li>az \u00d6n \u00e9s az \u00fczemeltet\u0151 k\u00f6z\u00f6tti szerz\u0151d\u00e9s teljes\u00edt\u00e9se a 13. \u00a7 bek. szerint. 1 lev\u00e9l t\u00f6rv\u00e9ny b) pontja,<\/li>\n        <li>az \u00fczemeltet\u0151 jogos \u00e9rdeke a direkt marketing szolg\u00e1ltat\u00e1s ny\u00fajt\u00e1s\u00e1hoz (k\u00fcl\u00f6n\u00f6sen az \u00fczleti k\u00f6zlem\u00e9nyek \u00e9s h\u00edrlevelek k\u00fcld\u00e9s\u00e9hez) a 13. \u00a7 bek. 1 lev\u00e9l t\u00f6rv\u00e9ny f) pontja,<\/li>\n        <li>Az \u00d6n hozz\u00e1j\u00e1rul\u00e1sa a direkt marketing c\u00e9l\u00fa feldolgoz\u00e1shoz (k\u00fcl\u00f6n\u00f6sen \u00fczleti k\u00f6zlem\u00e9nyek \u00e9s h\u00edrlevelek k\u00fcld\u00e9s\u00e9hez) a 13. \u00a7 bek. szerint. 1 lev\u00e9l t\u00f6rv\u00e9ny a) pontja<\/li>\n    <\/ul>\n\n    <p>2. A szem\u00e9lyes adatok kezel\u00e9s\u00e9nek c\u00e9lja az<\/p>\n\n    <ul>\n        <li>megrendel\u00e9s\u00e9nek feldolgoz\u00e1sa, valamint az \u00d6n \u00e9s az \u00fczemeltet\u0151 k\u00f6z\u00f6tti szerz\u0151d\u00e9ses jogviszonyb\u00f3l ered\u0151 jogok \u00e9s k\u00f6telezetts\u00e9gek gyakorl\u00e1sa; megrendel\u00e9skor olyan szem\u00e9lyes adatok megad\u00e1sa sz\u00fcks\u00e9ges, amelyek a megrendel\u00e9s sikeres feldolgoz\u00e1s\u00e1hoz sz\u00fcks\u00e9gesek (n\u00e9v \u00e9s c\u00edm, el\u00e9rhet\u0151s\u00e9g), a szem\u00e9lyes adatok megad\u00e1sa a szerz\u0151d\u00e9s megk\u00f6t\u00e9s\u00e9hez \u00e9s teljes\u00edt\u00e9s\u00e9hez sz\u00fcks\u00e9ges, szem\u00e9lyes adatok megad\u00e1sa n\u00e9lk\u00fcl nem k\u00f6thet\u0151 szerz\u0151d\u00e9st k\u00f6t, vagy azt az \u00fczemeltet\u0151 teljes\u00edti,<\/li>\n        <li>\u00dczleti bejelent\u00e9sek k\u00fcld\u00e9se \u00e9s egy\u00e9b marketingtev\u00e9kenys\u00e9gek v\u00e9grehajt\u00e1sa.<\/li>\n    <\/ul>\n\n    <p>3. Nincs \/ egyedi automatikus d\u00f6nt\u00e9shozatal az \u00fczemeltet\u0151 r\u00e9sz\u00e9r\u0151l a Szt. 28. \u00a7-a szerint. \u00d6n kifejezett hozz\u00e1j\u00e1rul\u00e1s\u00e1t adta az ilyen feldolgoz\u00e1shoz.<\/p>\n\n    <h4>IV. Meg\u0151rz\u00e9si id\u0151szak<\/h4>\n\n    <p>1. Az adatkezel\u0151 szem\u00e9lyes adatokat t\u00e1rol<\/p>\n\n    <ul>\n        <li>az \u00d6n \u00e9s az \u00fczemeltet\u0151 k\u00f6z\u00f6tti szerz\u0151d\u00e9ses jogviszonyb\u00f3l ered\u0151 jogok \u00e9s k\u00f6telezetts\u00e9gek gyakorl\u00e1s\u00e1hoz, valamint a jelen szerz\u0151d\u00e9ses jogviszonyokb\u00f3l ered\u0151 ig\u00e9nyek \u00e9rv\u00e9nyes\u00edt\u00e9s\u00e9hez sz\u00fcks\u00e9ges ideig (a szerz\u0151d\u00e9ses jogviszony megsz\u0171n\u00e9s\u00e9t\u0151l sz\u00e1m\u00edtott 15 \u00e9vig).<\/li>\n        <li>am\u00edg a szem\u00e9lyes adatok marketingc\u00e9l\u00fa feldolgoz\u00e1s\u00e1hoz adott hozz\u00e1j\u00e1rul\u00e1st visszavonj\u00e1k, addig a leghosszabb ideig<\/li>\n    <\/ul>\n\n    <p>2. A szem\u00e9lyes adatok meg\u0151rz\u00e9si id\u0151szak\u00e1nak lej\u00e1rtakor az adatkezel\u0151 a szem\u00e9lyes adatokat t\u00f6rli.<\/p>\n\n    <h4>V. A szem\u00e9lyes adatok c\u00edmzettjei (az adatkezel\u0151 alv\u00e1llalkoz\u00f3i)<\/h4>\n\n    <p>1. A szem\u00e9lyes adatok c\u00edmzettjei szem\u00e9lyek<\/p>\n\n    <ul>\n        <li>R\u00e9szt vesz az \u00e1ruk \/ szolg\u00e1ltat\u00e1sok sz\u00e1ll\u00edt\u00e1s\u00e1ban \/ a szerz\u0151d\u00e9s szerinti fizet\u00e9sek v\u00e9grehajt\u00e1s\u00e1ban,<\/li>\n        <li>E-shop szolg\u00e1ltat\u00e1sok \u00e9s egy\u00e9b e-shop szolg\u00e1ltat\u00e1sok ny\u00fajt\u00e1sa<\/li>\n        <li>Marketingszolg\u00e1ltat\u00e1sok ny\u00fajt\u00e1sa.<\/li>\n    <\/ul>\n\n    <p>2. Az adatkezel\u0151 nem k\u00edv\u00e1n szem\u00e9lyes adatokat harmadik orsz\u00e1gba (EU-n k\u00edv\u00fcli orsz\u00e1gba) vagy nemzetk\u00f6zi szervezetnek tov\u00e1bb\u00edtani. A szem\u00e9lyes adatok harmadik orsz\u00e1gokban c\u00edmzettjei levelez\u00e9si\/felh\u0151szolg\u00e1ltat\u00f3k.<\/p>\n\n    <h4>VI. Az \u00d6n jogai<\/h4>\n\n    <p>1. A t\u00f6rv\u00e9nyben meghat\u00e1rozott felt\u00e9telekkel rendelkezik<\/p>\n\n    <ul>\n        <li>a szem\u00e9lyes adataihoz val\u00f3 hozz\u00e1f\u00e9r\u00e9s joga a t\u00f6rv\u00e9ny 21. \u00a7-a alapj\u00e1n,<\/li>\n        <li>a szem\u00e9lyes adatok helyesb\u00edt\u00e9s\u00e9hez val\u00f3 jog a t\u00f6rv\u00e9ny 22. \u00a7-a alapj\u00e1n, vagy az adatkezel\u00e9s korl\u00e1toz\u00e1sa a t\u00f6rv\u00e9ny 24. \u00a7-a alapj\u00e1n,<\/li>\n        <li>a szem\u00e9lyes adatok t\u00f6rl\u00e9s\u00e9nek joga a t\u00f6rv\u00e9ny 23. \u00a7-a alapj\u00e1n,<\/li>\n        <li>a t\u00f6rv\u00e9ny 27. szakasza szerinti adatkezel\u00e9s elleni tiltakoz\u00e1s joga,<\/li>\n        <li>t\u00f6rv\u00e9ny 26. \u00a7-a szerinti adathordozhat\u00f3s\u00e1ghoz val\u00f3 jog,<\/li>\n        <li>az adatkezel\u00e9shez val\u00f3 hozz\u00e1j\u00e1rul\u00e1s visszavon\u00e1s\u00e1nak joga \u00edr\u00e1sban vagy elektronikus \u00faton az \u00fczemeltet\u0151 Ptk. E felt\u00e9telek III.<\/li>\n    <\/ul>\n\n    <p>2. \u00d6nnek is jog\u00e1ban \u00e1ll panasszal \u00e9lni a Szem\u00e9lyes Adatv\u00e9delmi Hivataln\u00e1l, ha \u00fagy v\u00e9li, hogy szem\u00e9lyes adatok v\u00e9delm\u00e9hez val\u00f3 jog\u00e1t megs\u00e9rtett\u00e9k.<\/p>\n\n    <h4>VII. Adatv\u00e9delmi szab\u00e1lyzat<\/h4>\n\n    <p>1. Az adatkezel\u0151 kijelenti, hogy minden megfelel\u0151 technikai \u00e9s szervez\u00e9si int\u00e9zked\u00e9st megtett a szem\u00e9lyes adatok v\u00e9delme \u00e9rdek\u00e9ben.<\/p>\n\n    <p>2. Az adatkezel\u0151 technikai int\u00e9zked\u00e9seket tett az adatt\u00e1rak \u00e9s a szem\u00e9lyes adatt\u00e1rak biztons\u00e1ga \u00e9rdek\u00e9ben.<\/p>\n\n    <p>3. Az adatkezel\u0151 kijelenti, hogy a szem\u00e9lyes adatokhoz csak az \u00e1ltala felhatalmazott szem\u00e9lyek f\u00e9rhetnek hozz\u00e1.<\/p>\n\n    <h4>VIII. Z\u00e1r\u00f3 rendelkez\u00e9sek<\/h4>\n\n    <p>1. Az online megrendel\u0151lapon leadott megrendel\u00e9ssel \u00d6n meger\u0151s\u00edti, hogy ismeri a szem\u00e9lyes adatok v\u00e9delm\u00e9nek felt\u00e9teleit, \u00e9s azokat marad\u00e9ktalanul elfogadja.<\/p>\n\n    <p>2. \u00d6n elfogadja ezeket a felt\u00e9teleket, ha a szerz\u0151d\u00e9st az online \u0171rlapon kereszt\u00fcl ellen\u0151rzi. A hozz\u00e1j\u00e1rul\u00e1s ellen\u0151rz\u00e9s\u00e9vel meger\u0151s\u00edti, hogy ismeri a szem\u00e9lyes adatok v\u00e9delm\u00e9nek felt\u00e9teleit, \u00e9s azokat marad\u00e9ktalanul elfogadja.<\/p>\n\n    <p>3. Az \u00fczemeltet\u0151 jogosult ezen felt\u00e9telek megv\u00e1ltoztat\u00e1s\u00e1ra. A szerz\u0151d\u00e9si felt\u00e9telek \u00faj v\u00e1ltozat\u00e1t k\u00f6zz\u00e9teszi a honlapj\u00e1n, \u00e9s ezzel egyidej\u0171leg elk\u00fcldi \u00d6nnek a jelen szerz\u0151d\u00e9si felt\u00e9telek \u00faj v\u00e1ltozat\u00e1t az \u00fczemeltet\u0151nek megadott e-mail c\u00edm\u00e9re.<\/p>\n\n    <p>Jelen felt\u00e9telek 1.1.2025 l\u00e9pnek hat\u00e1lyba<\/p>    <\/div>\n<\/div>\n<style>\n.flgb-ft-full-footer * {\n    box-sizing: border-box;\n}\n.flgb-ft-full-footer {\n    color: #dbdbdb;\n    font-family: inherit;\n    font-size: 14px;\n    line-height: 1.2;\n    width: 100%;\n    padding: 45px var(--flgb-content-padding);\n    background-color: #000000;\n}\n.flgb-ft-full-footer a {\n    color: #dbdbdb;\n    text-decoration: none;\n}\n.flgb-ft-full-footer a:hover {\n    text-decoration: underline;\n}\n.flgb-ft-footer-main-row {\n    display: flex;\n    flex-direction: row;\n    gap: 30px;\n    width: 100%;\n    max-width: 1120px;\n    margin: 0 auto;\n}\n.flgb-ft-footer-half {\n    display: flex;\n    flex-direction: row;\n    width: 50%;\n    gap: 30px;\n}\n.flgb-ft-footer-col {\n    width: 50%;\n    display: flex;\n    flex-direction: column;\n    gap: 15px;\n}\n.flgb-ft-footer-header {\n    font-weight: 600;\n    font-size: 16px;\n    color: #ffffff;\n}\n.flgb-ft-footer-links {\n    display: flex;\n    flex-direction: column;\n    gap: 12px;\n}\n.flgb-ft-footer-contact-item {\n    display: flex;\n    align-items: flex-start;\n    gap: 8px;\n}\n.flgb-ft-lang-switcher {\n    margin-top: 5px;\n}\n\n\/* Tablet *\/\n@media (max-width: 991px) {\n    .flgb-ft-full-footer {\n        padding: 40px var(--flgb-content-padding);\n    }\n    .flgb-ft-footer-main-row {\n        flex-direction: column;\n        gap: 20px;\n    }\n    .flgb-ft-footer-half {\n        width: 100%;\n    }\n}\n\n\/* Mobile *\/\n@media (max-width: 767px) {\n    .flgb-ft-footer-half {\n        flex-direction: column;\n        gap: 20px;\n    }\n    .flgb-ft-footer-col {\n        width: 100%;\n        text-align: center;\n        align-items: center;\n    }\n    .flgb-ft-footer-contact-item {\n        justify-content: center;\n    }\n    .flgb-ft-footer-links {\n        align-items: center;\n    }\n    .flgb-ft-lang-switcher {\n        display: flex;\n        justify-content: center;\n    }\n}\n\n\/* Small mobile *\/\n@media (max-width: 479px) {\n    .flgb-ft-full-footer {\n        padding: 24px var(--flgb-content-padding);\n    }\n    .flgb-ft-footer-links {\n        gap: 10px;\n    }\n}\n\n\/* Credits bar *\/\n.flgb-ft-credits-bar {\n    background-color: #ffffff;\n    width: 100%;\n    font-family: inherit;\n    font-size: 13px;\n    color: inherit;\n}\n.flgb-ft-credits-bar-inner {\n    display: flex;\n    flex-direction: row;\n    justify-content: space-between;\n    align-items: center;\n    width: 100%;\n    max-width: 1120px;\n    margin: 0 auto;\n    padding: 10px var(--flgb-content-padding);\n}\n.flgb-ft-credits-bar .flgb-ft-lang-switcher .trp-shortcode-switcher__wrapper,\n.flgb-ft-credits-bar .flgb-ft-lang-switcher .trp-language-switcher {\n    border: none !important;\n    padding: 0 !important;\n}\n@media (max-width: 767px) {\n    .flgb-ft-credits-bar-inner {\n        flex-direction: column;\n        text-align: center;\n        gap: 0;\n    }\n    .flgb-ft-credits-bar .flgb-ft-lang-switcher {\n        display: flex;\n        justify-content: center;\n    }\n}\n<\/style>\n\n<div class=\"flgb-ft-full-footer\" data-variant=\"home\">\n    <div class=\"flgb-ft-footer-main-row\">\n        \n        <!-- Left Half -->\n        <div class=\"flgb-ft-footer-half\">\n            \n            <!-- Column 1: Logo + Language Switcher + Shop -->\n            <div class=\"flgb-ft-footer-col\">\n                                <a href=\"https:\/\/sonicleanx.com\/hu\/\">\n                    <img decoding=\"async\" src=\"https:\/\/sonicleanx.com\/wp-content\/uploads\/2025\/04\/snclx-logo-w.webp\" \n                         alt=\"SonicleanX\" \n                         style=\"width: auto; height: 14px; display: block;\" \/>\n                <\/a>\n                                \n                                <div class=\"flgb-ft-lang-switcher\" style=\"width: 100%;\">\n                    <div class=\"trp_language_switcher_shortcode\">\n<div class=\"trp-language-switcher trp-language-switcher-container\" data-no-translation>\n    <div class=\"trp-ls-shortcode-current-language\">\n        <a href=\"#\" class=\"trp-ls-shortcode-disabled-language trp-ls-disabled-language\" title=\"Hungarian\" onclick=\"event.preventDefault()\">\n\t\t\t<img loading=\"lazy\" decoding=\"async\" class=\"trp-flag-image\" src=\"https:\/\/sonicleanx.com\/wp-content\/plugins\/translatepress-multilingual\/assets\/images\/flags\/hu_HU.png\" width=\"18\" height=\"12\" alt=\"hu_HU\" title=\"Hungarian\"> Hungarian\t\t<\/a>\n    <\/div>\n    <div class=\"trp-ls-shortcode-language\">\n                <a href=\"#\" class=\"trp-ls-shortcode-disabled-language trp-ls-disabled-language\"  title=\"Hungarian\" onclick=\"event.preventDefault()\">\n\t\t\t<img loading=\"lazy\" decoding=\"async\" class=\"trp-flag-image\" src=\"https:\/\/sonicleanx.com\/wp-content\/plugins\/translatepress-multilingual\/assets\/images\/flags\/hu_HU.png\" width=\"18\" height=\"12\" alt=\"hu_HU\" title=\"Hungarian\"> Hungarian\t\t<\/a>\n                    <a href=\"https:\/\/sonicleanx.com\/hu\/wp-json\/wp\/v2\/pages\/4553\" title=\"English\">\n            <img loading=\"lazy\" decoding=\"async\" class=\"trp-flag-image\" src=\"https:\/\/sonicleanx.com\/wp-content\/plugins\/translatepress-multilingual\/assets\/images\/flags\/en_US.png\" width=\"18\" height=\"12\" alt=\"en_US\" title=\"English\"> English        <\/a>\n\n            <a href=\"https:\/\/sonicleanx.com\/hu\/wp-json\/wp\/v2\/pages\/4553\" title=\"Slovak\">\n            <img loading=\"lazy\" decoding=\"async\" class=\"trp-flag-image\" src=\"https:\/\/sonicleanx.com\/wp-content\/plugins\/translatepress-multilingual\/assets\/images\/flags\/sk_SK.png\" width=\"18\" height=\"12\" alt=\"sk_SK\" title=\"Slovak\"> Slovak        <\/a>\n\n            <a href=\"https:\/\/sonicleanx.com\/hu\/wp-json\/wp\/v2\/pages\/4553\" title=\"Czech\">\n            <img loading=\"lazy\" decoding=\"async\" class=\"trp-flag-image\" src=\"https:\/\/sonicleanx.com\/wp-content\/plugins\/translatepress-multilingual\/assets\/images\/flags\/cs_CZ.png\" width=\"18\" height=\"12\" alt=\"cs_CZ\" title=\"Czech\"> Czech        <\/a>\n\n        <\/div>\n    <script type=\"application\/javascript\">\n        \/\/ need to have the same with set from JS on both divs. Otherwise it can push stuff around in HTML\n        var trp_ls_shortcodes = document.querySelectorAll('.trp_language_switcher_shortcode .trp-language-switcher');\n        if ( trp_ls_shortcodes.length > 0) {\n            \/\/ get the last language switcher added\n            var trp_el = trp_ls_shortcodes[trp_ls_shortcodes.length - 1];\n\n            var trp_shortcode_language_item = trp_el.querySelector( '.trp-ls-shortcode-language' )\n            \/\/ set width\n            var trp_ls_shortcode_width                                               = trp_shortcode_language_item.offsetWidth + 16;\n            trp_shortcode_language_item.style.width                                  = trp_ls_shortcode_width + 'px';\n            trp_el.querySelector( '.trp-ls-shortcode-current-language' ).style.width = trp_ls_shortcode_width + 'px';\n\n            \/\/ We're putting this on display: none after we have its width.\n            trp_shortcode_language_item.style.display = 'none';\n        }\n    <\/script>\n<\/div>\n<\/div>                <\/div>\n                                \n                            <\/div>\n            \n            <!-- Column 2: INFO -->\n            <div class=\"flgb-ft-footer-col\">\n                                <div class=\"flgb-ft-footer-header\">INFO<\/div>\n                                <div class=\"flgb-ft-footer-links\">\n                    <a href=\"https:\/\/sonicleanx.com\/hu\/terms-and-conditions\/\">Felhaszn\u00e1l\u00e1si felt\u00e9telek<\/a>\n                    <a href=\"https:\/\/sonicleanx.com\/hu\/privacy-policy\/\">Adatkezel\u00e9si t\u00e1j\u00e9koztat\u00f3<\/a>\n                    <a href=\"https:\/\/sonicleanx.com\/hu\/shipping-policy\/\">Sz\u00e1ll\u00edt\u00e1si inform\u00e1ci\u00f3k<\/a>\n                    <a href=\"https:\/\/sonicleanx.com\/hu\/payment-policy\/\">Fizet\u00e9si inform\u00e1ci\u00f3k<\/a>\n                    <a href=\"https:\/\/sonicleanx.com\/hu\/about-us\/\">R\u00f3lunk<\/a>\n                    <a href=\"https:\/\/sonicleanx.com\/hu\/disclaimer\/\">Jogi nyilatkozat<\/a>\n                <\/div>\n            <\/div>\n            \n        <\/div>\n        \n        <!-- Right Half -->\n        <div class=\"flgb-ft-footer-half\">\n            \n            <!-- Column 3: ORDER -->\n            <div class=\"flgb-ft-footer-col\">\n                                <div class=\"flgb-ft-footer-header\">RENDEL\u00c9S<\/div>\n                                <div class=\"flgb-ft-footer-links\">\n                    <a href=\"https:\/\/sonicleanx.com\/hu\/order-tracking\/\">Rendel\u00e9s k\u00f6vet\u00e9se<\/a>\n                    <a href=\"https:\/\/sonicleanx.com\/hu\/refund-and-return-policy\/\">Visszak\u00fcld\u00e9si szab\u00e1lyzat<\/a>\n                    <a href=\"https:\/\/sonicleanx.com\/hu\/faq\/\">GY.I.K.<\/a>\n                    <a href=\"https:\/\/sonicleanx.com\/hu\/contact\/\">El\u00e9rhet\u0151s\u00e9g<\/a>\n                <\/div>\n            <\/div>\n            \n            <!-- Column 4: CUSTOMER SUPPORT -->\n            <div class=\"flgb-ft-footer-col\">\n                                <div class=\"flgb-ft-footer-header\">\u00dcGYF\u00c9LSZOLG\u00c1LAT<\/div>\n                                <div class=\"flgb-ft-footer-links\">\n                    <div>Munkanapokon 08:00 \u00e9s 16:00 k\u00f6z\u00f6tt vagyunk el\u00e9rhet\u0151k.<\/div>\n                    <div class=\"flgb-ft-footer-contact-item\">\n                        <span class=\"dashicons dashicons-email\" style=\"font-size: 20px;\"><\/span>\n                        <span>info@sonicleanx.com<\/span>\n                    <\/div>\n                    <div class=\"flgb-ft-footer-contact-item\">\n                        <span class=\"dashicons dashicons-phone\" style=\"font-size: 20px;\"><\/span>\n                        <span>+421952290922<\/span>\n                    <\/div>\n                                    <\/div>\n            <\/div>\n            \n        <\/div>\n        \n    <\/div>\n<\/div>\n\n<!-- Credits Bar -->\n<div class=\"flgb-ft-credits-bar\">\n    <div class=\"flgb-ft-credits-bar-inner\">\n        <span>\u00a92026 SonicleanX. Minden jog fenntartva<\/span>\n            <\/div>\n<\/div>","protected":false},"excerpt":{"rendered":"","protected":false},"author":1,"featured_media":0,"parent":0,"menu_order":0,"comment_status":"closed","ping_status":"closed","template":"","meta":{"footnotes":""},"class_list":["post-4553","page","type-page","status-publish","hentry"],"_links":{"self":[{"href":"https:\/\/sonicleanx.com\/hu\/wp-json\/wp\/v2\/pages\/4553","targetHints":{"allow":["GET"]}}],"collection":[{"href":"https:\/\/sonicleanx.com\/hu\/wp-json\/wp\/v2\/pages"}],"about":[{"href":"https:\/\/sonicleanx.com\/hu\/wp-json\/wp\/v2\/types\/page"}],"author":[{"embeddable":true,"href":"https:\/\/sonicleanx.com\/hu\/wp-json\/wp\/v2\/users\/1"}],"replies":[{"embeddable":true,"href":"https:\/\/sonicleanx.com\/hu\/wp-json\/wp\/v2\/comments?post=4553"}],"version-history":[{"count":1,"href":"https:\/\/sonicleanx.com\/hu\/wp-json\/wp\/v2\/pages\/4553\/revisions"}],"predecessor-version":[{"id":4580,"href":"https:\/\/sonicleanx.com\/hu\/wp-json\/wp\/v2\/pages\/4553\/revisions\/4580"}],"wp:attachment":[{"href":"https:\/\/sonicleanx.com\/hu\/wp-json\/wp\/v2\/media?parent=4553"}],"curies":[{"name":"wp","href":"https:\/\/api.w.org\/{rel}","templated":true}]}}