{"id":4554,"date":"2026-02-10T09:51:54","date_gmt":"2026-02-10T08:51:54","guid":{"rendered":"https:\/\/sonicleanx.com\/shipping-policy\/"},"modified":"2026-02-10T10:00:19","modified_gmt":"2026-02-10T09:00:19","slug":"shipping-policy","status":"publish","type":"page","link":"https:\/\/sonicleanx.com\/hu\/shipping-policy\/","title":{"rendered":"Sz\u00e1ll\u00edt\u00e1si inform\u00e1ci\u00f3k"},"content":{"rendered":"<style>\n.flgb-ft-header {\n    background-color: #ffffff;\n    width: 100%;\n    padding: 10px var(--flgb-content-padding);\n    box-sizing: border-box;\n}\n.flgb-ft-header * {\n    box-sizing: border-box;\n}\n.flgb-ft-header-inner {\n    display: flex;\n    flex-direction: row;\n    align-items: center;\n    justify-content: space-between;\n    width: 100%;\n    max-width: 1120px;\n    margin: 0 auto;\n}\n.flgb-ft-header-logo img {\n    height: 14px;\n    width: auto;\n    display: block;\n}\n.flgb-ft-header-cta {\n    display: inline-block;\n    padding: 10px 25px;\n    font-size: 16px;\n    font-weight: 700;\n    line-height: 1;\n    text-decoration: none;\n    border-radius: 5px;\n    border: 2px solid #000000;\n    color: #000000;\n    background-color: #ffffff;\n    transition: all 0.2s ease;\n}\n.flgb-ft-header-cta:hover {\n    color: #ffffff;\n    background-color: #000000;\n    border-color: #000000;\n    text-decoration: none;\n}\n@media (max-width: 479px) {\n    .flgb-ft-header-cta {\n        font-size: 12px;\n        padding: 10px var(--flgb-content-padding);\n    }\n}\n<\/style>\n<div class=\"flgb-ft-header\">\n    <div class=\"flgb-ft-header-inner\">\n        <div class=\"flgb-ft-header-logo\">\n                        <a href=\"https:\/\/sonicleanx.com\/hu\/\">\n                <img decoding=\"async\" src=\"https:\/\/sonicleanx.com\/wp-content\/uploads\/2024\/10\/snclx-logo-black.webp\" alt=\"SonicleanX\" \/>\n            <\/a>\n                    <\/div>\n                <a href=\"https:\/\/sonicleanx.com\/hu\/select-qty\" class=\"flgb-ft-header-cta\">Rendelj most!<\/a>\n            <\/div>\n<\/div>\n<style>\n.flgb-ft-page-section {\n    background-color: #eff1f6;\n    padding: 50px var(--flgb-content-padding);\n    width: 100%;\n    box-sizing: border-box;\n}\n.flgb-ft-page-section * {\n    box-sizing: border-box;\n}\n.flgb-ft-page-container {\n    background-color: #ffffff;\n    padding: 40px;\n    max-width: 900px;\n    width: 100%;\n    margin: 0 auto;\n    box-shadow: 0 0 10px 0 #d6d6d6;\n}\n@media (max-width: 991px) {\n    .flgb-ft-page-section {\n        padding: 40px var(--flgb-content-padding);\n    }\n}\n@media (max-width: 767px) {\n    .flgb-ft-page-section {\n        padding: 40px var(--flgb-content-padding);\n    }\n    .flgb-ft-page-container {\n        padding: 30px;\n    }\n}\n@media (max-width: 479px) {\n    .flgb-ft-page-section {\n        padding: 25px 0;\n    }\n    .flgb-ft-page-container {\n        padding: 25px 10px 25px 10px;\n    }\n}\n<\/style>\n<div class=\"flgb-ft-page-section\">\n    <div class=\"flgb-ft-page-container\">\n        <h2 style=\"text-align: center;\">Sz\u00e1ll\u00edt\u00e1si felt\u00e9telek<\/h2>\n\n<p>Mindent megtesz\u00fcnk annak \u00e9rdek\u00e9ben, hogy rendel\u00e9s\u00e9t a lehet\u0151 leggyorsabban \u00e9s legmegb\u00edzhat\u00f3bban k\u00e9zbes\u00edts\u00fck. A term\u00e9keket az Eur\u00f3pai Uni\u00f3ban tal\u00e1lhat\u00f3 rakt\u00e1runkb\u00f3l sz\u00e1ll\u00edtjuk, \u00e9s c\u00e9lunk, hogy minden rendel\u00e9st egy munkanapon bel\u00fcl feladjunk.<\/p>\n\n<h4>Sz\u00e1ll\u00edt\u00e1si orsz\u00e1gok<\/h4>\n<p>Jelenleg az al\u00e1bbi eur\u00f3pai uni\u00f3s orsz\u00e1gokba sz\u00e1ll\u00edtunk:<\/p>\n\n<table class=\"fgp-shipping-table\"><thead><tr><th>Orsz\u00e1g<\/th><th>Becs\u00fclt sz\u00e1ll\u00edt\u00e1si id\u0151<\/th><th>Sz\u00e1ll\u00edt\u00e1si m\u00f3d<\/th><\/tr><\/thead><tbody><tr><td data-no-translation=\"\" data-trp-gettext=\"\">Csehorsz\u00e1g<\/td><td>2 munkanap<\/td><td>Packeta<\/td><\/tr><tr><td data-no-translation=\"\" data-trp-gettext=\"\">Szlov\u00e1kia<\/td><td>2 munkanap<\/td><td>Packeta<\/td><\/tr><\/tbody><\/table>\n\n<p><strong>Fontos:<\/strong> A rendel\u00e9s feldolgoz\u00e1sa 1\u20132 munkanapot vesz ig\u00e9nybe. A sz\u00e1ll\u00edt\u00e1si id\u0151 \u00fcnnepi id\u0151szakokban, p\u00e9ld\u00e1ul Black Friday vagy kar\u00e1csony idej\u00e9n hosszabb lehet.<\/p>\n\n<h4>Sz\u00e1ll\u00edt\u00e1si \u00e9s feldolgoz\u00e1si id\u0151k<\/h4>\n<ul>\n    <li>A rendel\u00e9sek k\u00f6zvetlen\u00fcl EU-rakt\u00e1runkb\u00f3l ker\u00fclnek felad\u00e1sra.<\/li>\n    <li>A h\u00e9tk\u00f6znap 7:00 \u00f3r\u00e1ig leadott rendel\u00e9seket m\u00e9g aznap feladjuk.<\/li>\n    <li>A 7:00 ut\u00e1n be\u00e9rkez\u0151 rendel\u00e9seket a k\u00f6vetkez\u0151 munkanapon k\u00fcldj\u00fck el.<\/li>\n    <li>H\u00e9tv\u00e9g\u00e9n \u00e9s \u00fcnnepnapokon nem sz\u00e1ll\u00edtunk.<\/li>\n<\/ul>\n\n<h4>Sz\u00e1ll\u00edt\u00e1si d\u00edjak<\/h4>\n<ul>\n    <li>A sz\u00e1ll\u00edt\u00e1si d\u00edj a sz\u00e1ll\u00edt\u00e1si c\u00edm alapj\u00e1n ker\u00fcl kisz\u00e1m\u00edt\u00e1sra a p\u00e9nzt\u00e1rn\u00e1l.<\/li>\n    <li>Minden el\u00e9rhet\u0151 orsz\u00e1gba egys\u00e9ges standard sz\u00e1ll\u00edt\u00e1si d\u00edjat k\u00edn\u00e1lunk.<\/li>\n    <li>Nincsenek rejtett k\u00f6lts\u00e9gek \u2013 a p\u00e9nzt\u00e1rn\u00e1l megjelen\u0151 sz\u00e1ll\u00edt\u00e1si d\u00edj a v\u00e9gleges fizetend\u0151 \u00f6sszeg.<\/li>\n<\/ul>\n\n<h4>Rendel\u00e9s visszaigazol\u00e1s \u00e9s nyomon k\u00f6vet\u00e9s<\/h4>\n<ul>\n    <li>Sikeres rendel\u00e9s ut\u00e1n visszaigazol\u00f3 e-mailt k\u00fcld\u00fcnk.<\/li>\n    <li>A csomag felad\u00e1s\u00e1t k\u00f6vet\u0151en e-mailben kap egy nyomk\u00f6vet\u00e9si linket a sz\u00e1ll\u00edt\u00e1s k\u00f6vet\u00e9s\u00e9hez.<\/li>\n<\/ul>\n\n<h4>Rendel\u00e9s m\u00f3dos\u00edt\u00e1sa \u00e9s lemond\u00e1sa<\/h4>\n<ul>\n    <li>A rendel\u00e9s m\u00f3dos\u00edt\u00e1s\u00e1ra vagy t\u00f6rl\u00e9s\u00e9re a felad\u00e1s el\u0151tt b\u00e1rmikor lehet\u0151s\u00e9g van.<\/li>\n    <li>M\u00f3dos\u00edt\u00e1shoz k\u00e9rj\u00fck, miel\u0151bb l\u00e9pjen kapcsolatba \u00fcgyf\u00e9lszolg\u00e1latunkkal az el\u00e9rhet\u0151s\u00e9gi \u0171rlapon kereszt\u00fcl.<\/li>\n    <li>Az elk\u00fcld\u00f6tt rendel\u00e9sek ut\u00f3lag m\u00e1r nem m\u00f3dos\u00edthat\u00f3k \u00e9s nem t\u00f6r\u00f6lhet\u0151k.<\/li>\n<\/ul>\n\n<h4>Sz\u00e1ll\u00edt\u00e1si t\u00e1mogat\u00e1s<\/h4>\n<p>Ha b\u00e1rmilyen k\u00e9rd\u00e9se van a sz\u00e1ll\u00edt\u00e1ssal vagy a rendel\u00e9s k\u00e9zbes\u00edt\u00e9s\u00e9vel kapcsolatban:<\/p>\n<p style=\"display: flex; align-items: center; gap: 10px; margin: 0 0 8px 0;\">\n    <svg xmlns=\"http:\/\/www.w3.org\/2000\/svg\" width=\"20\" height=\"20\" viewbox=\"0 0 24 24\" fill=\"none\" stroke=\"currentColor\" stroke-width=\"2\" stroke-linecap=\"round\" stroke-linejoin=\"round\"><rect x=\"2\" y=\"4\" width=\"20\" height=\"16\" rx=\"2\"\/><path d=\"m22 7-8.97 5.7a1.94 1.94 0 0 1-2.06 0L2 7\"\/><\/svg>\n    <strong>E-mail:<\/strong> <a href=\"mailto:info@sonicleanx.com\">info@sonicleanx.com<\/a>\n<\/p>\n<p style=\"display: flex; align-items: center; gap: 10px; margin: 0;\">\n    <svg xmlns=\"http:\/\/www.w3.org\/2000\/svg\" width=\"20\" height=\"20\" viewbox=\"0 0 24 24\" fill=\"none\" stroke=\"currentColor\" stroke-width=\"2\" stroke-linecap=\"round\" stroke-linejoin=\"round\"><path d=\"M22 16.92v3a2 2 0 0 1-2.18 2 19.79 19.79 0 0 1-8.63-3.07 19.5 19.5 0 0 1-6-6 19.79 19.79 0 0 1-3.07-8.67A2 2 0 0 1 4.11 2h3a2 2 0 0 1 2 1.72c.127.96.361 1.903.7 2.81a2 2 0 0 1-.45 2.11L8.09 9.91a16 16 0 0 0 6 6l1.27-1.27a2 2 0 0 1 2.11-.45c.907.339 1.85.573 2.81.7A2 2 0 0 1 22 16.92z\"\/><\/svg>\n    <strong>Telefon:<\/strong> +421952290922\n<\/p>    <\/div>\n<\/div>\n<style>\n.flgb-ft-full-footer * {\n    box-sizing: border-box;\n}\n.flgb-ft-full-footer {\n    color: #dbdbdb;\n    font-family: inherit;\n    font-size: 14px;\n    line-height: 1.2;\n    width: 100%;\n    padding: 45px var(--flgb-content-padding);\n    background-color: #000000;\n}\n.flgb-ft-full-footer a {\n    color: #dbdbdb;\n    text-decoration: none;\n}\n.flgb-ft-full-footer a:hover {\n    text-decoration: underline;\n}\n.flgb-ft-footer-main-row {\n    display: flex;\n    flex-direction: row;\n    gap: 30px;\n    width: 100%;\n    max-width: 1120px;\n    margin: 0 auto;\n}\n.flgb-ft-footer-half {\n    display: flex;\n    flex-direction: row;\n    width: 50%;\n    gap: 30px;\n}\n.flgb-ft-footer-col {\n    width: 50%;\n    display: flex;\n    flex-direction: column;\n    gap: 15px;\n}\n.flgb-ft-footer-header {\n    font-weight: 600;\n    font-size: 16px;\n    color: #ffffff;\n}\n.flgb-ft-footer-links {\n    display: flex;\n    flex-direction: column;\n    gap: 12px;\n}\n.flgb-ft-footer-contact-item {\n    display: flex;\n    align-items: flex-start;\n    gap: 8px;\n}\n.flgb-ft-lang-switcher {\n    margin-top: 5px;\n}\n\n\/* Tablet *\/\n@media (max-width: 991px) {\n    .flgb-ft-full-footer {\n        padding: 40px var(--flgb-content-padding);\n    }\n    .flgb-ft-footer-main-row {\n        flex-direction: column;\n        gap: 20px;\n    }\n    .flgb-ft-footer-half {\n        width: 100%;\n    }\n}\n\n\/* Mobile *\/\n@media (max-width: 767px) {\n    .flgb-ft-footer-half {\n        flex-direction: column;\n        gap: 20px;\n    }\n    .flgb-ft-footer-col {\n        width: 100%;\n        text-align: center;\n        align-items: center;\n    }\n    .flgb-ft-footer-contact-item {\n        justify-content: center;\n    }\n    .flgb-ft-footer-links {\n        align-items: center;\n    }\n    .flgb-ft-lang-switcher {\n        display: flex;\n        justify-content: center;\n    }\n}\n\n\/* Small mobile *\/\n@media (max-width: 479px) {\n    .flgb-ft-full-footer {\n        padding: 24px var(--flgb-content-padding);\n    }\n    .flgb-ft-footer-links {\n        gap: 10px;\n    }\n}\n\n\/* Credits bar *\/\n.flgb-ft-credits-bar {\n    background-color: #ffffff;\n    width: 100%;\n    font-family: inherit;\n    font-size: 13px;\n    color: inherit;\n}\n.flgb-ft-credits-bar-inner {\n    display: flex;\n    flex-direction: row;\n    justify-content: space-between;\n    align-items: center;\n    width: 100%;\n    max-width: 1120px;\n    margin: 0 auto;\n    padding: 10px var(--flgb-content-padding);\n}\n.flgb-ft-credits-bar .flgb-ft-lang-switcher .trp-shortcode-switcher__wrapper,\n.flgb-ft-credits-bar .flgb-ft-lang-switcher .trp-language-switcher {\n    border: none !important;\n    padding: 0 !important;\n}\n@media (max-width: 767px) {\n    .flgb-ft-credits-bar-inner {\n        flex-direction: column;\n        text-align: center;\n        gap: 0;\n    }\n    .flgb-ft-credits-bar .flgb-ft-lang-switcher {\n        display: flex;\n        justify-content: center;\n    }\n}\n<\/style>\n\n<div class=\"flgb-ft-full-footer\" data-variant=\"home\">\n    <div class=\"flgb-ft-footer-main-row\">\n        \n        <!-- Left Half -->\n        <div class=\"flgb-ft-footer-half\">\n            \n            <!-- Column 1: Logo + Language Switcher + Shop -->\n            <div class=\"flgb-ft-footer-col\">\n                                <a href=\"https:\/\/sonicleanx.com\/hu\/\">\n                    <img decoding=\"async\" src=\"https:\/\/sonicleanx.com\/wp-content\/uploads\/2025\/04\/snclx-logo-w.webp\" \n                         alt=\"SonicleanX\" \n                         style=\"width: auto; height: 14px; display: block;\" \/>\n                <\/a>\n                                \n                                <div class=\"flgb-ft-lang-switcher\" style=\"width: 100%;\">\n                    <div class=\"trp_language_switcher_shortcode\">\n<div class=\"trp-language-switcher trp-language-switcher-container\" data-no-translation>\n    <div class=\"trp-ls-shortcode-current-language\">\n        <a href=\"#\" class=\"trp-ls-shortcode-disabled-language trp-ls-disabled-language\" title=\"Hungarian\" onclick=\"event.preventDefault()\">\n\t\t\t<img loading=\"lazy\" decoding=\"async\" class=\"trp-flag-image\" src=\"https:\/\/sonicleanx.com\/wp-content\/plugins\/translatepress-multilingual\/assets\/images\/flags\/hu_HU.png\" width=\"18\" height=\"12\" alt=\"hu_HU\" title=\"Hungarian\"> Hungarian\t\t<\/a>\n    <\/div>\n    <div class=\"trp-ls-shortcode-language\">\n                <a href=\"#\" class=\"trp-ls-shortcode-disabled-language trp-ls-disabled-language\"  title=\"Hungarian\" onclick=\"event.preventDefault()\">\n\t\t\t<img loading=\"lazy\" decoding=\"async\" class=\"trp-flag-image\" src=\"https:\/\/sonicleanx.com\/wp-content\/plugins\/translatepress-multilingual\/assets\/images\/flags\/hu_HU.png\" width=\"18\" height=\"12\" alt=\"hu_HU\" title=\"Hungarian\"> Hungarian\t\t<\/a>\n                    <a href=\"https:\/\/sonicleanx.com\/hu\/wp-json\/wp\/v2\/pages\/4554\" title=\"English\">\n            <img loading=\"lazy\" decoding=\"async\" class=\"trp-flag-image\" src=\"https:\/\/sonicleanx.com\/wp-content\/plugins\/translatepress-multilingual\/assets\/images\/flags\/en_US.png\" width=\"18\" height=\"12\" alt=\"en_US\" title=\"English\"> English        <\/a>\n\n            <a href=\"https:\/\/sonicleanx.com\/hu\/wp-json\/wp\/v2\/pages\/4554\" title=\"Slovak\">\n            <img loading=\"lazy\" decoding=\"async\" class=\"trp-flag-image\" src=\"https:\/\/sonicleanx.com\/wp-content\/plugins\/translatepress-multilingual\/assets\/images\/flags\/sk_SK.png\" width=\"18\" height=\"12\" alt=\"sk_SK\" title=\"Slovak\"> Slovak        <\/a>\n\n            <a href=\"https:\/\/sonicleanx.com\/hu\/wp-json\/wp\/v2\/pages\/4554\" title=\"Czech\">\n            <img loading=\"lazy\" decoding=\"async\" class=\"trp-flag-image\" src=\"https:\/\/sonicleanx.com\/wp-content\/plugins\/translatepress-multilingual\/assets\/images\/flags\/cs_CZ.png\" width=\"18\" height=\"12\" alt=\"cs_CZ\" title=\"Czech\"> Czech        <\/a>\n\n        <\/div>\n    <script type=\"application\/javascript\">\n        \/\/ need to have the same with set from JS on both divs. Otherwise it can push stuff around in HTML\n        var trp_ls_shortcodes = document.querySelectorAll('.trp_language_switcher_shortcode .trp-language-switcher');\n        if ( trp_ls_shortcodes.length > 0) {\n            \/\/ get the last language switcher added\n            var trp_el = trp_ls_shortcodes[trp_ls_shortcodes.length - 1];\n\n            var trp_shortcode_language_item = trp_el.querySelector( '.trp-ls-shortcode-language' )\n            \/\/ set width\n            var trp_ls_shortcode_width                                               = trp_shortcode_language_item.offsetWidth + 16;\n            trp_shortcode_language_item.style.width                                  = trp_ls_shortcode_width + 'px';\n            trp_el.querySelector( '.trp-ls-shortcode-current-language' ).style.width = trp_ls_shortcode_width + 'px';\n\n            \/\/ We're putting this on display: none after we have its width.\n            trp_shortcode_language_item.style.display = 'none';\n        }\n    <\/script>\n<\/div>\n<\/div>                <\/div>\n                                \n                            <\/div>\n            \n            <!-- Column 2: INFO -->\n            <div class=\"flgb-ft-footer-col\">\n                                <div class=\"flgb-ft-footer-header\">INFO<\/div>\n                                <div class=\"flgb-ft-footer-links\">\n                    <a href=\"https:\/\/sonicleanx.com\/hu\/terms-and-conditions\/\">Felhaszn\u00e1l\u00e1si felt\u00e9telek<\/a>\n                    <a href=\"https:\/\/sonicleanx.com\/hu\/privacy-policy\/\">Adatkezel\u00e9si t\u00e1j\u00e9koztat\u00f3<\/a>\n                    <a href=\"https:\/\/sonicleanx.com\/hu\/shipping-policy\/\">Sz\u00e1ll\u00edt\u00e1si inform\u00e1ci\u00f3k<\/a>\n                    <a href=\"https:\/\/sonicleanx.com\/hu\/payment-policy\/\">Fizet\u00e9si inform\u00e1ci\u00f3k<\/a>\n                    <a href=\"https:\/\/sonicleanx.com\/hu\/about-us\/\">R\u00f3lunk<\/a>\n                    <a href=\"https:\/\/sonicleanx.com\/hu\/disclaimer\/\">Jogi nyilatkozat<\/a>\n                <\/div>\n            <\/div>\n            \n        <\/div>\n        \n        <!-- Right Half -->\n        <div class=\"flgb-ft-footer-half\">\n            \n            <!-- Column 3: ORDER -->\n            <div class=\"flgb-ft-footer-col\">\n                                <div class=\"flgb-ft-footer-header\">RENDEL\u00c9S<\/div>\n                                <div class=\"flgb-ft-footer-links\">\n                    <a href=\"https:\/\/sonicleanx.com\/hu\/order-tracking\/\">Rendel\u00e9s k\u00f6vet\u00e9se<\/a>\n                    <a href=\"https:\/\/sonicleanx.com\/hu\/refund-and-return-policy\/\">Visszak\u00fcld\u00e9si szab\u00e1lyzat<\/a>\n                    <a href=\"https:\/\/sonicleanx.com\/hu\/faq\/\">GY.I.K.<\/a>\n                    <a href=\"https:\/\/sonicleanx.com\/hu\/contact\/\">El\u00e9rhet\u0151s\u00e9g<\/a>\n                <\/div>\n            <\/div>\n            \n            <!-- Column 4: CUSTOMER SUPPORT -->\n            <div class=\"flgb-ft-footer-col\">\n                                <div class=\"flgb-ft-footer-header\">\u00dcGYF\u00c9LSZOLG\u00c1LAT<\/div>\n                                <div class=\"flgb-ft-footer-links\">\n                    <div>Munkanapokon 08:00 \u00e9s 16:00 k\u00f6z\u00f6tt vagyunk el\u00e9rhet\u0151k.<\/div>\n                    <div class=\"flgb-ft-footer-contact-item\">\n                        <span class=\"dashicons dashicons-email\" style=\"font-size: 20px;\"><\/span>\n                        <span>info@sonicleanx.com<\/span>\n                    <\/div>\n                    <div class=\"flgb-ft-footer-contact-item\">\n                        <span class=\"dashicons dashicons-phone\" style=\"font-size: 20px;\"><\/span>\n                        <span>+421952290922<\/span>\n                    <\/div>\n                                    <\/div>\n            <\/div>\n            \n        <\/div>\n        \n    <\/div>\n<\/div>\n\n<!-- Credits Bar -->\n<div class=\"flgb-ft-credits-bar\">\n    <div class=\"flgb-ft-credits-bar-inner\">\n        <span>\u00a92026 SonicleanX. Minden jog fenntartva<\/span>\n            <\/div>\n<\/div>","protected":false},"excerpt":{"rendered":"","protected":false},"author":1,"featured_media":0,"parent":0,"menu_order":0,"comment_status":"closed","ping_status":"closed","template":"","meta":{"footnotes":""},"class_list":["post-4554","page","type-page","status-publish","hentry"],"_links":{"self":[{"href":"https:\/\/sonicleanx.com\/hu\/wp-json\/wp\/v2\/pages\/4554","targetHints":{"allow":["GET"]}}],"collection":[{"href":"https:\/\/sonicleanx.com\/hu\/wp-json\/wp\/v2\/pages"}],"about":[{"href":"https:\/\/sonicleanx.com\/hu\/wp-json\/wp\/v2\/types\/page"}],"author":[{"embeddable":true,"href":"https:\/\/sonicleanx.com\/hu\/wp-json\/wp\/v2\/users\/1"}],"replies":[{"embeddable":true,"href":"https:\/\/sonicleanx.com\/hu\/wp-json\/wp\/v2\/comments?post=4554"}],"version-history":[{"count":1,"href":"https:\/\/sonicleanx.com\/hu\/wp-json\/wp\/v2\/pages\/4554\/revisions"}],"predecessor-version":[{"id":4572,"href":"https:\/\/sonicleanx.com\/hu\/wp-json\/wp\/v2\/pages\/4554\/revisions\/4572"}],"wp:attachment":[{"href":"https:\/\/sonicleanx.com\/hu\/wp-json\/wp\/v2\/media?parent=4554"}],"curies":[{"name":"wp","href":"https:\/\/api.w.org\/{rel}","templated":true}]}}