{"id":4555,"date":"2026-02-10T09:51:54","date_gmt":"2026-02-10T08:51:54","guid":{"rendered":"https:\/\/sonicleanx.com\/payment-policy\/"},"modified":"2026-02-10T10:00:25","modified_gmt":"2026-02-10T09:00:25","slug":"payment-policy","status":"publish","type":"page","link":"https:\/\/sonicleanx.com\/hu\/payment-policy\/","title":{"rendered":"Fizet\u00e9si inform\u00e1ci\u00f3k"},"content":{"rendered":"<style>\n.flgb-ft-header {\n    background-color: #ffffff;\n    width: 100%;\n    padding: 10px var(--flgb-content-padding);\n    box-sizing: border-box;\n}\n.flgb-ft-header * {\n    box-sizing: border-box;\n}\n.flgb-ft-header-inner {\n    display: flex;\n    flex-direction: row;\n    align-items: center;\n    justify-content: space-between;\n    width: 100%;\n    max-width: 1120px;\n    margin: 0 auto;\n}\n.flgb-ft-header-logo img {\n    height: 14px;\n    width: auto;\n    display: block;\n}\n.flgb-ft-header-cta {\n    display: inline-block;\n    padding: 10px 25px;\n    font-size: 16px;\n    font-weight: 700;\n    line-height: 1;\n    text-decoration: none;\n    border-radius: 5px;\n    border: 2px solid #000000;\n    color: #000000;\n    background-color: #ffffff;\n    transition: all 0.2s ease;\n}\n.flgb-ft-header-cta:hover {\n    color: #ffffff;\n    background-color: #000000;\n    border-color: #000000;\n    text-decoration: none;\n}\n@media (max-width: 479px) {\n    .flgb-ft-header-cta {\n        font-size: 12px;\n        padding: 10px var(--flgb-content-padding);\n    }\n}\n<\/style>\n<div class=\"flgb-ft-header\">\n    <div class=\"flgb-ft-header-inner\">\n        <div class=\"flgb-ft-header-logo\">\n                        <a href=\"https:\/\/sonicleanx.com\/hu\/\">\n                <img decoding=\"async\" src=\"https:\/\/sonicleanx.com\/wp-content\/uploads\/2024\/10\/snclx-logo-black.webp\" alt=\"SonicleanX\" \/>\n            <\/a>\n                    <\/div>\n                <a href=\"https:\/\/sonicleanx.com\/hu\/select-qty\" class=\"flgb-ft-header-cta\">Rendelj most!<\/a>\n            <\/div>\n<\/div>\n<style>\n.flgb-ft-page-section {\n    background-color: #eff1f6;\n    padding: 50px var(--flgb-content-padding);\n    width: 100%;\n    box-sizing: border-box;\n}\n.flgb-ft-page-section * {\n    box-sizing: border-box;\n}\n.flgb-ft-page-container {\n    background-color: #ffffff;\n    padding: 40px;\n    max-width: 900px;\n    width: 100%;\n    margin: 0 auto;\n    box-shadow: 0 0 10px 0 #d6d6d6;\n}\n@media (max-width: 991px) {\n    .flgb-ft-page-section {\n        padding: 40px var(--flgb-content-padding);\n    }\n}\n@media (max-width: 767px) {\n    .flgb-ft-page-section {\n        padding: 40px var(--flgb-content-padding);\n    }\n    .flgb-ft-page-container {\n        padding: 30px;\n    }\n}\n@media (max-width: 479px) {\n    .flgb-ft-page-section {\n        padding: 25px 0;\n    }\n    .flgb-ft-page-container {\n        padding: 25px 10px 25px 10px;\n    }\n}\n<\/style>\n<div class=\"flgb-ft-page-section\">\n    <div class=\"flgb-ft-page-container\">\n        <h2 style=\"text-align: center;\">Fizet\u00e9si felt\u00e9telek<\/h2>\n\n<h4>Biztons\u00e1gos fizet\u00e9s<\/h4>\n<p>Weboldalunk 256 bites SSL titkos\u00edt\u00e1ssal van v\u00e9dve, amely biztos\u00edtja, hogy minden tov\u00e1bb\u00edtott adat bizalmas \u00e9s v\u00e9dett maradjon. V\u00e1s\u00e1rl\u00e1sa sor\u00e1n szem\u00e9lyes \u00e9s fizet\u00e9si adatai maxim\u00e1lis biztons\u00e1gban vannak.<\/p>\n\n<p>A k\u00f6vetkez\u0151 fizet\u00e9si m\u00f3dokat fogadjuk el:<\/p>\n<ul>\n    <li>Minden f\u0151bb bankk\u00e1rtya \u00e9s hitelk\u00e1rtya<\/li>\n    <li>PayPal<\/li>\n    <li>Helyi fizet\u00e9si lehet\u0151s\u00e9gek a tart\u00f3zkod\u00e1si hely alapj\u00e1n<\/li>\n    <li>(Ha el\u00e9rhet\u0151) Ut\u00e1nv\u00e9t bizonyos orsz\u00e1gokban \u2013 a p\u00e9nzt\u00e1rn\u00e1l jelezz\u00fck, ha az \u00f6n r\u00e9gi\u00f3j\u00e1ban el\u00e9rhet\u0151<\/li>\n<\/ul>\n\n<p>A k\u00e1rty\u00e1s fizet\u00e9seket biztons\u00e1gosan a Stripe k\u00fcls\u0151 szolg\u00e1ltat\u00f3n kereszt\u00fcl dolgozzuk fel titkos\u00edtott kapcsolaton kereszt\u00fcl, hogy megv\u00e9dj\u00fck \u00e9rz\u00e9keny adatait.<\/p>\n\n<p>K\u00e1rtyaadatait nem t\u00e1roljuk a szervereinken. Azokat csak az adott tranzakci\u00f3 lebonyol\u00edt\u00e1s\u00e1hoz haszn\u00e1ljuk fel. \u00daj rendel\u00e9s eset\u00e9n \u00fajra meg kell adnia fizet\u00e9si adatait.<\/p>\n\n<p>Kapcsolattart\u00e1si \u00e9s sz\u00e1ll\u00edt\u00e1si adatait csak az\u00e9rt \u0151rizz\u00fck meg, hogy biztos\u00edtani tudjuk a pontos \u00e9s id\u0151ben t\u00f6rt\u00e9n\u0151 kisz\u00e1ll\u00edt\u00e1st.<\/p>\n\n<h4>Rendel\u00e9s elfogad\u00e1sa \u00e9s korl\u00e1toz\u00e1sok<\/h4>\n<p>Fenntartjuk a jogot b\u00e1rmely rendel\u00e9s elutas\u00edt\u00e1s\u00e1ra vagy t\u00f6rl\u00e9s\u00e9re saj\u00e1t bel\u00e1t\u00e1sunk szerint. Ide tartozhatnak p\u00e9ld\u00e1ul az al\u00e1bbi esetek:<\/p>\n<ul>\n    <li>Azonos v\u00e1s\u00e1rl\u00f3i fi\u00f3kr\u00f3l leadott rendel\u00e9sek<\/li>\n    <li>Ugyanazzal a bankk\u00e1rty\u00e1val t\u00f6rt\u00e9nt rendel\u00e9sek<\/li>\n    <li>Azonos c\u00edmre t\u00f6rt\u00e9n\u0151 sz\u00e1ll\u00edt\u00e1s<\/li>\n    <li>Viszontelad\u00f3nak vagy nagykeresked\u0151nek t\u0171n\u0151 rendel\u00e9sek<\/li>\n<\/ul>\n\n<p>Ha rendel\u00e9s\u00e9t m\u00f3dos\u00edtjuk vagy t\u00f6r\u00f6lj\u00fck, megpr\u00f3b\u00e1ljuk felvenni \u00f6nnel a kapcsolatot a v\u00e1s\u00e1rl\u00e1s sor\u00e1n megadott el\u00e9rhet\u0151s\u00e9gek valamelyik\u00e9n.<\/p>\n\n<p>V\u00e1llalja, hogy minden v\u00e1s\u00e1rl\u00e1s sor\u00e1n pontos \u00e9s naprak\u00e9sz sz\u00e1ml\u00e1z\u00e1si adatokat ad meg, bele\u00e9rtve a fizet\u00e9si adatok, sz\u00e1ll\u00edt\u00e1si c\u00edm \u00e9s e-mail c\u00edm friss\u00edt\u00e9s\u00e9t is, hogy z\u00f6kken\u0151mentesen tudjuk kezelni a rendel\u00e9st \u00e9s kommunik\u00e1lni \u00f6nnel.<\/p>\n\n<h4>\u00c1rak, ad\u00f3k \u00e9s v\u00e1mk\u00f6lts\u00e9gek<\/h4>\n<p>A weboldalon felt\u00fcntetett \u00e1rak:<\/p>\n<ul>\n    <li>Tartalmazz\u00e1k az alkalmazand\u00f3 ad\u00f3kat \u00e9s a nemzetk\u00f6zi sz\u00e1ll\u00edt\u00e1s k\u00f6lts\u00e9g\u00e9t<\/li>\n    <li>Kism\u00e9rt\u00e9kben elt\u00e9rhetnek az adott orsz\u00e1g ad\u00f3z\u00e1si szab\u00e1lyai (pl. \u00c1FA) szerint<\/li>\n<\/ul>\n\n<p>Fontos:<\/p>\n<p>Mi nem sz\u00e1m\u00edtunk fel \u00e1tv\u00e1lt\u00e1si d\u00edjat. Bankja vagy fizet\u00e9si szolg\u00e1ltat\u00f3ja azonban felsz\u00e1m\u00edthat plusz k\u00f6lts\u00e9geket deviza\u00e1tv\u00e1lt\u00e1s vagy nemzetk\u00f6zi fizet\u00e9s eset\u00e9n. Ezzel kapcsolatban k\u00e9rj\u00fck, \u00e9rdekl\u0151dj\u00f6n saj\u00e1t bankj\u00e1n\u00e1l.<\/p>\n\n<h4>\u00c1rv\u00e1ltoz\u00e1sok \u00e9s term\u00e9kek el\u00e9rhet\u0151s\u00e9ge<\/h4>\n<p>Fenntartjuk a jogot arra, hogy:<\/p>\n<ul>\n    <li>Az \u00e1rakat el\u0151zetes \u00e9rtes\u00edt\u00e9s n\u00e9lk\u00fcl b\u00e1rmikor m\u00f3dos\u00edtsuk<\/li>\n    <li>Kedvezm\u00e9nyeket vagy akci\u00f3s \u00e1rakat alkalmazzunk<\/li>\n    <li>B\u00e1rmely term\u00e9k forgalmaz\u00e1s\u00e1t felf\u00fcggessz\u00fck vagy megsz\u00fcntess\u00fck<\/li>\n<\/ul>\n\n<p>Nem v\u00e1llalunk felel\u0151ss\u00e9get sem \u00f6n, sem harmadik f\u00e9l fel\u00e9 az \u00e1rak, term\u00e9kek el\u00e9rhet\u0151s\u00e9ge vagy forgalmaz\u00e1s\u00e1nak megsz\u00fcntet\u00e9se miatti v\u00e1ltoz\u00e1sok\u00e9rt.<\/p>    <\/div>\n<\/div>\n<style>\n.flgb-ft-full-footer * {\n    box-sizing: border-box;\n}\n.flgb-ft-full-footer {\n    color: #dbdbdb;\n    font-family: inherit;\n    font-size: 14px;\n    line-height: 1.2;\n    width: 100%;\n    padding: 45px var(--flgb-content-padding);\n    background-color: #000000;\n}\n.flgb-ft-full-footer a {\n    color: #dbdbdb;\n    text-decoration: none;\n}\n.flgb-ft-full-footer a:hover {\n    text-decoration: underline;\n}\n.flgb-ft-footer-main-row {\n    display: flex;\n    flex-direction: row;\n    gap: 30px;\n    width: 100%;\n    max-width: 1120px;\n    margin: 0 auto;\n}\n.flgb-ft-footer-half {\n    display: flex;\n    flex-direction: row;\n    width: 50%;\n    gap: 30px;\n}\n.flgb-ft-footer-col {\n    width: 50%;\n    display: flex;\n    flex-direction: column;\n    gap: 15px;\n}\n.flgb-ft-footer-header {\n    font-weight: 600;\n    font-size: 16px;\n    color: #ffffff;\n}\n.flgb-ft-footer-links {\n    display: flex;\n    flex-direction: column;\n    gap: 12px;\n}\n.flgb-ft-footer-contact-item {\n    display: flex;\n    align-items: flex-start;\n    gap: 8px;\n}\n.flgb-ft-lang-switcher {\n    margin-top: 5px;\n}\n\n\/* Tablet *\/\n@media (max-width: 991px) {\n    .flgb-ft-full-footer {\n        padding: 40px var(--flgb-content-padding);\n    }\n    .flgb-ft-footer-main-row {\n        flex-direction: column;\n        gap: 20px;\n    }\n    .flgb-ft-footer-half {\n        width: 100%;\n    }\n}\n\n\/* Mobile *\/\n@media (max-width: 767px) {\n    .flgb-ft-footer-half {\n        flex-direction: column;\n        gap: 20px;\n    }\n    .flgb-ft-footer-col {\n        width: 100%;\n        text-align: center;\n        align-items: center;\n    }\n    .flgb-ft-footer-contact-item {\n        justify-content: center;\n    }\n    .flgb-ft-footer-links {\n        align-items: center;\n    }\n    .flgb-ft-lang-switcher {\n        display: flex;\n        justify-content: center;\n    }\n}\n\n\/* Small mobile *\/\n@media (max-width: 479px) {\n    .flgb-ft-full-footer {\n        padding: 24px var(--flgb-content-padding);\n    }\n    .flgb-ft-footer-links {\n        gap: 10px;\n    }\n}\n\n\/* Credits bar *\/\n.flgb-ft-credits-bar {\n    background-color: #ffffff;\n    width: 100%;\n    font-family: inherit;\n    font-size: 13px;\n    color: inherit;\n}\n.flgb-ft-credits-bar-inner {\n    display: flex;\n    flex-direction: row;\n    justify-content: space-between;\n    align-items: center;\n    width: 100%;\n    max-width: 1120px;\n    margin: 0 auto;\n    padding: 10px var(--flgb-content-padding);\n}\n.flgb-ft-credits-bar .flgb-ft-lang-switcher .trp-shortcode-switcher__wrapper,\n.flgb-ft-credits-bar .flgb-ft-lang-switcher .trp-language-switcher {\n    border: none !important;\n    padding: 0 !important;\n}\n@media (max-width: 767px) {\n    .flgb-ft-credits-bar-inner {\n        flex-direction: column;\n        text-align: center;\n        gap: 0;\n    }\n    .flgb-ft-credits-bar .flgb-ft-lang-switcher {\n        display: flex;\n        justify-content: center;\n    }\n}\n<\/style>\n\n<div class=\"flgb-ft-full-footer\" data-variant=\"home\">\n    <div class=\"flgb-ft-footer-main-row\">\n        \n        <!-- Left Half -->\n        <div class=\"flgb-ft-footer-half\">\n            \n            <!-- Column 1: Logo + Language Switcher + Shop -->\n            <div class=\"flgb-ft-footer-col\">\n                                <a href=\"https:\/\/sonicleanx.com\/hu\/\">\n                    <img decoding=\"async\" src=\"https:\/\/sonicleanx.com\/wp-content\/uploads\/2025\/04\/snclx-logo-w.webp\" \n                         alt=\"SonicleanX\" \n                         style=\"width: auto; height: 14px; display: block;\" \/>\n                <\/a>\n                                \n                                <div class=\"flgb-ft-lang-switcher\" style=\"width: 100%;\">\n                    <div class=\"trp_language_switcher_shortcode\">\n<div class=\"trp-language-switcher trp-language-switcher-container\" data-no-translation>\n    <div class=\"trp-ls-shortcode-current-language\">\n        <a href=\"#\" class=\"trp-ls-shortcode-disabled-language trp-ls-disabled-language\" title=\"Hungarian\" onclick=\"event.preventDefault()\">\n\t\t\t<img loading=\"lazy\" decoding=\"async\" class=\"trp-flag-image\" src=\"https:\/\/sonicleanx.com\/wp-content\/plugins\/translatepress-multilingual\/assets\/images\/flags\/hu_HU.png\" width=\"18\" height=\"12\" alt=\"hu_HU\" title=\"Hungarian\"> Hungarian\t\t<\/a>\n    <\/div>\n    <div class=\"trp-ls-shortcode-language\">\n                <a href=\"#\" class=\"trp-ls-shortcode-disabled-language trp-ls-disabled-language\"  title=\"Hungarian\" onclick=\"event.preventDefault()\">\n\t\t\t<img loading=\"lazy\" decoding=\"async\" class=\"trp-flag-image\" src=\"https:\/\/sonicleanx.com\/wp-content\/plugins\/translatepress-multilingual\/assets\/images\/flags\/hu_HU.png\" width=\"18\" height=\"12\" alt=\"hu_HU\" title=\"Hungarian\"> Hungarian\t\t<\/a>\n                    <a href=\"https:\/\/sonicleanx.com\/hu\/wp-json\/wp\/v2\/pages\/4555\" title=\"English\">\n            <img loading=\"lazy\" decoding=\"async\" class=\"trp-flag-image\" src=\"https:\/\/sonicleanx.com\/wp-content\/plugins\/translatepress-multilingual\/assets\/images\/flags\/en_US.png\" width=\"18\" height=\"12\" alt=\"en_US\" title=\"English\"> English        <\/a>\n\n            <a href=\"https:\/\/sonicleanx.com\/hu\/wp-json\/wp\/v2\/pages\/4555\" title=\"Slovak\">\n            <img loading=\"lazy\" decoding=\"async\" class=\"trp-flag-image\" src=\"https:\/\/sonicleanx.com\/wp-content\/plugins\/translatepress-multilingual\/assets\/images\/flags\/sk_SK.png\" width=\"18\" height=\"12\" alt=\"sk_SK\" title=\"Slovak\"> Slovak        <\/a>\n\n            <a href=\"https:\/\/sonicleanx.com\/hu\/wp-json\/wp\/v2\/pages\/4555\" title=\"Czech\">\n            <img loading=\"lazy\" decoding=\"async\" class=\"trp-flag-image\" src=\"https:\/\/sonicleanx.com\/wp-content\/plugins\/translatepress-multilingual\/assets\/images\/flags\/cs_CZ.png\" width=\"18\" height=\"12\" alt=\"cs_CZ\" title=\"Czech\"> Czech        <\/a>\n\n        <\/div>\n    <script type=\"application\/javascript\">\n        \/\/ need to have the same with set from JS on both divs. Otherwise it can push stuff around in HTML\n        var trp_ls_shortcodes = document.querySelectorAll('.trp_language_switcher_shortcode .trp-language-switcher');\n        if ( trp_ls_shortcodes.length > 0) {\n            \/\/ get the last language switcher added\n            var trp_el = trp_ls_shortcodes[trp_ls_shortcodes.length - 1];\n\n            var trp_shortcode_language_item = trp_el.querySelector( '.trp-ls-shortcode-language' )\n            \/\/ set width\n            var trp_ls_shortcode_width                                               = trp_shortcode_language_item.offsetWidth + 16;\n            trp_shortcode_language_item.style.width                                  = trp_ls_shortcode_width + 'px';\n            trp_el.querySelector( '.trp-ls-shortcode-current-language' ).style.width = trp_ls_shortcode_width + 'px';\n\n            \/\/ We're putting this on display: none after we have its width.\n            trp_shortcode_language_item.style.display = 'none';\n        }\n    <\/script>\n<\/div>\n<\/div>                <\/div>\n                                \n                            <\/div>\n            \n            <!-- Column 2: INFO -->\n            <div class=\"flgb-ft-footer-col\">\n                                <div class=\"flgb-ft-footer-header\">INFO<\/div>\n                                <div class=\"flgb-ft-footer-links\">\n                    <a href=\"https:\/\/sonicleanx.com\/hu\/terms-and-conditions\/\">Felhaszn\u00e1l\u00e1si felt\u00e9telek<\/a>\n                    <a href=\"https:\/\/sonicleanx.com\/hu\/privacy-policy\/\">Adatkezel\u00e9si t\u00e1j\u00e9koztat\u00f3<\/a>\n                    <a href=\"https:\/\/sonicleanx.com\/hu\/shipping-policy\/\">Sz\u00e1ll\u00edt\u00e1si inform\u00e1ci\u00f3k<\/a>\n                    <a href=\"https:\/\/sonicleanx.com\/hu\/payment-policy\/\">Fizet\u00e9si inform\u00e1ci\u00f3k<\/a>\n                    <a href=\"https:\/\/sonicleanx.com\/hu\/about-us\/\">R\u00f3lunk<\/a>\n                    <a href=\"https:\/\/sonicleanx.com\/hu\/disclaimer\/\">Jogi nyilatkozat<\/a>\n                <\/div>\n            <\/div>\n            \n        <\/div>\n        \n        <!-- Right Half -->\n        <div class=\"flgb-ft-footer-half\">\n            \n            <!-- Column 3: ORDER -->\n            <div class=\"flgb-ft-footer-col\">\n                                <div class=\"flgb-ft-footer-header\">RENDEL\u00c9S<\/div>\n                                <div class=\"flgb-ft-footer-links\">\n                    <a href=\"https:\/\/sonicleanx.com\/hu\/order-tracking\/\">Rendel\u00e9s k\u00f6vet\u00e9se<\/a>\n                    <a href=\"https:\/\/sonicleanx.com\/hu\/refund-and-return-policy\/\">Visszak\u00fcld\u00e9si szab\u00e1lyzat<\/a>\n                    <a href=\"https:\/\/sonicleanx.com\/hu\/faq\/\">GY.I.K.<\/a>\n                    <a href=\"https:\/\/sonicleanx.com\/hu\/contact\/\">El\u00e9rhet\u0151s\u00e9g<\/a>\n                <\/div>\n            <\/div>\n            \n            <!-- Column 4: CUSTOMER SUPPORT -->\n            <div class=\"flgb-ft-footer-col\">\n                                <div class=\"flgb-ft-footer-header\">\u00dcGYF\u00c9LSZOLG\u00c1LAT<\/div>\n                                <div class=\"flgb-ft-footer-links\">\n                    <div>Munkanapokon 08:00 \u00e9s 16:00 k\u00f6z\u00f6tt vagyunk el\u00e9rhet\u0151k.<\/div>\n                    <div class=\"flgb-ft-footer-contact-item\">\n                        <span class=\"dashicons dashicons-email\" style=\"font-size: 20px;\"><\/span>\n                        <span>info@sonicleanx.com<\/span>\n                    <\/div>\n                    <div class=\"flgb-ft-footer-contact-item\">\n                        <span class=\"dashicons dashicons-phone\" style=\"font-size: 20px;\"><\/span>\n                        <span>+421952290922<\/span>\n                    <\/div>\n                                    <\/div>\n            <\/div>\n            \n        <\/div>\n        \n    <\/div>\n<\/div>\n\n<!-- Credits Bar -->\n<div class=\"flgb-ft-credits-bar\">\n    <div class=\"flgb-ft-credits-bar-inner\">\n        <span>\u00a92026 SonicleanX. Minden jog fenntartva<\/span>\n            <\/div>\n<\/div>","protected":false},"excerpt":{"rendered":"","protected":false},"author":1,"featured_media":0,"parent":0,"menu_order":0,"comment_status":"closed","ping_status":"closed","template":"","meta":{"footnotes":""},"class_list":["post-4555","page","type-page","status-publish","hentry"],"_links":{"self":[{"href":"https:\/\/sonicleanx.com\/hu\/wp-json\/wp\/v2\/pages\/4555","targetHints":{"allow":["GET"]}}],"collection":[{"href":"https:\/\/sonicleanx.com\/hu\/wp-json\/wp\/v2\/pages"}],"about":[{"href":"https:\/\/sonicleanx.com\/hu\/wp-json\/wp\/v2\/types\/page"}],"author":[{"embeddable":true,"href":"https:\/\/sonicleanx.com\/hu\/wp-json\/wp\/v2\/users\/1"}],"replies":[{"embeddable":true,"href":"https:\/\/sonicleanx.com\/hu\/wp-json\/wp\/v2\/comments?post=4555"}],"version-history":[{"count":1,"href":"https:\/\/sonicleanx.com\/hu\/wp-json\/wp\/v2\/pages\/4555\/revisions"}],"predecessor-version":[{"id":4573,"href":"https:\/\/sonicleanx.com\/hu\/wp-json\/wp\/v2\/pages\/4555\/revisions\/4573"}],"wp:attachment":[{"href":"https:\/\/sonicleanx.com\/hu\/wp-json\/wp\/v2\/media?parent=4555"}],"curies":[{"name":"wp","href":"https:\/\/api.w.org\/{rel}","templated":true}]}}