{"id":4559,"date":"2026-02-10T09:51:54","date_gmt":"2026-02-10T08:51:54","guid":{"rendered":"https:\/\/sonicleanx.com\/refund-and-return-policy\/"},"modified":"2026-02-10T10:00:48","modified_gmt":"2026-02-10T09:00:48","slug":"refund-and-return-policy","status":"publish","type":"page","link":"https:\/\/sonicleanx.com\/hu\/refund-and-return-policy\/","title":{"rendered":"Refund &#038; Return Policy"},"content":{"rendered":"<style>\n.flgb-ft-header {\n    background-color: #ffffff;\n    width: 100%;\n    padding: 10px var(--flgb-content-padding);\n    box-sizing: border-box;\n}\n.flgb-ft-header * {\n    box-sizing: border-box;\n}\n.flgb-ft-header-inner {\n    display: flex;\n    flex-direction: row;\n    align-items: center;\n    justify-content: space-between;\n    width: 100%;\n    max-width: 1120px;\n    margin: 0 auto;\n}\n.flgb-ft-header-logo img {\n    height: 14px;\n    width: auto;\n    display: block;\n}\n.flgb-ft-header-cta {\n    display: inline-block;\n    padding: 10px 25px;\n    font-size: 16px;\n    font-weight: 700;\n    line-height: 1;\n    text-decoration: none;\n    border-radius: 5px;\n    border: 2px solid #000000;\n    color: #000000;\n    background-color: #ffffff;\n    transition: all 0.2s ease;\n}\n.flgb-ft-header-cta:hover {\n    color: #ffffff;\n    background-color: #000000;\n    border-color: #000000;\n    text-decoration: none;\n}\n@media (max-width: 479px) {\n    .flgb-ft-header-cta {\n        font-size: 12px;\n        padding: 10px var(--flgb-content-padding);\n    }\n}\n<\/style>\n<div class=\"flgb-ft-header\">\n    <div class=\"flgb-ft-header-inner\">\n        <div class=\"flgb-ft-header-logo\">\n                        <a href=\"https:\/\/sonicleanx.com\/hu\/\">\n                <img decoding=\"async\" src=\"https:\/\/sonicleanx.com\/wp-content\/uploads\/2024\/10\/snclx-logo-black.webp\" alt=\"SonicleanX\" \/>\n            <\/a>\n                    <\/div>\n                <a href=\"https:\/\/sonicleanx.com\/hu\/select-qty\" class=\"flgb-ft-header-cta\">Rendelj most!<\/a>\n            <\/div>\n<\/div>\n<style>\n.flgb-ft-page-section {\n    background-color: #eff1f6;\n    padding: 50px var(--flgb-content-padding);\n    width: 100%;\n    box-sizing: border-box;\n}\n.flgb-ft-page-section * {\n    box-sizing: border-box;\n}\n.flgb-ft-page-container {\n    background-color: #ffffff;\n    padding: 40px;\n    max-width: 900px;\n    width: 100%;\n    margin: 0 auto;\n    box-shadow: 0 0 10px 0 #d6d6d6;\n}\n@media (max-width: 991px) {\n    .flgb-ft-page-section {\n        padding: 40px var(--flgb-content-padding);\n    }\n}\n@media (max-width: 767px) {\n    .flgb-ft-page-section {\n        padding: 40px var(--flgb-content-padding);\n    }\n    .flgb-ft-page-container {\n        padding: 30px;\n    }\n}\n@media (max-width: 479px) {\n    .flgb-ft-page-section {\n        padding: 25px 0;\n    }\n    .flgb-ft-page-container {\n        padding: 25px 10px 25px 10px;\n    }\n}\n<\/style>\n<div class=\"flgb-ft-page-section\">\n    <div class=\"flgb-ft-page-container\">\n        <h2 style=\"text-align: center;\">Term\u00e9kvisszak\u00fcld\u00e9si \u00e9s visszat\u00e9r\u00edt\u00e9si felt\u00e9telek<\/h2>\n    \n    <p>Azt szeretn\u00e9nk, hogy teljes m\u00e9rt\u00e9kben el\u00e9gedett legyen a v\u00e1s\u00e1rl\u00e1s\u00e1val. Ha valami nem felel meg, egyszer\u0171 \u00e9s \u00e1tl\u00e1that\u00f3 m\u00f3dot k\u00edn\u00e1lunk a term\u00e9k visszak\u00fcld\u00e9s\u00e9re. <strong>Ez a szab\u00e1lyzat kiz\u00e1r\u00f3lag azokra a fizikai term\u00e9kekre vonatkozik, amelyeket k\u00f6zvetlen\u00fcl a weboldalunkon v\u00e1s\u00e1rolt.<\/strong> Ha a term\u00e9ket m\u00e1s keresked\u0151t\u0151l v\u00e1s\u00e1rolta, k\u00e9rj\u00fck, k\u00f6vesse az \u0151 visszak\u00fcld\u00e9si felt\u00e9teleiket.<\/p>\n    \n    <h4>Rendel\u00e9s lemond\u00e1sa<\/h4>\n    \n    <p>A rendel\u00e9s\u00e9t lemondhatja <strong>azel\u0151tt, hogy azt kisz\u00e1ll\u00edtan\u00e1nk.<\/strong> A csomagokat <strong>munkanapokon reggel 7:00 \u00f3rakor (helyi id\u0151 szerint)<\/strong> k\u00e9sz\u00edtj\u00fck el\u0151 \u00e9s adjuk fel.<\/p>\n    \n    <p>Ha t\u00f6r\u00f6lni szeretn\u00e9 a rendel\u00e9s\u00e9t, k\u00e9rj\u00fck, vegye fel vel\u00fcnk a kapcsolatot <strong>ezen id\u0151pont el\u0151tt<\/strong> az al\u00e1bbi m\u00f3dokon:<\/p>\n    \n    <ul>\n        <li>v\u00e1laszoljon a megrendel\u00e9s visszaigazol\u00f3 e-mailj\u00e9re<\/li>\n        <li>k\u00fcldj\u00f6n \u00fczenetet a kapcsolatfelv\u00e9teli \u0171rlapunkon kereszt\u00fcl<\/li>\n        <li>vagy h\u00edvjon minket a Kapcsolat oldalunkon tal\u00e1lhat\u00f3 telefonsz\u00e1mon<\/li>\n    <\/ul>\n    \n    <p>Miut\u00e1n a rendel\u00e9s el lett k\u00fcldve, m\u00e1r nem lehet lemondani \u2013 de a term\u00e9ket vissza lehet k\u00fcldeni.<\/p>\n    \n    <h3>Visszak\u00fcld\u00e9si lehet\u0151s\u00e9gek \u00e9s hat\u00e1rid\u0151k<\/h3>\n    \n    <p>K\u00e9tf\u00e9le visszak\u00fcld\u00e9si lehet\u0151s\u00e9get k\u00edn\u00e1lunk att\u00f3l f\u00fcgg\u0151en, mi\u00e9rt szeretn\u00e9 visszak\u00fcldeni a term\u00e9ket:<\/p>\n    \n    <h4>14 napos el\u00e1ll\u00e1si jog<\/h4>\n    \n    <p>Jog\u00e1ban \u00e1ll el\u00e1llni a v\u00e1s\u00e1rl\u00e1st\u00f3l <strong>14 napon bel\u00fcl, a term\u00e9k \u00e1tv\u00e9tel\u00e9t\u0151l sz\u00e1m\u00edtva.<\/strong> Ebben az esetben:<\/p>\n    \n    <ul>\n        <li>14 napon bel\u00fcl jeleznie kell nek\u00fcnk az el\u00e1ll\u00e1si sz\u00e1nd\u00e9k\u00e1t<\/li>\n        <li>a visszak\u00fcld\u00e9s k\u00f6lts\u00e9ge \u00d6nt terheli<\/li>\n        <li>ha a term\u00e9k megfelel\u0151 \u00e1llapotban vissza\u00e9rkezik, visszat\u00e9r\u00edtj\u00fck a teljes v\u00e9tel\u00e1rat, bele\u00e9rtve az eredeti sz\u00e1ll\u00edt\u00e1si d\u00edjat is<\/li>\n        <li>expressz vagy m\u00e1s pr\u00e9mium sz\u00e1ll\u00edt\u00e1si k\u00f6lts\u00e9gek nem visszat\u00e9r\u00edthet\u0151k<\/li>\n    <\/ul>\n    <h4>30 napos visszak\u00fcld\u00e9si lehet\u0151s\u00e9g<\/h4>\n    \n    <p>A 14 napos el\u00e1ll\u00e1si jogon fel\u00fcl <strong>30 napos el\u00e9gedetts\u00e9gi garanci\u00e1t<\/strong> k\u00edn\u00e1lunk, ha:<\/p>\n    \n    <ul>\n        <li>a term\u00e9k hib\u00e1s, s\u00e9r\u00fclt vagy nem a rendelt term\u00e9ket kapta<\/li>\n        <li>vagy meggondolta mag\u00e1t, \u00e9s a term\u00e9k bontatlan, nem haszn\u00e1lt, eredeti \u00e1llapotban van<\/li>\n    <\/ul>\n    \n    <p>Ebben az esetben:<\/p>\n    \n    <ul>\n        <li>a visszak\u00fcld\u00e9s k\u00f6lts\u00e9ge \u00d6nt terheli<\/li>\n        <li>a term\u00e9k \u00e1r\u00e1t visszat\u00e9r\u00edtj\u00fck, miut\u00e1n az vissza\u00e9rkezett \u00e9s ellen\u0151rizt\u00fck<\/li>\n        <li>az eredeti sz\u00e1ll\u00edt\u00e1si d\u00edj 14 nap ut\u00e1n m\u00e1r nem j\u00e1r vissza<\/li>\n    <\/ul>\n    <h3>A visszak\u00fcld\u00e9s menete<\/h3>\n    \n    <p>Ahhoz, hogy a visszak\u00fcld\u00e9s gyorsan \u00e9s z\u00f6kken\u0151mentesen t\u00f6rt\u00e9njen, k\u00e9rj\u00fck, k\u00f6vesse az al\u00e1bbi l\u00e9p\u00e9seket.<\/p>\n    \n    <h5>1. l\u00e9p\u00e9s: L\u00e9pjen vel\u00fcnk kapcsolatba<\/h5>\n    \n    <p>K\u00e9rj\u00fck, \u00edrjon nek\u00fcnk 30 napon bel\u00fcl (vagy 14 napon bel\u00fcl, ha el\u00e1ll\u00e1si jog\u00e1val \u00e9l). <strong>A legegyszer\u0171bb, ha az al\u00e1bbi \u0171rlapot haszn\u00e1lja:<\/strong><\/p>\n    \n            <div class=\"flgb-form-wrapper flgb-refund-form-wrapper\">\n            <div class=\"flgb-form-header\">\n                Visszat\u00e9r\u00edt\u00e9si k\u00e9relem            <\/div>\n            <div class=\"flgb-form-body\">\n                \n                                <form method=\"post\" action=\"\">\n                    <input type=\"hidden\" id=\"flgb_refund_nonce\" name=\"flgb_refund_nonce\" value=\"17a16368da\" \/><input type=\"hidden\" name=\"_wp_http_referer\" value=\"\/hu\/wp-json\/wp\/v2\/pages\/4559\" \/>                            <div class=\"flgb-form-honeypot\" aria-hidden=\"true\">\n            <label for=\"flgb_website_url\">Website<\/label>\n            <input type=\"text\" name=\"flgb_website_url\" id=\"flgb_website_url\" tabindex=\"-1\" autocomplete=\"off\">\n        <\/div>\n        <input type=\"hidden\" name=\"flgb_form_time\" value=\"1775632907\">\n        <input type=\"hidden\" name=\"flgb_js_token\" id=\"flgb_js_token_1\" value=\"\" class=\"flgb-js-token\">\n        \n                    <div class=\"flgb-form-field\">\n                        <label class=\"flgb-form-label\" for=\"flgb_refund_name\">\n                            Vezet\u00e9kn\u00e9v \u00e9s keresztn\u00e9v <span class=\"flgb-form-required\">*<\/span>\n                        <\/label>\n                        <input type=\"text\" name=\"flgb_refund_name\" id=\"flgb_refund_name\" class=\"flgb-form-input\" required>\n                    <\/div>\n\n                    <div class=\"flgb-form-field\">\n                        <label class=\"flgb-form-label\" for=\"flgb_refund_email\">\n                            E-mail <span class=\"flgb-form-required\">*<\/span>\n                        <\/label>\n                        <input type=\"email\" name=\"flgb_refund_email\" id=\"flgb_refund_email\" class=\"flgb-form-input\" required>\n                    <\/div>\n\n                    <div class=\"flgb-form-field\">\n                        <label class=\"flgb-form-label\" for=\"flgb_refund_order\">\n                            Rendel\u00e9ssz\u00e1m <span class=\"flgb-form-required\">*<\/span>\n                        <\/label>\n                        <input type=\"text\" name=\"flgb_refund_order\" id=\"flgb_refund_order\" class=\"flgb-form-input\" required>\n                    <\/div>\n\n                    <div class=\"flgb-form-field\">\n                        <label class=\"flgb-form-label\" for=\"flgb_refund_bank\">\n                            Banksz\u00e1mla <span class=\"flgb-form-required\">*<\/span>\n                        <\/label>\n                        <input type=\"text\" name=\"flgb_refund_bank\" id=\"flgb_refund_bank\" class=\"flgb-form-input\" required>\n                        <div class=\"flgb-form-helper\">Banksz\u00e1mlasz\u00e1m IBAN form\u00e1tumban, amelyre a visszat\u00e9r\u00edt\u00e9st k\u00e9ri.<\/div>\n                    <\/div>\n\n                    <div class=\"flgb-form-field\">\n                        <button type=\"submit\" name=\"flgb_refund_submit\" class=\"flgb-form-submit\">\n                            Visszat\u00e9r\u00edt\u00e9si k\u00e9relem k\u00fcld\u00e9se                        <\/button>\n                    <\/div>\n                <input type=\"hidden\" name=\"trp-form-language\" value=\"hu\"\/><\/form>\n                            <\/div>\n        <\/div>\n                <script>\n        document.addEventListener('DOMContentLoaded', function() {\n            var tokens = document.querySelectorAll('.flgb-js-token');\n            for (var i = 0; i < tokens.length; i++) { tokens[i].value = 'human_verified'; }\n        });\n        <\/script>\n        \n    \n    <p style=\"margin-top: 25px;\">K\u00e9rj\u00fck, adja meg teljes nev\u00e9t, e-mail c\u00edm\u00e9t, rendel\u00e9si sz\u00e1m\u00e1t, \u00e9s r\u00f6viden \u00edrja le, mi\u00e9rt szeretn\u00e9 visszak\u00fcldeni a term\u00e9ket.<\/p>\n    \n    <h4>2. l\u00e9p\u00e9s: Visszak\u00fcld\u00e9si \u0171rlap k\u00fcld\u00e9se<\/h4>\n    \n    <p>Ha k\u00e9r\u00e9s\u00e9t elfogadjuk, <strong>3 munkanapon bel\u00fcl<\/strong> elk\u00fcldj\u00fck \u00d6nnek a <strong>Visszak\u00fcld\u00e9si \u0171rlapot<\/strong> \u00e9s a sz\u00fcks\u00e9ges tudnival\u00f3kat.<\/p>\n    \n    <p>Fontos: A visszak\u00fcld\u00e9s nem ker\u00fcl feldolgoz\u00e1sra, ha az \u0171rlap nincs mell\u00e9kelve.<\/p>\n    \n    <p><strong>A visszak\u00fcld\u00e9s c\u00edme:<\/strong><\/p>\n    \n    <p>RETURNS - konsuma s.r.o.<br \/>\nAg\u00e1tov\u00e1 4D<br \/>\n84102 Bratislava<br \/>\nSzlov\u00e1kia<\/p>\n    \n    <h4>3. l\u00e9p\u00e9s: Csomagol\u00e1s<\/h4>\n    \n    <p>Csomagolja be a term\u00e9ket biztons\u00e1gosan, lehet\u0151leg az eredeti csomagol\u00e1sba. A visszak\u00fcld\u00e9si \u0171rlapot helyezze a csomag belsej\u00e9be.<\/p>\n    \n    <ul>\n        <li>Ha meggondolta mag\u00e1t, a term\u00e9knek <strong>\u00fajnak \u00e9s s\u00e9rtetlennek<\/strong> kell lennie<\/li>\n        <li><strong>Haszn\u00e1lt term\u00e9ket csak hiba vagy t\u00e9ves sz\u00e1ll\u00edt\u00e1s eset\u00e9n fogadunk vissza<\/strong><\/li>\n    <\/ul>\n    \n    <h4>4. l\u00e9p\u00e9s: Csomag felad\u00e1sa<\/h4>\n    \n    <p>A csomagot b\u00e1rmely postai vagy fut\u00e1rszolg\u00e1lattal visszak\u00fcldheti.<\/p>\n    \n    <ul>\n        <li>Ne felejtse el mell\u00e9kelni a visszak\u00fcld\u00e9si \u0171rlapot<\/li>\n        <li>Nem biztos\u00edtunk el\u0151re nyomtatott visszak\u00fcld\u00e9si c\u00edmk\u00e9t<\/li>\n        <li>A visszak\u00fcld\u00e9s k\u00f6lts\u00e9ge minden esetben a v\u00e1s\u00e1rl\u00f3t terheli<\/li>\n    <\/ul>\n    \n    <p>\u26a0\ufe0f <strong>Fontos:<\/strong> A csomagot mindig a fenti c\u00edmre k\u00fcldje vissza. A v\u00e1llalat sz\u00e9khely\u00e9re k\u00fcld\u00f6tt csomagokat nem tudjuk \u00e1tvenni, \u00e9s visszak\u00fcldhetj\u00fck a felad\u00f3nak.<\/p>\n    \n    <h4>5. l\u00e9p\u00e9s: Visszat\u00e9r\u00edt\u00e9s<\/h4>\n    \n    <p>Miut\u00e1n meg\u00e9rkezik hozz\u00e1nk a csomag, az al\u00e1bbiak szerint j\u00e1runk el:<\/p>\n    \n    <ul>\n        <li>3 munkanapon bel\u00fcl megvizsg\u00e1ljuk a term\u00e9ket<\/li>\n        <li>ha mindent rendben tal\u00e1lunk, a visszat\u00e9r\u00edt\u00e9st 14 napon bel\u00fcl feldolgozzuk<\/li>\n        <li>a banki j\u00f3v\u00e1\u00edr\u00e1s tov\u00e1bbi 3-5 munkanapot vehet ig\u00e9nybe<\/li>\n        <li>az \u00f6sszeget ugyanazzal a fizet\u00e9si m\u00f3ddal t\u00e9r\u00edtj\u00fck vissza, amellyel fizetett<\/li>\n        <li>ha ut\u00e1nv\u00e9ttel fizetett, k\u00e9rj\u00fck, adja meg banksz\u00e1mlasz\u00e1m\u00e1t (IBAN), hogy a visszat\u00e9r\u00edt\u00e9st teljes\u00edthess\u00fck<\/li>\n    <\/ul>\n    \n    <h4>Tov\u00e1bbi tudnival\u00f3k<\/h4>\n    \n    <ul>\n        <li>Nincs kezel\u00e9si vagy rakt\u00e1roz\u00e1si d\u00edj<\/li>\n        <li>Hib\u00e1s, s\u00e9r\u00fclt vagy t\u00e9vesen k\u00fcld\u00f6tt term\u00e9k eset\u00e9n a sz\u00e1ll\u00edt\u00e1si d\u00edjat is visszat\u00e9r\u00edtj\u00fck (kiv\u00e9ve pr\u00e9mium sz\u00e1ll\u00edt\u00e1s)<\/li>\n        <li>Ha 14 nap ut\u00e1n gondolja meg mag\u00e1t, a sz\u00e1ll\u00edt\u00e1si d\u00edj nem j\u00e1r vissza<\/li>\n        <li>Term\u00e9kvisszak\u00fcld\u00e9st kiz\u00e1r\u00f3lag postai \u00faton fogadunk el \u2013 szem\u00e9lyes vagy csomagpontos visszak\u00fcld\u00e9s nem lehets\u00e9ges<\/li>\n    <\/ul>    <\/div>\n<\/div>\n<style>\n.flgb-ft-full-footer * {\n    box-sizing: border-box;\n}\n.flgb-ft-full-footer {\n    color: #dbdbdb;\n    font-family: inherit;\n    font-size: 14px;\n    line-height: 1.2;\n    width: 100%;\n    padding: 45px var(--flgb-content-padding);\n    background-color: #000000;\n}\n.flgb-ft-full-footer a {\n    color: #dbdbdb;\n    text-decoration: none;\n}\n.flgb-ft-full-footer a:hover {\n    text-decoration: underline;\n}\n.flgb-ft-footer-main-row {\n    display: flex;\n    flex-direction: row;\n    gap: 30px;\n    width: 100%;\n    max-width: 1120px;\n    margin: 0 auto;\n}\n.flgb-ft-footer-half {\n    display: flex;\n    flex-direction: row;\n    width: 50%;\n    gap: 30px;\n}\n.flgb-ft-footer-col {\n    width: 50%;\n    display: flex;\n    flex-direction: column;\n    gap: 15px;\n}\n.flgb-ft-footer-header {\n    font-weight: 600;\n    font-size: 16px;\n    color: #ffffff;\n}\n.flgb-ft-footer-links {\n    display: flex;\n    flex-direction: column;\n    gap: 12px;\n}\n.flgb-ft-footer-contact-item {\n    display: flex;\n    align-items: flex-start;\n    gap: 8px;\n}\n.flgb-ft-lang-switcher {\n    margin-top: 5px;\n}\n\n\/* Tablet *\/\n@media (max-width: 991px) {\n    .flgb-ft-full-footer {\n        padding: 40px var(--flgb-content-padding);\n    }\n    .flgb-ft-footer-main-row {\n        flex-direction: column;\n        gap: 20px;\n    }\n    .flgb-ft-footer-half {\n        width: 100%;\n    }\n}\n\n\/* Mobile *\/\n@media (max-width: 767px) {\n    .flgb-ft-footer-half {\n        flex-direction: column;\n        gap: 20px;\n    }\n    .flgb-ft-footer-col {\n        width: 100%;\n        text-align: center;\n        align-items: center;\n    }\n    .flgb-ft-footer-contact-item {\n        justify-content: center;\n    }\n    .flgb-ft-footer-links {\n        align-items: center;\n    }\n    .flgb-ft-lang-switcher {\n        display: flex;\n        justify-content: center;\n    }\n}\n\n\/* Small mobile *\/\n@media (max-width: 479px) {\n    .flgb-ft-full-footer {\n        padding: 24px var(--flgb-content-padding);\n    }\n    .flgb-ft-footer-links {\n        gap: 10px;\n    }\n}\n\n\/* Credits bar *\/\n.flgb-ft-credits-bar {\n    background-color: #ffffff;\n    width: 100%;\n    font-family: inherit;\n    font-size: 13px;\n    color: inherit;\n}\n.flgb-ft-credits-bar-inner {\n    display: flex;\n    flex-direction: row;\n    justify-content: space-between;\n    align-items: center;\n    width: 100%;\n    max-width: 1120px;\n    margin: 0 auto;\n    padding: 10px var(--flgb-content-padding);\n}\n.flgb-ft-credits-bar .flgb-ft-lang-switcher .trp-shortcode-switcher__wrapper,\n.flgb-ft-credits-bar .flgb-ft-lang-switcher .trp-language-switcher {\n    border: none !important;\n    padding: 0 !important;\n}\n@media (max-width: 767px) {\n    .flgb-ft-credits-bar-inner {\n        flex-direction: column;\n        text-align: center;\n        gap: 0;\n    }\n    .flgb-ft-credits-bar .flgb-ft-lang-switcher {\n        display: flex;\n        justify-content: center;\n    }\n}\n<\/style>\n\n<div class=\"flgb-ft-full-footer\" data-variant=\"home\">\n    <div class=\"flgb-ft-footer-main-row\">\n        \n        <!-- Left Half -->\n        <div class=\"flgb-ft-footer-half\">\n            \n            <!-- Column 1: Logo + Language Switcher + Shop -->\n            <div class=\"flgb-ft-footer-col\">\n                                <a href=\"https:\/\/sonicleanx.com\/hu\/\">\n                    <img decoding=\"async\" src=\"https:\/\/sonicleanx.com\/wp-content\/uploads\/2025\/04\/snclx-logo-w.webp\" \n                         alt=\"SonicleanX\" \n                         style=\"width: auto; height: 14px; display: block;\" \/>\n                <\/a>\n                                \n                                <div class=\"flgb-ft-lang-switcher\" style=\"width: 100%;\">\n                    <div class=\"trp_language_switcher_shortcode\">\n<div class=\"trp-language-switcher trp-language-switcher-container\" data-no-translation>\n    <div class=\"trp-ls-shortcode-current-language\">\n        <a href=\"#\" class=\"trp-ls-shortcode-disabled-language trp-ls-disabled-language\" title=\"Hungarian\" onclick=\"event.preventDefault()\">\n\t\t\t<img loading=\"lazy\" decoding=\"async\" class=\"trp-flag-image\" src=\"https:\/\/sonicleanx.com\/wp-content\/plugins\/translatepress-multilingual\/assets\/images\/flags\/hu_HU.png\" width=\"18\" height=\"12\" alt=\"hu_HU\" title=\"Hungarian\"> Hungarian\t\t<\/a>\n    <\/div>\n    <div class=\"trp-ls-shortcode-language\">\n                <a href=\"#\" class=\"trp-ls-shortcode-disabled-language trp-ls-disabled-language\"  title=\"Hungarian\" onclick=\"event.preventDefault()\">\n\t\t\t<img loading=\"lazy\" decoding=\"async\" class=\"trp-flag-image\" src=\"https:\/\/sonicleanx.com\/wp-content\/plugins\/translatepress-multilingual\/assets\/images\/flags\/hu_HU.png\" width=\"18\" height=\"12\" alt=\"hu_HU\" title=\"Hungarian\"> Hungarian\t\t<\/a>\n                    <a href=\"https:\/\/sonicleanx.com\/hu\/wp-json\/wp\/v2\/pages\/4559\" title=\"English\">\n            <img loading=\"lazy\" decoding=\"async\" class=\"trp-flag-image\" src=\"https:\/\/sonicleanx.com\/wp-content\/plugins\/translatepress-multilingual\/assets\/images\/flags\/en_US.png\" width=\"18\" height=\"12\" alt=\"en_US\" title=\"English\"> English        <\/a>\n\n            <a href=\"https:\/\/sonicleanx.com\/hu\/wp-json\/wp\/v2\/pages\/4559\" title=\"Slovak\">\n            <img loading=\"lazy\" decoding=\"async\" class=\"trp-flag-image\" src=\"https:\/\/sonicleanx.com\/wp-content\/plugins\/translatepress-multilingual\/assets\/images\/flags\/sk_SK.png\" width=\"18\" height=\"12\" alt=\"sk_SK\" title=\"Slovak\"> Slovak        <\/a>\n\n            <a href=\"https:\/\/sonicleanx.com\/hu\/wp-json\/wp\/v2\/pages\/4559\" title=\"Czech\">\n            <img loading=\"lazy\" decoding=\"async\" class=\"trp-flag-image\" src=\"https:\/\/sonicleanx.com\/wp-content\/plugins\/translatepress-multilingual\/assets\/images\/flags\/cs_CZ.png\" width=\"18\" height=\"12\" alt=\"cs_CZ\" title=\"Czech\"> Czech        <\/a>\n\n        <\/div>\n    <script type=\"application\/javascript\">\n        \/\/ need to have the same with set from JS on both divs. Otherwise it can push stuff around in HTML\n        var trp_ls_shortcodes = document.querySelectorAll('.trp_language_switcher_shortcode .trp-language-switcher');\n        if ( trp_ls_shortcodes.length > 0) {\n            \/\/ get the last language switcher added\n            var trp_el = trp_ls_shortcodes[trp_ls_shortcodes.length - 1];\n\n            var trp_shortcode_language_item = trp_el.querySelector( '.trp-ls-shortcode-language' )\n            \/\/ set width\n            var trp_ls_shortcode_width                                               = trp_shortcode_language_item.offsetWidth + 16;\n            trp_shortcode_language_item.style.width                                  = trp_ls_shortcode_width + 'px';\n            trp_el.querySelector( '.trp-ls-shortcode-current-language' ).style.width = trp_ls_shortcode_width + 'px';\n\n            \/\/ We're putting this on display: none after we have its width.\n            trp_shortcode_language_item.style.display = 'none';\n        }\n    <\/script>\n<\/div>\n<\/div>                <\/div>\n                                \n                            <\/div>\n            \n            <!-- Column 2: INFO -->\n            <div class=\"flgb-ft-footer-col\">\n                                <div class=\"flgb-ft-footer-header\">INFO<\/div>\n                                <div class=\"flgb-ft-footer-links\">\n                    <a href=\"https:\/\/sonicleanx.com\/hu\/terms-and-conditions\/\">Felhaszn\u00e1l\u00e1si felt\u00e9telek<\/a>\n                    <a href=\"https:\/\/sonicleanx.com\/hu\/privacy-policy\/\">Adatkezel\u00e9si t\u00e1j\u00e9koztat\u00f3<\/a>\n                    <a href=\"https:\/\/sonicleanx.com\/hu\/shipping-policy\/\">Sz\u00e1ll\u00edt\u00e1si inform\u00e1ci\u00f3k<\/a>\n                    <a href=\"https:\/\/sonicleanx.com\/hu\/payment-policy\/\">Fizet\u00e9si inform\u00e1ci\u00f3k<\/a>\n                    <a href=\"https:\/\/sonicleanx.com\/hu\/about-us\/\">R\u00f3lunk<\/a>\n                    <a href=\"https:\/\/sonicleanx.com\/hu\/disclaimer\/\">Jogi nyilatkozat<\/a>\n                <\/div>\n            <\/div>\n            \n        <\/div>\n        \n        <!-- Right Half -->\n        <div class=\"flgb-ft-footer-half\">\n            \n            <!-- Column 3: ORDER -->\n            <div class=\"flgb-ft-footer-col\">\n                                <div class=\"flgb-ft-footer-header\">RENDEL\u00c9S<\/div>\n                                <div class=\"flgb-ft-footer-links\">\n                    <a href=\"https:\/\/sonicleanx.com\/hu\/order-tracking\/\">Rendel\u00e9s k\u00f6vet\u00e9se<\/a>\n                    <a href=\"https:\/\/sonicleanx.com\/hu\/refund-and-return-policy\/\">Visszak\u00fcld\u00e9si szab\u00e1lyzat<\/a>\n                    <a href=\"https:\/\/sonicleanx.com\/hu\/faq\/\">GY.I.K.<\/a>\n                    <a href=\"https:\/\/sonicleanx.com\/hu\/contact\/\">El\u00e9rhet\u0151s\u00e9g<\/a>\n                <\/div>\n            <\/div>\n            \n            <!-- Column 4: CUSTOMER SUPPORT -->\n            <div class=\"flgb-ft-footer-col\">\n                                <div class=\"flgb-ft-footer-header\">\u00dcGYF\u00c9LSZOLG\u00c1LAT<\/div>\n                                <div class=\"flgb-ft-footer-links\">\n                    <div>Munkanapokon 08:00 \u00e9s 16:00 k\u00f6z\u00f6tt vagyunk el\u00e9rhet\u0151k.<\/div>\n                    <div class=\"flgb-ft-footer-contact-item\">\n                        <span class=\"dashicons dashicons-email\" style=\"font-size: 20px;\"><\/span>\n                        <span>info@sonicleanx.com<\/span>\n                    <\/div>\n                    <div class=\"flgb-ft-footer-contact-item\">\n                        <span class=\"dashicons dashicons-phone\" style=\"font-size: 20px;\"><\/span>\n                        <span>+421952290922<\/span>\n                    <\/div>\n                                    <\/div>\n            <\/div>\n            \n        <\/div>\n        \n    <\/div>\n<\/div>\n\n<!-- Credits Bar -->\n<div class=\"flgb-ft-credits-bar\">\n    <div class=\"flgb-ft-credits-bar-inner\">\n        <span>\u00a92026 SonicleanX. Minden jog fenntartva<\/span>\n            <\/div>\n<\/div>","protected":false},"excerpt":{"rendered":"","protected":false},"author":1,"featured_media":0,"parent":0,"menu_order":0,"comment_status":"closed","ping_status":"closed","template":"","meta":{"footnotes":""},"class_list":["post-4559","page","type-page","status-publish","hentry"],"_links":{"self":[{"href":"https:\/\/sonicleanx.com\/hu\/wp-json\/wp\/v2\/pages\/4559","targetHints":{"allow":["GET"]}}],"collection":[{"href":"https:\/\/sonicleanx.com\/hu\/wp-json\/wp\/v2\/pages"}],"about":[{"href":"https:\/\/sonicleanx.com\/hu\/wp-json\/wp\/v2\/types\/page"}],"author":[{"embeddable":true,"href":"https:\/\/sonicleanx.com\/hu\/wp-json\/wp\/v2\/users\/1"}],"replies":[{"embeddable":true,"href":"https:\/\/sonicleanx.com\/hu\/wp-json\/wp\/v2\/comments?post=4559"}],"version-history":[{"count":1,"href":"https:\/\/sonicleanx.com\/hu\/wp-json\/wp\/v2\/pages\/4559\/revisions"}],"predecessor-version":[{"id":4577,"href":"https:\/\/sonicleanx.com\/hu\/wp-json\/wp\/v2\/pages\/4559\/revisions\/4577"}],"wp:attachment":[{"href":"https:\/\/sonicleanx.com\/hu\/wp-json\/wp\/v2\/media?parent=4559"}],"curies":[{"name":"wp","href":"https:\/\/api.w.org\/{rel}","templated":true}]}}