{"id":4560,"date":"2026-02-10T09:51:54","date_gmt":"2026-02-10T08:51:54","guid":{"rendered":"https:\/\/sonicleanx.com\/faq\/"},"modified":"2026-02-10T10:00:53","modified_gmt":"2026-02-10T09:00:53","slug":"faq","status":"publish","type":"page","link":"https:\/\/sonicleanx.com\/hu\/faq\/","title":{"rendered":"GY.I.K."},"content":{"rendered":"<style>\n.flgb-ft-header {\n    background-color: #ffffff;\n    width: 100%;\n    padding: 10px var(--flgb-content-padding);\n    box-sizing: border-box;\n}\n.flgb-ft-header * {\n    box-sizing: border-box;\n}\n.flgb-ft-header-inner {\n    display: flex;\n    flex-direction: row;\n    align-items: center;\n    justify-content: space-between;\n    width: 100%;\n    max-width: 1120px;\n    margin: 0 auto;\n}\n.flgb-ft-header-logo img {\n    height: 14px;\n    width: auto;\n    display: block;\n}\n.flgb-ft-header-cta {\n    display: inline-block;\n    padding: 10px 25px;\n    font-size: 16px;\n    font-weight: 700;\n    line-height: 1;\n    text-decoration: none;\n    border-radius: 5px;\n    border: 2px solid #000000;\n    color: #000000;\n    background-color: #ffffff;\n    transition: all 0.2s ease;\n}\n.flgb-ft-header-cta:hover {\n    color: #ffffff;\n    background-color: #000000;\n    border-color: #000000;\n    text-decoration: none;\n}\n@media (max-width: 479px) {\n    .flgb-ft-header-cta {\n        font-size: 12px;\n        padding: 10px var(--flgb-content-padding);\n    }\n}\n<\/style>\n<div class=\"flgb-ft-header\">\n    <div class=\"flgb-ft-header-inner\">\n        <div class=\"flgb-ft-header-logo\">\n                        <a href=\"https:\/\/sonicleanx.com\/hu\/\">\n                <img decoding=\"async\" src=\"https:\/\/sonicleanx.com\/wp-content\/uploads\/2024\/10\/snclx-logo-black.webp\" alt=\"SonicleanX\" \/>\n            <\/a>\n                    <\/div>\n                <a href=\"https:\/\/sonicleanx.com\/hu\/select-qty\" class=\"flgb-ft-header-cta\">Rendelj most!<\/a>\n            <\/div>\n<\/div>\n<style>\n.flgb-ft-page-section {\n    background-color: #eff1f6;\n    padding: 50px var(--flgb-content-padding);\n    width: 100%;\n    box-sizing: border-box;\n}\n.flgb-ft-page-section * {\n    box-sizing: border-box;\n}\n.flgb-ft-page-container {\n    background-color: #ffffff;\n    padding: 40px;\n    max-width: 900px;\n    width: 100%;\n    margin: 0 auto;\n    box-shadow: 0 0 10px 0 #d6d6d6;\n}\n@media (max-width: 991px) {\n    .flgb-ft-page-section {\n        padding: 40px var(--flgb-content-padding);\n    }\n}\n@media (max-width: 767px) {\n    .flgb-ft-page-section {\n        padding: 40px var(--flgb-content-padding);\n    }\n    .flgb-ft-page-container {\n        padding: 30px;\n    }\n}\n@media (max-width: 479px) {\n    .flgb-ft-page-section {\n        padding: 25px 0;\n    }\n    .flgb-ft-page-container {\n        padding: 25px 10px 25px 10px;\n    }\n}\n<\/style>\n<div class=\"flgb-ft-page-section\">\n    <div class=\"flgb-ft-page-container\">\n        <h2 style=\"text-align: center;\">Gyakran ism\u00e9telt k\u00e9rd\u00e9sek<\/h2>\n    \n    <h4 style=\"margin-top: 30px; margin-bottom: 10px;\">Rendel\u00e9ssel kapcsolatos probl\u00e9m\u00e1k<\/h4>\n    \n    <details style=\"margin-bottom: 10px;\">\n        <summary style=\"text-decoration: underline;\">Szeretn\u00e9m m\u00f3dos\u00edtani a rendel\u00e9sem<\/summary>\n        <p>Ha a rendel\u00e9st m\u00e9g nem k\u00fcldt\u00fck el, van lehet\u0151s\u00e9g m\u00f3dos\u00edt\u00e1sra. K\u00e9rj\u00fck, miel\u0151bb vedd fel vel\u00fcnk a kapcsolatot, \u00e9s \u00edrd meg a rendel\u00e9si sz\u00e1mot \u00e9s a k\u00edv\u00e1nt v\u00e1ltoztat\u00e1st.<\/p>\n    <\/details>\n    \n    <details style=\"margin-bottom: 10px;\">\n        <summary style=\"text-decoration: underline;\">Hogyan tudom lemondani a rendel\u00e9st?<\/summary>\n        <p>A rendel\u00e9st le lehet mondani, am\u00edg nem ker\u00fclt felad\u00e1sra. Minden munkanapon reggel 7:00-kor csomagolunk \u00e9s k\u00fcldj\u00fck a csomagokat. Ha szeretn\u00e9d lemondani, k\u00e9rj\u00fck, jelezd ezt nek\u00fcnk ez el\u0151tt az id\u0151pont el\u0151tt. Ha m\u00e1r \u00faton van, visszak\u00fcld\u00e9sre van lehet\u0151s\u00e9g.<\/p>\n    <\/details>\n    \n    <details style=\"margin-bottom: 10px;\">\n        <summary style=\"text-decoration: underline;\">Hib\u00e1t k\u00f6vettem el a rendel\u00e9sben<\/summary>\n        <p>Ha rossz term\u00e9ket, m\u00e9retet vagy mennyis\u00e9get rendelt\u00e9l, ne agg\u00f3dj. \u00cdrj nek\u00fcnk min\u00e9l hamarabb, \u00e9s megpr\u00f3b\u00e1ljuk jav\u00edtani, miel\u0151tt elk\u00fclden\u00e9nk a csomagot.<\/p>\n    <\/details>\n    \n    <h4 style=\"margin-top: 30px; margin-bottom: 10px;\">Rendel\u00e9s \u00e9s kisz\u00e1ll\u00edt\u00e1s<\/h4>\n    \n    <details style=\"margin-bottom: 10px;\">\n        <summary style=\"text-decoration: underline;\">Hol van a rendel\u00e9sem?<\/summary>\n        <p>Amint feladjuk a csomagot, e-mailben k\u00fcld\u00fcnk egy nyomk\u00f6vet\u00e9si linket. Ezen kereszt\u00fcl b\u00e1rmikor megn\u00e9zheted, merre j\u00e1r a csomagod. Ha gond van, keress minket b\u00e1tran.<\/p>\n    <\/details>\n    \n    <details style=\"margin-bottom: 10px;\">\n        <summary style=\"text-decoration: underline;\">Befejeztem a rendel\u00e9st, de nem kaptam visszaigazol\u00e1st<\/summary>\n        <p>N\u00e9zd meg a spam vagy prom\u00f3ci\u00f3k mapp\u00e1dat. Ha ott sincs, \u00edrj nek\u00fcnk, \u00e9s \u00fajrak\u00fcldj\u00fck a visszaigazol\u00e1st.<\/p>\n    <\/details>\n    \n    <details style=\"margin-bottom: 10px;\">\n        <summary style=\"text-decoration: underline;\">Meg tudom v\u00e1ltoztatni a sz\u00e1ll\u00edt\u00e1si c\u00edmet?<\/summary>\n        <p>Igen, ha m\u00e9g nem adtuk fel a csomagot. \u00cdrj nek\u00fcnk min\u00e9l hamarabb, lehet\u0151leg reggel 7:00 el\u0151tt egy munkanapon.<\/p>\n    <\/details>\n    \n    <details style=\"margin-bottom: 10px;\">\n        <summary style=\"text-decoration: underline;\">Hogyan kapom meg a sz\u00e1ml\u00e1t?<\/summary>\n        <p>A sz\u00e1ml\u00e1t e-mailben, a rendel\u00e9s visszaigazol\u00e1s\u00e1val egy\u00fctt k\u00fcldj\u00fck el. Ha nem tal\u00e1lod, k\u00e9rlek jelezd, \u00e9s \u00fajra elk\u00fcldj\u00fck.<\/p>\n    <\/details>\n    \n    <details style=\"margin-bottom: 10px;\">\n        <summary style=\"text-decoration: underline;\">Mikor \u00e9rkezik meg a rendel\u00e9sem?<\/summary>\n        <p>Minden term\u00e9k rakt\u00e1ron van, \u00e9s az EU-n bel\u00fclr\u0151l k\u00fcldj\u00fck \u0151ket. A felad\u00e1s 1\u20132 munkanapon bel\u00fcl t\u00f6rt\u00e9nik. A sz\u00e1ll\u00edt\u00e1si id\u0151 orsz\u00e1gonk\u00e9nt v\u00e1ltozik:<br \/>\n        - Magyarorsz\u00e1g \u00e9s Lengyelorsz\u00e1g: 2\u20135 munkanap<br \/>\n        - Szlov\u00e1kia \u00e9s Csehorsz\u00e1g: 1\u20133 munkanap<br \/>\n        - M\u00e1s EU-orsz\u00e1gok: 3\u20137 munkanap<br \/>\n        \u00dcnnepi id\u0151szakban el\u0151fordulhat hosszabb sz\u00e1ll\u00edt\u00e1si id\u0151.<\/p>\n    <\/details>\n    \n    <details style=\"margin-bottom: 10px;\">\n        <summary style=\"text-decoration: underline;\">Hogyan k\u00f6vethetem a csomagomat?<\/summary>\n        <p>Miut\u00e1n elk\u00fcldt\u00fck a csomagot, egy e-mailben kapsz egy linket, amin kereszt\u00fcl nyomon k\u00f6vetheted a rendel\u00e9sed.<\/p>\n    <\/details>\n    \n    <details style=\"margin-bottom: 10px;\">\n        <summary style=\"text-decoration: underline;\">Mennyibe ker\u00fcl a sz\u00e1ll\u00edt\u00e1s?<\/summary>\n        <p>A sz\u00e1ll\u00edt\u00e1si d\u00edj az orsz\u00e1g alapj\u00e1n ker\u00fcl kisz\u00e1m\u00edt\u00e1sra, \u00e9s a p\u00e9nzt\u00e1rn\u00e1l pontosan l\u00e1tni fogod, mennyibe ker\u00fcl a kisz\u00e1ll\u00edt\u00e1s.<\/p>\n    <\/details>\n    \n    <details style=\"margin-bottom: 10px;\">\n        <summary style=\"text-decoration: underline;\">Hol tal\u00e1lom a rendel\u00e9si sz\u00e1momat?<\/summary>\n        <p>A visszaigazol\u00f3 e-mailben tal\u00e1lod meg. Ha nem tal\u00e1lod, \u00edrd meg a neved \u00e9s az e-mail c\u00edmed, \u00e9s seg\u00edt\u00fcnk beazonos\u00edtani a rendel\u00e9sed.<\/p>\n    <\/details>\n    \n    <h4 style=\"margin-top: 30px; margin-bottom: 10px;\">Visszak\u00fcld\u00e9s \u00e9s reklam\u00e1ci\u00f3<\/h4>\n    \n    <details style=\"margin-bottom: 10px;\">\n        <summary style=\"text-decoration: underline;\">Meddig k\u00fcldhetem vissza a term\u00e9ket?<\/summary>\n        <p>Visszak\u00fcld\u00e9sre ezekben az esetekben van lehet\u0151s\u00e9g:<\/p>\n        <ul>\n            <li><strong>14 napon bel\u00fcl<\/strong>, ha meggondoltad magad<\/li>\n            <li><strong>30 napon bel\u00fcl<\/strong>, ha a term\u00e9k s\u00e9rtetlen, bontatlan vagy hib\u00e1s<\/li>\n        <\/ul>\n    <\/details>\n    \n    <details style=\"margin-bottom: 10px;\">\n        <summary style=\"text-decoration: underline;\">Hogyan tudom visszak\u00fcldeni a csomagot?<\/summary>\n        <p>Egyszer\u0171en:<\/p>\n        <ol>\n            <li>L\u00e9pj vel\u00fcnk kapcsolatba az \u0171rlapunkon vagy v\u00e1laszolj a rendel\u00e9si e-mailre.<\/li>\n            <li>3 munkanapon bel\u00fcl elk\u00fcldj\u00fck neked a <strong>visszak\u00fcld\u00e9si \u0171rlapot<\/strong> \u00e9s a tov\u00e1bbi l\u00e9p\u00e9seket.<\/li>\n            <li>Csomagold vissza a term\u00e9ket az eredeti csomagol\u00e1sba, \u00e9s helyezd bele az \u0171rlapot.<\/li>\n            <li>K\u00fcldd el erre a c\u00edmre:<br \/>\n            RETURNS - konsuma s.r.o.<br \/>\nAg\u00e1tov\u00e1 4D<br \/>\n84102 Bratislava<br \/>\nSzlov\u00e1kia<\/li>\n        <\/ol>\n        <p><strong>Fontos:<\/strong> Az \u0171rlap n\u00e9lk\u00fcli vagy rossz c\u00edmre k\u00fcld\u00f6tt csomagokat nem tudjuk feldolgozni.<\/p>\n    <\/details>\n    \n    <details style=\"margin-bottom: 10px;\">\n        <summary style=\"text-decoration: underline;\">Mennyi id\u0151 alatt kapom vissza a p\u00e9nzem?<\/summary>\n        <ul>\n            <li>A visszak\u00fcld\u00f6tt term\u00e9keket 3 munkanapon bel\u00fcl \u00e1tn\u00e9zz\u00fck.<\/li>\n            <li>Ha minden rendben van, 14 napon bel\u00fcl elind\u00edtjuk a visszat\u00e9r\u00edt\u00e9st.<\/li>\n            <li>A bankodt\u00f3l f\u00fcgg\u0151en a p\u00e9nz 3\u20135 munkanapon bel\u00fcl meg\u00e9rkezik.<\/li>\n            <li>A visszat\u00e9r\u00edt\u00e9s ugyanarra a fizet\u00e9si m\u00f3dra t\u00f6rt\u00e9nik, amit a rendel\u00e9sn\u00e9l haszn\u00e1lt\u00e1l.<\/li>\n            <li>Ut\u00e1nv\u00e9tes fizet\u00e9s eset\u00e9n a visszat\u00e9r\u00edt\u00e9s banksz\u00e1ml\u00e1ra t\u00f6rt\u00e9nik \u2013 k\u00e9rj\u00fck, add meg az IBAN-t.<\/li>\n        <\/ul>\n    <\/details>\n    <\/div>\n<\/div>\n<style>\n.flgb-ft-full-footer * {\n    box-sizing: border-box;\n}\n.flgb-ft-full-footer {\n    color: #dbdbdb;\n    font-family: inherit;\n    font-size: 14px;\n    line-height: 1.2;\n    width: 100%;\n    padding: 45px var(--flgb-content-padding);\n    background-color: #000000;\n}\n.flgb-ft-full-footer a {\n    color: #dbdbdb;\n    text-decoration: none;\n}\n.flgb-ft-full-footer a:hover {\n    text-decoration: underline;\n}\n.flgb-ft-footer-main-row {\n    display: flex;\n    flex-direction: row;\n    gap: 30px;\n    width: 100%;\n    max-width: 1120px;\n    margin: 0 auto;\n}\n.flgb-ft-footer-half {\n    display: flex;\n    flex-direction: row;\n    width: 50%;\n    gap: 30px;\n}\n.flgb-ft-footer-col {\n    width: 50%;\n    display: flex;\n    flex-direction: column;\n    gap: 15px;\n}\n.flgb-ft-footer-header {\n    font-weight: 600;\n    font-size: 16px;\n    color: #ffffff;\n}\n.flgb-ft-footer-links {\n    display: flex;\n    flex-direction: column;\n    gap: 12px;\n}\n.flgb-ft-footer-contact-item {\n    display: flex;\n    align-items: flex-start;\n    gap: 8px;\n}\n.flgb-ft-lang-switcher {\n    margin-top: 5px;\n}\n\n\/* Tablet *\/\n@media (max-width: 991px) {\n    .flgb-ft-full-footer {\n        padding: 40px var(--flgb-content-padding);\n    }\n    .flgb-ft-footer-main-row {\n        flex-direction: column;\n        gap: 20px;\n    }\n    .flgb-ft-footer-half {\n        width: 100%;\n    }\n}\n\n\/* Mobile *\/\n@media (max-width: 767px) {\n    .flgb-ft-footer-half {\n        flex-direction: column;\n        gap: 20px;\n    }\n    .flgb-ft-footer-col {\n        width: 100%;\n        text-align: center;\n        align-items: center;\n    }\n    .flgb-ft-footer-contact-item {\n        justify-content: center;\n    }\n    .flgb-ft-footer-links {\n        align-items: center;\n    }\n    .flgb-ft-lang-switcher {\n        display: flex;\n        justify-content: center;\n    }\n}\n\n\/* Small mobile *\/\n@media (max-width: 479px) {\n    .flgb-ft-full-footer {\n        padding: 24px var(--flgb-content-padding);\n    }\n    .flgb-ft-footer-links {\n        gap: 10px;\n    }\n}\n\n\/* Credits bar *\/\n.flgb-ft-credits-bar {\n    background-color: #ffffff;\n    width: 100%;\n    font-family: inherit;\n    font-size: 13px;\n    color: inherit;\n}\n.flgb-ft-credits-bar-inner {\n    display: flex;\n    flex-direction: row;\n    justify-content: space-between;\n    align-items: center;\n    width: 100%;\n    max-width: 1120px;\n    margin: 0 auto;\n    padding: 10px var(--flgb-content-padding);\n}\n.flgb-ft-credits-bar .flgb-ft-lang-switcher .trp-shortcode-switcher__wrapper,\n.flgb-ft-credits-bar .flgb-ft-lang-switcher .trp-language-switcher {\n    border: none !important;\n    padding: 0 !important;\n}\n@media (max-width: 767px) {\n    .flgb-ft-credits-bar-inner {\n        flex-direction: column;\n        text-align: center;\n        gap: 0;\n    }\n    .flgb-ft-credits-bar .flgb-ft-lang-switcher {\n        display: flex;\n        justify-content: center;\n    }\n}\n<\/style>\n\n<div class=\"flgb-ft-full-footer\" data-variant=\"home\">\n    <div class=\"flgb-ft-footer-main-row\">\n        \n        <!-- Left Half -->\n        <div class=\"flgb-ft-footer-half\">\n            \n            <!-- Column 1: Logo + Language Switcher + Shop -->\n            <div class=\"flgb-ft-footer-col\">\n                                <a href=\"https:\/\/sonicleanx.com\/hu\/\">\n                    <img decoding=\"async\" src=\"https:\/\/sonicleanx.com\/wp-content\/uploads\/2025\/04\/snclx-logo-w.webp\" \n                         alt=\"SonicleanX\" \n                         style=\"width: auto; height: 14px; display: block;\" \/>\n                <\/a>\n                                \n                                <div class=\"flgb-ft-lang-switcher\" style=\"width: 100%;\">\n                    <div class=\"trp_language_switcher_shortcode\">\n<div class=\"trp-language-switcher trp-language-switcher-container\" data-no-translation>\n    <div class=\"trp-ls-shortcode-current-language\">\n        <a href=\"#\" class=\"trp-ls-shortcode-disabled-language trp-ls-disabled-language\" title=\"Hungarian\" onclick=\"event.preventDefault()\">\n\t\t\t<img loading=\"lazy\" decoding=\"async\" class=\"trp-flag-image\" src=\"https:\/\/sonicleanx.com\/wp-content\/plugins\/translatepress-multilingual\/assets\/images\/flags\/hu_HU.png\" width=\"18\" height=\"12\" alt=\"hu_HU\" title=\"Hungarian\"> Hungarian\t\t<\/a>\n    <\/div>\n    <div class=\"trp-ls-shortcode-language\">\n                <a href=\"#\" class=\"trp-ls-shortcode-disabled-language trp-ls-disabled-language\"  title=\"Hungarian\" onclick=\"event.preventDefault()\">\n\t\t\t<img loading=\"lazy\" decoding=\"async\" class=\"trp-flag-image\" src=\"https:\/\/sonicleanx.com\/wp-content\/plugins\/translatepress-multilingual\/assets\/images\/flags\/hu_HU.png\" width=\"18\" height=\"12\" alt=\"hu_HU\" title=\"Hungarian\"> Hungarian\t\t<\/a>\n                    <a href=\"https:\/\/sonicleanx.com\/hu\/wp-json\/wp\/v2\/pages\/4560\" title=\"English\">\n            <img loading=\"lazy\" decoding=\"async\" class=\"trp-flag-image\" src=\"https:\/\/sonicleanx.com\/wp-content\/plugins\/translatepress-multilingual\/assets\/images\/flags\/en_US.png\" width=\"18\" height=\"12\" alt=\"en_US\" title=\"English\"> English        <\/a>\n\n            <a href=\"https:\/\/sonicleanx.com\/hu\/wp-json\/wp\/v2\/pages\/4560\" title=\"Slovak\">\n            <img loading=\"lazy\" decoding=\"async\" class=\"trp-flag-image\" src=\"https:\/\/sonicleanx.com\/wp-content\/plugins\/translatepress-multilingual\/assets\/images\/flags\/sk_SK.png\" width=\"18\" height=\"12\" alt=\"sk_SK\" title=\"Slovak\"> Slovak        <\/a>\n\n            <a href=\"https:\/\/sonicleanx.com\/hu\/wp-json\/wp\/v2\/pages\/4560\" title=\"Czech\">\n            <img loading=\"lazy\" decoding=\"async\" class=\"trp-flag-image\" src=\"https:\/\/sonicleanx.com\/wp-content\/plugins\/translatepress-multilingual\/assets\/images\/flags\/cs_CZ.png\" width=\"18\" height=\"12\" alt=\"cs_CZ\" title=\"Czech\"> Czech        <\/a>\n\n        <\/div>\n    <script type=\"application\/javascript\">\n        \/\/ need to have the same with set from JS on both divs. Otherwise it can push stuff around in HTML\n        var trp_ls_shortcodes = document.querySelectorAll('.trp_language_switcher_shortcode .trp-language-switcher');\n        if ( trp_ls_shortcodes.length > 0) {\n            \/\/ get the last language switcher added\n            var trp_el = trp_ls_shortcodes[trp_ls_shortcodes.length - 1];\n\n            var trp_shortcode_language_item = trp_el.querySelector( '.trp-ls-shortcode-language' )\n            \/\/ set width\n            var trp_ls_shortcode_width                                               = trp_shortcode_language_item.offsetWidth + 16;\n            trp_shortcode_language_item.style.width                                  = trp_ls_shortcode_width + 'px';\n            trp_el.querySelector( '.trp-ls-shortcode-current-language' ).style.width = trp_ls_shortcode_width + 'px';\n\n            \/\/ We're putting this on display: none after we have its width.\n            trp_shortcode_language_item.style.display = 'none';\n        }\n    <\/script>\n<\/div>\n<\/div>                <\/div>\n                                \n                            <\/div>\n            \n            <!-- Column 2: INFO -->\n            <div class=\"flgb-ft-footer-col\">\n                                <div class=\"flgb-ft-footer-header\">INFO<\/div>\n                                <div class=\"flgb-ft-footer-links\">\n                    <a href=\"https:\/\/sonicleanx.com\/hu\/terms-and-conditions\/\">Felhaszn\u00e1l\u00e1si felt\u00e9telek<\/a>\n                    <a href=\"https:\/\/sonicleanx.com\/hu\/privacy-policy\/\">Adatkezel\u00e9si t\u00e1j\u00e9koztat\u00f3<\/a>\n                    <a href=\"https:\/\/sonicleanx.com\/hu\/shipping-policy\/\">Sz\u00e1ll\u00edt\u00e1si inform\u00e1ci\u00f3k<\/a>\n                    <a href=\"https:\/\/sonicleanx.com\/hu\/payment-policy\/\">Fizet\u00e9si inform\u00e1ci\u00f3k<\/a>\n                    <a href=\"https:\/\/sonicleanx.com\/hu\/about-us\/\">R\u00f3lunk<\/a>\n                    <a href=\"https:\/\/sonicleanx.com\/hu\/disclaimer\/\">Jogi nyilatkozat<\/a>\n                <\/div>\n            <\/div>\n            \n        <\/div>\n        \n        <!-- Right Half -->\n        <div class=\"flgb-ft-footer-half\">\n            \n            <!-- Column 3: ORDER -->\n            <div class=\"flgb-ft-footer-col\">\n                                <div class=\"flgb-ft-footer-header\">RENDEL\u00c9S<\/div>\n                                <div class=\"flgb-ft-footer-links\">\n                    <a href=\"https:\/\/sonicleanx.com\/hu\/order-tracking\/\">Rendel\u00e9s k\u00f6vet\u00e9se<\/a>\n                    <a href=\"https:\/\/sonicleanx.com\/hu\/refund-and-return-policy\/\">Visszak\u00fcld\u00e9si szab\u00e1lyzat<\/a>\n                    <a href=\"https:\/\/sonicleanx.com\/hu\/faq\/\">GY.I.K.<\/a>\n                    <a href=\"https:\/\/sonicleanx.com\/hu\/contact\/\">El\u00e9rhet\u0151s\u00e9g<\/a>\n                <\/div>\n            <\/div>\n            \n            <!-- Column 4: CUSTOMER SUPPORT -->\n            <div class=\"flgb-ft-footer-col\">\n                                <div class=\"flgb-ft-footer-header\">\u00dcGYF\u00c9LSZOLG\u00c1LAT<\/div>\n                                <div class=\"flgb-ft-footer-links\">\n                    <div>Munkanapokon 08:00 \u00e9s 16:00 k\u00f6z\u00f6tt vagyunk el\u00e9rhet\u0151k.<\/div>\n                    <div class=\"flgb-ft-footer-contact-item\">\n                        <span class=\"dashicons dashicons-email\" style=\"font-size: 20px;\"><\/span>\n                        <span>info@sonicleanx.com<\/span>\n                    <\/div>\n                    <div class=\"flgb-ft-footer-contact-item\">\n                        <span class=\"dashicons dashicons-phone\" style=\"font-size: 20px;\"><\/span>\n                        <span>+421952290922<\/span>\n                    <\/div>\n                                    <\/div>\n            <\/div>\n            \n        <\/div>\n        \n    <\/div>\n<\/div>\n\n<!-- Credits Bar -->\n<div class=\"flgb-ft-credits-bar\">\n    <div class=\"flgb-ft-credits-bar-inner\">\n        <span>\u00a92026 SonicleanX. Minden jog fenntartva<\/span>\n            <\/div>\n<\/div>","protected":false},"excerpt":{"rendered":"","protected":false},"author":1,"featured_media":0,"parent":0,"menu_order":0,"comment_status":"closed","ping_status":"closed","template":"","meta":{"footnotes":""},"class_list":["post-4560","page","type-page","status-publish","hentry"],"_links":{"self":[{"href":"https:\/\/sonicleanx.com\/hu\/wp-json\/wp\/v2\/pages\/4560","targetHints":{"allow":["GET"]}}],"collection":[{"href":"https:\/\/sonicleanx.com\/hu\/wp-json\/wp\/v2\/pages"}],"about":[{"href":"https:\/\/sonicleanx.com\/hu\/wp-json\/wp\/v2\/types\/page"}],"author":[{"embeddable":true,"href":"https:\/\/sonicleanx.com\/hu\/wp-json\/wp\/v2\/users\/1"}],"replies":[{"embeddable":true,"href":"https:\/\/sonicleanx.com\/hu\/wp-json\/wp\/v2\/comments?post=4560"}],"version-history":[{"count":1,"href":"https:\/\/sonicleanx.com\/hu\/wp-json\/wp\/v2\/pages\/4560\/revisions"}],"predecessor-version":[{"id":4578,"href":"https:\/\/sonicleanx.com\/hu\/wp-json\/wp\/v2\/pages\/4560\/revisions\/4578"}],"wp:attachment":[{"href":"https:\/\/sonicleanx.com\/hu\/wp-json\/wp\/v2\/media?parent=4560"}],"curies":[{"name":"wp","href":"https:\/\/api.w.org\/{rel}","templated":true}]}}