{"id":4559,"date":"2026-02-10T09:51:54","date_gmt":"2026-02-10T08:51:54","guid":{"rendered":"https:\/\/sonicleanx.com\/refund-and-return-policy\/"},"modified":"2026-02-10T10:00:48","modified_gmt":"2026-02-10T09:00:48","slug":"refund-and-return-policy","status":"publish","type":"page","link":"https:\/\/sonicleanx.com\/sk\/refund-and-return-policy\/","title":{"rendered":"Refund &#038; Return Policy"},"content":{"rendered":"<style>\n.flgb-ft-header {\n    background-color: #ffffff;\n    width: 100%;\n    padding: 10px var(--flgb-content-padding);\n    box-sizing: border-box;\n}\n.flgb-ft-header * {\n    box-sizing: border-box;\n}\n.flgb-ft-header-inner {\n    display: flex;\n    flex-direction: row;\n    align-items: center;\n    justify-content: space-between;\n    width: 100%;\n    max-width: 1120px;\n    margin: 0 auto;\n}\n.flgb-ft-header-logo img {\n    height: 14px;\n    width: auto;\n    display: block;\n}\n.flgb-ft-header-cta {\n    display: inline-block;\n    padding: 10px 25px;\n    font-size: 16px;\n    font-weight: 700;\n    line-height: 1;\n    text-decoration: none;\n    border-radius: 5px;\n    border: 2px solid #000000;\n    color: #000000;\n    background-color: #ffffff;\n    transition: all 0.2s ease;\n}\n.flgb-ft-header-cta:hover {\n    color: #ffffff;\n    background-color: #000000;\n    border-color: #000000;\n    text-decoration: none;\n}\n@media (max-width: 479px) {\n    .flgb-ft-header-cta {\n        font-size: 12px;\n        padding: 10px var(--flgb-content-padding);\n    }\n}\n<\/style>\n<div class=\"flgb-ft-header\">\n    <div class=\"flgb-ft-header-inner\">\n        <div class=\"flgb-ft-header-logo\">\n                        <a href=\"https:\/\/sonicleanx.com\/sk\/\">\n                <img decoding=\"async\" src=\"https:\/\/sonicleanx.com\/wp-content\/uploads\/2024\/10\/snclx-logo-black.webp\" alt=\"SonicleanX\" \/>\n            <\/a>\n                    <\/div>\n                <a href=\"https:\/\/sonicleanx.com\/sk\/select-qty\" class=\"flgb-ft-header-cta\">Objedna\u0165 teraz!<\/a>\n            <\/div>\n<\/div>\n<style>\n.flgb-ft-page-section {\n    background-color: #eff1f6;\n    padding: 50px var(--flgb-content-padding);\n    width: 100%;\n    box-sizing: border-box;\n}\n.flgb-ft-page-section * {\n    box-sizing: border-box;\n}\n.flgb-ft-page-container {\n    background-color: #ffffff;\n    padding: 40px;\n    max-width: 900px;\n    width: 100%;\n    margin: 0 auto;\n    box-shadow: 0 0 10px 0 #d6d6d6;\n}\n@media (max-width: 991px) {\n    .flgb-ft-page-section {\n        padding: 40px var(--flgb-content-padding);\n    }\n}\n@media (max-width: 767px) {\n    .flgb-ft-page-section {\n        padding: 40px var(--flgb-content-padding);\n    }\n    .flgb-ft-page-container {\n        padding: 30px;\n    }\n}\n@media (max-width: 479px) {\n    .flgb-ft-page-section {\n        padding: 25px 0;\n    }\n    .flgb-ft-page-container {\n        padding: 25px 10px 25px 10px;\n    }\n}\n<\/style>\n<div class=\"flgb-ft-page-section\">\n    <div class=\"flgb-ft-page-container\">\n        <h2 style=\"text-align: center;\">Podmienky vr\u00e1tenia tovaru a pe\u0148az\u00ed<\/h2>\n    \n    <p>Chceme, aby ste boli s n\u00e1kupom \u00faplne spokojn\u00ed. Ak nie\u010do nie je v poriadku, pripravili sme jednoduch\u00fd a transparentn\u00fd sp\u00f4sob, ako tovar vr\u00e1ti\u0165. <strong>Tieto podmienky platia len pre fyzick\u00e9 produkty zak\u00fapen\u00e9 priamo na na\u0161ej webstr\u00e1nke.<\/strong> Pri produktoch zak\u00fapen\u00fdch cez predajcov tret\u00edch str\u00e1n sa, pros\u00edm, ria\u010fte ich pravidlami vr\u00e1tenia.<\/p>\n    \n    <h4>Zru\u0161enie objedn\u00e1vky<\/h4>\n    \n    <p>Objedn\u00e1vku m\u00f4\u017eete zru\u0161i\u0165 <strong>pred jej odoslan\u00edm.<\/strong> Objedn\u00e1vky bal\u00edme a expedujeme <strong>v pracovn\u00e9 dni o 7:00 r\u00e1no miestneho \u010dasu.<\/strong><\/p>\n    \n    <p>Ak chcete objedn\u00e1vku zru\u0161i\u0165, kontaktujte n\u00e1s <strong>pred t\u00fdmto \u010dasom<\/strong> jedn\u00fdm z nasleduj\u00facich sp\u00f4sobov:<\/p>\n    \n    <ul>\n        <li>odpove\u010fou na potvrdzovac\u00ed e-mail k objedn\u00e1vke<\/li>\n        <li>odoslan\u00edm po\u017eiadavky prostredn\u00edctvom n\u00e1\u0161ho kontaktn\u00e9ho formul\u00e1ra<\/li>\n        <li>telefonicky na \u010d\u00edsle uvedenom na str\u00e1nke Kontakt<\/li>\n    <\/ul>\n    \n    <p>Po odoslan\u00ed objedn\u00e1vky u\u017e jej zru\u0161enie nie je mo\u017en\u00e9, ale tovar je mo\u017en\u00e9 vr\u00e1ti\u0165.<\/p>\n    \n    <h3>Lehoty a podmienky vr\u00e1tenia<\/h3>\n    \n    <p>Pon\u00fakame dve mo\u017enosti vr\u00e1tenia tovaru v z\u00e1vislosti od d\u00f4vodu, pre\u010do ho vraciate:<\/p>\n    \n    <h4>14-d\u0148ov\u00e9 pr\u00e1vo na odst\u00fapenie od zmluvy<\/h4>\n    \n    <p>Ak si n\u00e1kup rozmysl\u00edte, m\u00e1te pod\u013ea z\u00e1kona pr\u00e1vo odst\u00fapi\u0165 od zmluvy do <strong>14 dn\u00ed od doru\u010denia objedn\u00e1vky.<\/strong> V takom pr\u00edpade:<\/p>\n    \n    <ul>\n        <li>n\u00e1s mus\u00edte o odst\u00fapen\u00ed informova\u0165 do 14 dn\u00ed od doru\u010denia<\/li>\n        <li>n\u00e1klady na vr\u00e1tenie tovaru zn\u00e1\u0161a z\u00e1kazn\u00edk<\/li>\n        <li>po prijat\u00ed tovaru v prijate\u013enom stave v\u00e1m vr\u00e1time pln\u00fa sumu vr\u00e1tane p\u00f4vodn\u00e9ho po\u0161tovn\u00e9ho<\/li>\n        <li>poplatky za \u0161peci\u00e1lne sp\u00f4soby doru\u010denia (napr. expresn\u00e1 z\u00e1sielka) s\u00fa nevratn\u00e9<\/li>\n    <\/ul>\n    <h4>30-d\u0148ov\u00e1 lehota na vr\u00e1tenie<\/h4>\n    \n    <p>Okrem z\u00e1konn\u00e9ho pr\u00e1va pon\u00fakame aj <strong>30-d\u0148ov\u00fa z\u00e1ruku spokojnosti.<\/strong> Tovar m\u00f4\u017eete vr\u00e1ti\u0165 do 30 dn\u00ed od objedn\u00e1vky, ak:<\/p>\n    \n    <ul>\n        <li>je vadn\u00fd, po\u0161koden\u00fd alebo nespr\u00e1vny<\/li>\n        <li>alebo ste si n\u00e1kup rozmysleli, tovar ste nepou\u017eili a je v p\u00f4vodnom stave<\/li>\n    <\/ul>\n    \n    <p>V tomto pr\u00edpade plat\u00ed:<\/p>\n    \n    <ul>\n        <li>n\u00e1klady na vr\u00e1tenie tovaru zn\u00e1\u0161a z\u00e1kazn\u00edk<\/li>\n        <li>po prijat\u00ed a kontrole tovaru v\u00e1m vr\u00e1time jeho cenu<\/li>\n        <li>po\u0161tovn\u00e9 nevraciame, ak pre\u0161lo viac ako 14 dn\u00ed<\/li>\n    <\/ul>\n    <h3>Postup vr\u00e1tenia<\/h3>\n    \n    <p>Aby sme mohli va\u0161e vr\u00e1tenie spracova\u0165 r\u00fdchlo a bez komplik\u00e1ci\u00ed, postupujte pod\u013ea nasleduj\u00facich krokov.<\/p>\n    \n    <h5>Krok 1: Kontaktujte n\u00e1s<\/h5>\n    \n    <p>Najprv sa n\u00e1m ozvite do 30 dn\u00ed od doru\u010denia (alebo do 14 dn\u00ed, ak vyu\u017e\u00edvate pr\u00e1vo na odst\u00fapenie). <strong>Najjednoduch\u0161ie je pou\u017ei\u0165 n\u00e1\u0161 kontaktn\u00fd formul\u00e1r ni\u017e\u0161ie:<\/strong><\/p>\n    \n            <div class=\"flgb-form-wrapper flgb-refund-form-wrapper\">\n            <div class=\"flgb-form-header\">\n                \u017diados\u0165 o vr\u00e1tenie pe\u0148az\u00ed            <\/div>\n            <div class=\"flgb-form-body\">\n                \n                                <form method=\"post\" action=\"\">\n                    <input type=\"hidden\" id=\"flgb_refund_nonce\" name=\"flgb_refund_nonce\" value=\"17a16368da\" \/><input type=\"hidden\" name=\"_wp_http_referer\" value=\"\/sk\/wp-json\/wp\/v2\/pages\/4559\" \/>                            <div class=\"flgb-form-honeypot\" aria-hidden=\"true\">\n            <label for=\"flgb_website_url\">Website<\/label>\n            <input type=\"text\" name=\"flgb_website_url\" id=\"flgb_website_url\" tabindex=\"-1\" autocomplete=\"off\">\n        <\/div>\n        <input type=\"hidden\" name=\"flgb_form_time\" value=\"1775626177\">\n        <input type=\"hidden\" name=\"flgb_js_token\" id=\"flgb_js_token_1\" value=\"\" class=\"flgb-js-token\">\n        \n                    <div class=\"flgb-form-field\">\n                        <label class=\"flgb-form-label\" for=\"flgb_refund_name\">\n                            Meno a priezvisko <span class=\"flgb-form-required\">*<\/span>\n                        <\/label>\n                        <input type=\"text\" name=\"flgb_refund_name\" id=\"flgb_refund_name\" class=\"flgb-form-input\" required>\n                    <\/div>\n\n                    <div class=\"flgb-form-field\">\n                        <label class=\"flgb-form-label\" for=\"flgb_refund_email\">\n                            E-mail <span class=\"flgb-form-required\">*<\/span>\n                        <\/label>\n                        <input type=\"email\" name=\"flgb_refund_email\" id=\"flgb_refund_email\" class=\"flgb-form-input\" required>\n                    <\/div>\n\n                    <div class=\"flgb-form-field\">\n                        <label class=\"flgb-form-label\" for=\"flgb_refund_order\">\n                            \u010c\u00edslo objedn\u00e1vky <span class=\"flgb-form-required\">*<\/span>\n                        <\/label>\n                        <input type=\"text\" name=\"flgb_refund_order\" id=\"flgb_refund_order\" class=\"flgb-form-input\" required>\n                    <\/div>\n\n                    <div class=\"flgb-form-field\">\n                        <label class=\"flgb-form-label\" for=\"flgb_refund_bank\">\n                            Bankov\u00fd \u00fa\u010det <span class=\"flgb-form-required\">*<\/span>\n                        <\/label>\n                        <input type=\"text\" name=\"flgb_refund_bank\" id=\"flgb_refund_bank\" class=\"flgb-form-input\" required>\n                        <div class=\"flgb-form-helper\">\u010c\u00edslo bankov\u00e9ho \u00fa\u010dtu vo form\u00e1te IBAN, na ktor\u00fd chcete zasla\u0165 vr\u00e1tenie pe\u0148az\u00ed.<\/div>\n                    <\/div>\n\n                    <div class=\"flgb-form-field\">\n                        <button type=\"submit\" name=\"flgb_refund_submit\" class=\"flgb-form-submit\">\n                            Odosla\u0165 \u017eiados\u0165 o vr\u00e1tenie                        <\/button>\n                    <\/div>\n                <input type=\"hidden\" name=\"trp-form-language\" value=\"sk\"\/><\/form>\n                            <\/div>\n        <\/div>\n                <script>\n        document.addEventListener('DOMContentLoaded', function() {\n            var tokens = document.querySelectorAll('.flgb-js-token');\n            for (var i = 0; i < tokens.length; i++) { tokens[i].value = 'human_verified'; }\n        });\n        <\/script>\n        \n    \n    <p style=\"margin-top: 25px;\">Uve\u010fte svoje meno, e-mail, \u010d\u00edslo objedn\u00e1vky a stru\u010dne pop\u00ed\u0161te d\u00f4vod vr\u00e1tenia.<\/p>\n    \n    <h4>Krok 2: Dostanete formul\u00e1r na vr\u00e1tenie tovaru<\/h4>\n    \n    <p>Ak va\u0161a \u017eiados\u0165 sp\u013a\u0148a na\u0161e podmienky, <strong>do 3 pracovn\u00fdch dn\u00ed<\/strong> v\u00e1m po\u0161leme <strong>Formul\u00e1r na vr\u00e1tenie tovaru<\/strong> spolu s in\u0161trukciami, ako tovar zasla\u0165 sp\u00e4\u0165.<\/p>\n    \n    <p>D\u00f4le\u017eit\u00e9: Vr\u00e1tenia bez tohto formul\u00e1ra nevieme spracova\u0165.<\/p>\n    \n    <p><strong>Adresa pre vr\u00e1tenie tovaru:<\/strong><\/p>\n    \n    <p>RETURNS - konsuma s.r.o.<br \/>\nAg\u00e1tov\u00e1 4D<br \/>\n84102 Bratislava<br \/>\nSlovensko<\/p>\n    \n    <h4>Krok 3: Zaba\u013ete tovar<\/h4>\n    \n    <p>Tovar d\u00f4kladne zaba\u013ete, ide\u00e1lne do p\u00f4vodn\u00e9ho obalu. Formul\u00e1r na vr\u00e1tenie tovaru vlo\u017ete dovn\u00fatra bal\u00edka.<\/p>\n    \n    <ul>\n        <li>Ak vraciate tovar z d\u00f4vodu zmeny n\u00e1zoru, mus\u00ed by\u0165 <strong>nepou\u017eit\u00fd a v p\u00f4vodnom stave<\/strong><\/li>\n        <li><strong>Pou\u017eit\u00e9 v\u00fdrobky je mo\u017en\u00e9 vr\u00e1ti\u0165 iba v pr\u00edpade, \u017ee s\u00fa chybn\u00e9 alebo nespr\u00e1vne<\/strong><\/li>\n    <\/ul>\n    \n    <h4>Krok 4: Z\u00e1sielku odo\u0161lite<\/h4>\n    \n    <p>Tovar n\u00e1m m\u00f4\u017eete posla\u0165 akouko\u013evek be\u017enou prepravnou slu\u017ebou alebo po\u0161tou.<\/p>\n    \n    <ul>\n        <li>Nezabudnite prilo\u017ei\u0165 vyplnen\u00fd formul\u00e1r na vr\u00e1tenie<\/li>\n        <li>Nezasielame sp\u00e4tn\u00e9 \u0161t\u00edtky na vr\u00e1tenie<\/li>\n        <li>Po\u0161tovn\u00e9 hrad\u00ed z\u00e1kazn\u00edk<\/li>\n    <\/ul>\n    \n    <p>\u26a0\ufe0f <strong>Upozornenie:<\/strong> Tovar mus\u00ed by\u0165 zaslan\u00fd na vy\u0161\u0161ie uveden\u00fa adresu. Z\u00e1sielky doru\u010den\u00e9 na s\u00eddlo spolo\u010dnosti m\u00f4\u017eu by\u0165 odmietnut\u00e9 a vr\u00e1ten\u00e9 sp\u00e4\u0165 odosielate\u013eovi.<\/p>\n    \n    <h4>Krok 5: Vr\u00e1tenie pe\u0148az\u00ed<\/h4>\n    \n    <p>Po prijat\u00ed a kontrole tovaru:<\/p>\n    \n    <ul>\n        <li>skontrolujeme ho do 3 pracovn\u00fdch dn\u00ed od doru\u010denia<\/li>\n        <li>ak je v\u0161etko v poriadku, peniaze v\u00e1m vr\u00e1time do 14 dn\u00ed<\/li>\n        <li>po spracovan\u00ed refund\u00e1cie m\u00f4\u017ee trva\u0165 3 a\u017e 5 pracovn\u00fdch dn\u00ed, k\u00fdm sa peniaze objavia na va\u0161om \u00fa\u010dte<\/li>\n        <li>peniaze vraciame rovnak\u00fdm sp\u00f4sobom, ak\u00fdm ste platili<\/li>\n        <li>ak ste platili na dobierku, peniaze v\u00e1m po\u0161leme na \u00fa\u010det \u2013 pri \u017eiadosti uve\u010fte, pros\u00edm, svoj IBAN<\/li>\n    <\/ul>\n    \n    <h4>\u010eal\u0161ie d\u00f4le\u017eit\u00e9 inform\u00e1cie<\/h4>\n    \n    <ul>\n        <li>Ne\u00fa\u010dtujeme \u017eiadne poplatky za spracovanie alebo skladovanie<\/li>\n        <li>Ak je produkt chybn\u00fd, po\u0161koden\u00fd alebo nespr\u00e1vny, vraciame aj p\u00f4vodn\u00e9 po\u0161tovn\u00e9 (okrem expresn\u00fdch doru\u010den\u00ed)<\/li>\n        <li>Ak vraciate tovar po 14 d\u0148och z d\u00f4vodu zmeny n\u00e1zoru, po\u0161tovn\u00e9 nevraciame<\/li>\n        <li>Vr\u00e1tenie je mo\u017en\u00e9 iba po\u0161tou \u2013 osobn\u00e9 vr\u00e1tenie ani cez v\u00fddajn\u00e9 miesta neakceptujeme<\/li>\n    <\/ul>    <\/div>\n<\/div>\n<style>\n.flgb-ft-full-footer * {\n    box-sizing: border-box;\n}\n.flgb-ft-full-footer {\n    color: #dbdbdb;\n    font-family: inherit;\n    font-size: 14px;\n    line-height: 1.2;\n    width: 100%;\n    padding: 45px var(--flgb-content-padding);\n    background-color: #000000;\n}\n.flgb-ft-full-footer a {\n    color: #dbdbdb;\n    text-decoration: none;\n}\n.flgb-ft-full-footer a:hover {\n    text-decoration: underline;\n}\n.flgb-ft-footer-main-row {\n    display: flex;\n    flex-direction: row;\n    gap: 30px;\n    width: 100%;\n    max-width: 1120px;\n    margin: 0 auto;\n}\n.flgb-ft-footer-half {\n    display: flex;\n    flex-direction: row;\n    width: 50%;\n    gap: 30px;\n}\n.flgb-ft-footer-col {\n    width: 50%;\n    display: flex;\n    flex-direction: column;\n    gap: 15px;\n}\n.flgb-ft-footer-header {\n    font-weight: 600;\n    font-size: 16px;\n    color: #ffffff;\n}\n.flgb-ft-footer-links {\n    display: flex;\n    flex-direction: column;\n    gap: 12px;\n}\n.flgb-ft-footer-contact-item {\n    display: flex;\n    align-items: flex-start;\n    gap: 8px;\n}\n.flgb-ft-lang-switcher {\n    margin-top: 5px;\n}\n\n\/* Tablet *\/\n@media (max-width: 991px) {\n    .flgb-ft-full-footer {\n        padding: 40px var(--flgb-content-padding);\n    }\n    .flgb-ft-footer-main-row {\n        flex-direction: column;\n        gap: 20px;\n    }\n    .flgb-ft-footer-half {\n        width: 100%;\n    }\n}\n\n\/* Mobile *\/\n@media (max-width: 767px) {\n    .flgb-ft-footer-half {\n        flex-direction: column;\n        gap: 20px;\n    }\n    .flgb-ft-footer-col {\n        width: 100%;\n        text-align: center;\n        align-items: center;\n    }\n    .flgb-ft-footer-contact-item {\n        justify-content: center;\n    }\n    .flgb-ft-footer-links {\n        align-items: center;\n    }\n    .flgb-ft-lang-switcher {\n        display: flex;\n        justify-content: center;\n    }\n}\n\n\/* Small mobile *\/\n@media (max-width: 479px) {\n    .flgb-ft-full-footer {\n        padding: 24px var(--flgb-content-padding);\n    }\n    .flgb-ft-footer-links {\n        gap: 10px;\n    }\n}\n\n\/* Credits bar *\/\n.flgb-ft-credits-bar {\n    background-color: #ffffff;\n    width: 100%;\n    font-family: inherit;\n    font-size: 13px;\n    color: inherit;\n}\n.flgb-ft-credits-bar-inner {\n    display: flex;\n    flex-direction: row;\n    justify-content: space-between;\n    align-items: center;\n    width: 100%;\n    max-width: 1120px;\n    margin: 0 auto;\n    padding: 10px var(--flgb-content-padding);\n}\n.flgb-ft-credits-bar .flgb-ft-lang-switcher .trp-shortcode-switcher__wrapper,\n.flgb-ft-credits-bar .flgb-ft-lang-switcher .trp-language-switcher {\n    border: none !important;\n    padding: 0 !important;\n}\n@media (max-width: 767px) {\n    .flgb-ft-credits-bar-inner {\n        flex-direction: column;\n        text-align: center;\n        gap: 0;\n    }\n    .flgb-ft-credits-bar .flgb-ft-lang-switcher {\n        display: flex;\n        justify-content: center;\n    }\n}\n<\/style>\n\n<div class=\"flgb-ft-full-footer\" data-variant=\"home\">\n    <div class=\"flgb-ft-footer-main-row\">\n        \n        <!-- Left Half -->\n        <div class=\"flgb-ft-footer-half\">\n            \n            <!-- Column 1: Logo + Language Switcher + Shop -->\n            <div class=\"flgb-ft-footer-col\">\n                                <a href=\"https:\/\/sonicleanx.com\/sk\/\">\n                    <img decoding=\"async\" src=\"https:\/\/sonicleanx.com\/wp-content\/uploads\/2025\/04\/snclx-logo-w.webp\" \n                         alt=\"SonicleanX\" \n                         style=\"width: auto; height: 14px; display: block;\" \/>\n                <\/a>\n                                \n                                <div class=\"flgb-ft-lang-switcher\" style=\"width: 100%;\">\n                    <div class=\"trp_language_switcher_shortcode\">\n<div class=\"trp-language-switcher trp-language-switcher-container\" data-no-translation>\n    <div class=\"trp-ls-shortcode-current-language\">\n        <a href=\"#\" class=\"trp-ls-shortcode-disabled-language trp-ls-disabled-language\" title=\"Slovak\" onclick=\"event.preventDefault()\">\n\t\t\t<img loading=\"lazy\" decoding=\"async\" class=\"trp-flag-image\" src=\"https:\/\/sonicleanx.com\/wp-content\/plugins\/translatepress-multilingual\/assets\/images\/flags\/sk_SK.png\" width=\"18\" height=\"12\" alt=\"sk_SK\" title=\"Slovak\"> Slovak\t\t<\/a>\n    <\/div>\n    <div class=\"trp-ls-shortcode-language\">\n                <a href=\"#\" class=\"trp-ls-shortcode-disabled-language trp-ls-disabled-language\"  title=\"Slovak\" onclick=\"event.preventDefault()\">\n\t\t\t<img loading=\"lazy\" decoding=\"async\" class=\"trp-flag-image\" src=\"https:\/\/sonicleanx.com\/wp-content\/plugins\/translatepress-multilingual\/assets\/images\/flags\/sk_SK.png\" width=\"18\" height=\"12\" alt=\"sk_SK\" title=\"Slovak\"> Slovak\t\t<\/a>\n                    <a href=\"https:\/\/sonicleanx.com\/sk\/wp-json\/wp\/v2\/pages\/4559\" title=\"English\">\n            <img loading=\"lazy\" decoding=\"async\" class=\"trp-flag-image\" src=\"https:\/\/sonicleanx.com\/wp-content\/plugins\/translatepress-multilingual\/assets\/images\/flags\/en_US.png\" width=\"18\" height=\"12\" alt=\"en_US\" title=\"English\"> English        <\/a>\n\n            <a href=\"https:\/\/sonicleanx.com\/sk\/wp-json\/wp\/v2\/pages\/4559\" title=\"Czech\">\n            <img loading=\"lazy\" decoding=\"async\" class=\"trp-flag-image\" src=\"https:\/\/sonicleanx.com\/wp-content\/plugins\/translatepress-multilingual\/assets\/images\/flags\/cs_CZ.png\" width=\"18\" height=\"12\" alt=\"cs_CZ\" title=\"Czech\"> Czech        <\/a>\n\n            <a href=\"https:\/\/sonicleanx.com\/sk\/wp-json\/wp\/v2\/pages\/4559\" title=\"Hungarian\">\n            <img loading=\"lazy\" decoding=\"async\" class=\"trp-flag-image\" src=\"https:\/\/sonicleanx.com\/wp-content\/plugins\/translatepress-multilingual\/assets\/images\/flags\/hu_HU.png\" width=\"18\" height=\"12\" alt=\"hu_HU\" title=\"Hungarian\"> Hungarian        <\/a>\n\n        <\/div>\n    <script type=\"application\/javascript\">\n        \/\/ need to have the same with set from JS on both divs. Otherwise it can push stuff around in HTML\n        var trp_ls_shortcodes = document.querySelectorAll('.trp_language_switcher_shortcode .trp-language-switcher');\n        if ( trp_ls_shortcodes.length > 0) {\n            \/\/ get the last language switcher added\n            var trp_el = trp_ls_shortcodes[trp_ls_shortcodes.length - 1];\n\n            var trp_shortcode_language_item = trp_el.querySelector( '.trp-ls-shortcode-language' )\n            \/\/ set width\n            var trp_ls_shortcode_width                                               = trp_shortcode_language_item.offsetWidth + 16;\n            trp_shortcode_language_item.style.width                                  = trp_ls_shortcode_width + 'px';\n            trp_el.querySelector( '.trp-ls-shortcode-current-language' ).style.width = trp_ls_shortcode_width + 'px';\n\n            \/\/ We're putting this on display: none after we have its width.\n            trp_shortcode_language_item.style.display = 'none';\n        }\n    <\/script>\n<\/div>\n<\/div>                <\/div>\n                                \n                            <\/div>\n            \n            <!-- Column 2: INFO -->\n            <div class=\"flgb-ft-footer-col\">\n                                <div class=\"flgb-ft-footer-header\">INFO<\/div>\n                                <div class=\"flgb-ft-footer-links\">\n                    <a href=\"https:\/\/sonicleanx.com\/sk\/terms-and-conditions\/\">Obchodn\u00e9 podmienky<\/a>\n                    <a href=\"https:\/\/sonicleanx.com\/sk\/privacy-policy\/\">Ochrana osobn\u00fdch \u00fadajov<\/a>\n                    <a href=\"https:\/\/sonicleanx.com\/sk\/shipping-policy\/\">Z\u00e1sady dopravy<\/a>\n                    <a href=\"https:\/\/sonicleanx.com\/sk\/payment-policy\/\">Platobn\u00e9 podmienky<\/a>\n                    <a href=\"https:\/\/sonicleanx.com\/sk\/about-us\/\">O n\u00e1s<\/a>\n                    <a href=\"https:\/\/sonicleanx.com\/sk\/disclaimer\/\">Vyl\u00fa\u010denie zodpovednosti<\/a>\n                <\/div>\n            <\/div>\n            \n        <\/div>\n        \n        <!-- Right Half -->\n        <div class=\"flgb-ft-footer-half\">\n            \n            <!-- Column 3: ORDER -->\n            <div class=\"flgb-ft-footer-col\">\n                                <div class=\"flgb-ft-footer-header\">OBJEDN\u00c1VKA<\/div>\n                                <div class=\"flgb-ft-footer-links\">\n                    <a href=\"https:\/\/sonicleanx.com\/sk\/order-tracking\/\">Sledovanie z\u00e1sielky<\/a>\n                    <a href=\"https:\/\/sonicleanx.com\/sk\/refund-and-return-policy\/\">Vr\u00e1tenie tovaru a pe\u0148az\u00ed<\/a>\n                    <a href=\"https:\/\/sonicleanx.com\/sk\/faq\/\">FAQ<\/a>\n                    <a href=\"https:\/\/sonicleanx.com\/sk\/contact\/\">Kontakt<\/a>\n                <\/div>\n            <\/div>\n            \n            <!-- Column 4: CUSTOMER SUPPORT -->\n            <div class=\"flgb-ft-footer-col\">\n                                <div class=\"flgb-ft-footer-header\">Z\u00c1KAZN\u00cdCKA PODPORA<\/div>\n                                <div class=\"flgb-ft-footer-links\">\n                    <div>Sme k dispoz\u00edcii ka\u017ed\u00fd pracovn\u00fd de\u0148 od 08:00 do 16:00.<\/div>\n                    <div class=\"flgb-ft-footer-contact-item\">\n                        <span class=\"dashicons dashicons-email\" style=\"font-size: 20px;\"><\/span>\n                        <span>info@sonicleanx.com<\/span>\n                    <\/div>\n                    <div class=\"flgb-ft-footer-contact-item\">\n                        <span class=\"dashicons dashicons-phone\" style=\"font-size: 20px;\"><\/span>\n                        <span>+421952290922<\/span>\n                    <\/div>\n                                    <\/div>\n            <\/div>\n            \n        <\/div>\n        \n    <\/div>\n<\/div>\n\n<!-- Credits Bar -->\n<div class=\"flgb-ft-credits-bar\">\n    <div class=\"flgb-ft-credits-bar-inner\">\n        <span>\u00a92026 SonicleanX. V\u0161etky pr\u00e1va vyhraden\u00e9<\/span>\n            <\/div>\n<\/div>","protected":false},"excerpt":{"rendered":"","protected":false},"author":1,"featured_media":0,"parent":0,"menu_order":0,"comment_status":"closed","ping_status":"closed","template":"","meta":{"footnotes":""},"class_list":["post-4559","page","type-page","status-publish","hentry"],"_links":{"self":[{"href":"https:\/\/sonicleanx.com\/sk\/wp-json\/wp\/v2\/pages\/4559","targetHints":{"allow":["GET"]}}],"collection":[{"href":"https:\/\/sonicleanx.com\/sk\/wp-json\/wp\/v2\/pages"}],"about":[{"href":"https:\/\/sonicleanx.com\/sk\/wp-json\/wp\/v2\/types\/page"}],"author":[{"embeddable":true,"href":"https:\/\/sonicleanx.com\/sk\/wp-json\/wp\/v2\/users\/1"}],"replies":[{"embeddable":true,"href":"https:\/\/sonicleanx.com\/sk\/wp-json\/wp\/v2\/comments?post=4559"}],"version-history":[{"count":1,"href":"https:\/\/sonicleanx.com\/sk\/wp-json\/wp\/v2\/pages\/4559\/revisions"}],"predecessor-version":[{"id":4577,"href":"https:\/\/sonicleanx.com\/sk\/wp-json\/wp\/v2\/pages\/4559\/revisions\/4577"}],"wp:attachment":[{"href":"https:\/\/sonicleanx.com\/sk\/wp-json\/wp\/v2\/media?parent=4559"}],"curies":[{"name":"wp","href":"https:\/\/api.w.org\/{rel}","templated":true}]}}