{"id":4562,"date":"2026-02-10T09:51:54","date_gmt":"2026-02-10T08:51:54","guid":{"rendered":"https:\/\/sonicleanx.com\/select-qty\/"},"modified":"2026-02-10T10:04:12","modified_gmt":"2026-02-10T09:04:12","slug":"select-qty","status":"publish","type":"page","link":"https:\/\/sonicleanx.com\/sk\/select-qty\/","title":{"rendered":"Select Quantity"},"content":{"rendered":"<style>\n.flgb-funnel-header {\n    background-color: #08223a;\n    width: 100%;\n    padding: 15px var(--flgb-content-padding);\n    box-sizing: border-box;\n}\n.flgb-funnel-header * {\n    box-sizing: border-box;\n}\n.flgb-funnel-header-inner {\n    display: flex;\n    flex-direction: row;\n    align-items: center;\n    justify-content: space-between;\n    width: 100%;\n    max-width: 660px;\n    margin: 0 auto;\n}\n.flgb-funnel-header-logo img {\n    height: 14px;\n    width: auto;\n    display: block;\n}\n.flgb-funnel-header-badge {\n    display: flex;\n    flex-direction: row;\n    align-items: center;\n    gap: 8px;\n}\n.flgb-funnel-header-badge svg {\n    width: 30px;\n    height: 30px;\n    fill: #aaaaaa;\n}\n.flgb-funnel-header-badge-text {\n    font-size: 13px;\n    font-weight: 700;\n    line-height: 1.1;\n    color: #aaaaaa;\n    text-align: left;\n}\n<\/style>\n<div class=\"flgb-funnel-header\">\n    <div class=\"flgb-funnel-header-inner\">\n        <div class=\"flgb-funnel-header-logo\">\n                        <img decoding=\"async\" src=\"https:\/\/sonicleanx.com\/wp-content\/uploads\/2025\/04\/snclx-logo-w.webp\" alt=\"Logo\" \/>\n                    <\/div>\n        <div class=\"flgb-funnel-header-badge\">\n            <svg xmlns=\"http:\/\/www.w3.org\/2000\/svg\" viewbox=\"0 0 18 28\">\n                <path d=\"M5 12h8v-3c0-2.203-1.797-4-4-4s-4 1.797-4 4v3zM18 13.5v9c0 0.828-0.672 1.5-1.5 1.5h-15c-0.828 0-1.5-0.672-1.5-1.5v-9c0-0.828 0.672-1.5 1.5-1.5h0.5v-3c0-3.844 3.156-7 7-7s7 3.156 7 7v3h0.5c0.828 0 1.5 0.672 1.5 1.5z\"\/>\n            <\/svg>\n            <div class=\"flgb-funnel-header-badge-text\">BEZPE\u010cN\u00dd<br>N\u00c1KUP<\/div>\n        <\/div>\n    <\/div>\n<\/div>\n<style>\n.flgb-step-counter {\n    background-color: #ffffff;\n    width: 100%;\n    padding: 10px var(--flgb-content-padding);\n    box-sizing: border-box;\n    font-size: 12px;\n    color: #7f7f7f;\n}\n.flgb-step-counter * {\n    box-sizing: border-box;\n}\n.flgb-step-counter-inner {\n    display: flex;\n    flex-direction: row;\n    align-items: center;\n    justify-content: center;\n    width: 100%;\n    max-width: 660px;\n    margin: 0 auto;\n}\n.flgb-step-counter-step {\n    line-height: 1;\n}\n.flgb-step-counter-step.active {\n    font-size: 16px;\n    font-weight: 700;\n    color: #000000;\n}\n.flgb-step-counter-arrow {\n    margin: 0 8px;\n    line-height: 1;\n}\n.flgb-step-counter-arrow svg {\n    width: auto;\n    height: 15px;\n    fill: #7f7f7f;\n    vertical-align: middle;\n}\n@media (max-width: 479px) {\n    .flgb-step-counter {\n        font-size: 11px;\n    }\n    .flgb-step-counter-step.active {\n        font-size: 14px;\n    }\n}\n<\/style>\n<div class=\"flgb-step-counter\">\n    <div class=\"flgb-step-counter-inner\">\n        <span class=\"flgb-step-counter-step active\">Zvo\u013ete mno\u017estvo<\/span>\n        <span class=\"flgb-step-counter-arrow\">\n            <svg xmlns=\"http:\/\/www.w3.org\/2000\/svg\" viewbox=\"0 0 9 28\">\n                <path d=\"M9.297 15c0 0.125-0.063 0.266-0.156 0.359l-7.281 7.281c-0.094 0.094-0.234 0.156-0.359 0.156s-0.266-0.063-0.359-0.156l-0.781-0.781c-0.094-0.094-0.156-0.219-0.156-0.359 0-0.125 0.063-0.266 0.156-0.359l6.141-6.141-6.141-6.141c-0.094-0.094-0.156-0.234-0.156-0.359s0.063-0.266 0.156-0.359l0.781-0.781c0.094-0.094 0.234-0.156 0.359-0.156s0.266 0.063 0.359 0.156l7.281 7.281c0.094 0.094 0.156 0.234 0.156 0.359z\"\/>\n            <\/svg>\n        <\/span>\n        <span class=\"flgb-step-counter-step\">Poklad\u0148a<\/span>\n        <span class=\"flgb-step-counter-arrow\">\n            <svg xmlns=\"http:\/\/www.w3.org\/2000\/svg\" viewbox=\"0 0 9 28\">\n                <path d=\"M9.297 15c0 0.125-0.063 0.266-0.156 0.359l-7.281 7.281c-0.094 0.094-0.234 0.156-0.359 0.156s-0.266-0.063-0.359-0.156l-0.781-0.781c-0.094-0.094-0.156-0.219-0.156-0.359 0-0.125 0.063-0.266 0.156-0.359l6.141-6.141-6.141-6.141c-0.094-0.094-0.156-0.234-0.156-0.359s0.063-0.266 0.156-0.359l0.781-0.781c0.094-0.094 0.234-0.156 0.359-0.156s0.266 0.063 0.359 0.156l7.281 7.281c0.094 0.094 0.156 0.234 0.156 0.359z\"\/>\n            <\/svg>\n        <\/span>\n        <span class=\"flgb-step-counter-step\">Zhrnutie objedn\u00e1vky<\/span>\n    <\/div>\n<\/div>\n<style>\n    .flgb-funnel-wrapper {\n        background-color: #f0f2f5;\n        width: 100%;\n        padding: 45px var(--flgb-content-padding);\n        box-sizing: border-box;\n    }\n    .flgb-funnel-wrapper * {\n        box-sizing: border-box;\n    }\n    .flgb-funnel-container {\n        background-color: #ffffff;\n        max-width: 660px;\n        margin: 0 auto;\n        padding: 30px;\n        border-radius: 10px;\n    }\n    @media (max-width: 768px) {\n        .flgb-funnel-wrapper {\n            padding: 30px var(--flgb-content-padding);\n        }\n        .flgb-funnel-container {\n            padding: 30px var(--flgb-content-padding);\n        }\n    }\n    @media (max-width: 480px) {\n        .flgb-funnel-wrapper {\n            padding: 0;\n        }\n        .flgb-funnel-container {\n            border-radius: 0;\n        }\n    }\n<\/style>\n<div class=\"flgb-funnel-wrapper\">\n    <div class=\"flgb-funnel-container\">\n\n        <style>.flgb-discount-heading { font-weight: 700 !important; }<\/style>\n        <div class=\"flgb-qty-selector\" data-product-id=\"3662\">\n\n            <!-- Discount Banner -->\n            <div class=\"flgb-discount-banner\">\n                <img decoding=\"async\" src=\"https:\/\/sonicleanx.com\/wp-content\/plugins\/flgb-quantity-pricing\/assets\/discount-50.webp\" alt=\"\" class=\"flgb-discount-img\">\n                <div class=\"flgb-discount-text\">\n                    <div class=\"flgb-discount-heading\">Va\u0161a 50% z\u013eava bola uplatnen\u00e1!<\/div>\n                    <div class=\"flgb-discount-subtext\">Objednajte si viac kusov a z\u00edskajte dopravu zdarma a e\u0161te vy\u0161\u0161iu mno\u017estevn\u00fa z\u013eavu<\/div>\n                <\/div>\n            <\/div>\n\n            <!-- Step Heading -->\n            <div class=\"flgb-step-heading\">Krok 1: Zvo\u013ete mno\u017estvo<\/div>\n\n            <!-- Quantity Options (Template) -->\n            \n<div class=\"flgb-qty-options\">\n        <div class=\"flgb-qty-option\" \n         data-tier=\"0\"\n         data-quantity=\"1\"\n         data-price=\"19.99\">\n        \n                \n        <div class=\"flgb-qty-content\">\n            <div class=\"flgb-qty-image\">\n                                <img decoding=\"async\" src=\"https:\/\/sonicleanx.com\/wp-content\/uploads\/2025\/07\/sncx-qty1d.webp\" alt=\"\">\n                            <\/div>\n            <div class=\"flgb-qty-info\">\n                <div class=\"flgb-qty-number\"><span class=\"flgb-qty-num\">1<\/span><span class=\"flgb-qty-x\">x<\/span><\/div>\n                <div class=\"flgb-qty-label\">kus<\/div>\n                <div class=\"flgb-qty-strike\">39,98 \u20ac<\/div>\n                <div class=\"flgb-qty-price\">19,99 \u20ac<\/div>\n                <div class=\"flgb-qty-shipping\">\n                    + doprava                <\/div>\n            <\/div>\n        <\/div>\n        \n        <a href=\"https:\/\/sonicleanx.com\/sk\/select-qty\/?flgb_add=3662&#038;flgb_qty=1\" class=\"flgb-add-to-cart-link\" data-tier=\"0\">\n            Select\n        <\/a>\n    <\/div>\n        <div class=\"flgb-qty-option flgb-most-popular\" \n         data-tier=\"1\"\n         data-quantity=\"2\"\n         data-price=\"34.98\">\n        \n                <div class=\"flgb-popular-badge\">NAJPRED\u00c1VANEJ\u0160IE<\/div>\n                \n        <div class=\"flgb-qty-content\">\n            <div class=\"flgb-qty-image\">\n                                <img decoding=\"async\" src=\"https:\/\/sonicleanx.com\/wp-content\/uploads\/2025\/07\/sncx-qty2d.webp\" alt=\"\">\n                            <\/div>\n            <div class=\"flgb-qty-info\">\n                <div class=\"flgb-qty-number\"><span class=\"flgb-qty-num\">2<\/span><span class=\"flgb-qty-x\">x<\/span><\/div>\n                <div class=\"flgb-qty-label\">kusy<\/div>\n                <div class=\"flgb-qty-strike\">79,96 \u20ac<\/div>\n                <div class=\"flgb-qty-price\">34,98 \u20ac<\/div>\n                <div class=\"flgb-qty-shipping\">\n                    + doprava                <\/div>\n            <\/div>\n        <\/div>\n        \n        <a href=\"https:\/\/sonicleanx.com\/sk\/select-qty\/?flgb_add=3662&#038;flgb_qty=2\" class=\"flgb-add-to-cart-link\" data-tier=\"1\">\n            Select\n        <\/a>\n    <\/div>\n        <div class=\"flgb-qty-option\" \n         data-tier=\"2\"\n         data-quantity=\"3\"\n         data-price=\"49.97\">\n        \n                \n        <div class=\"flgb-qty-content\">\n            <div class=\"flgb-qty-image\">\n                                <img decoding=\"async\" src=\"https:\/\/sonicleanx.com\/wp-content\/uploads\/2025\/07\/sncx-qty3d.webp\" alt=\"\">\n                            <\/div>\n            <div class=\"flgb-qty-info\">\n                <div class=\"flgb-qty-number\"><span class=\"flgb-qty-num\">3<\/span><span class=\"flgb-qty-x\">x<\/span><\/div>\n                <div class=\"flgb-qty-label\">kusy<\/div>\n                <div class=\"flgb-qty-strike\">119,94 \u20ac<\/div>\n                <div class=\"flgb-qty-price\">49,97 \u20ac<\/div>\n                <div class=\"flgb-qty-shipping\">\n                    + doprava                <\/div>\n            <\/div>\n        <\/div>\n        \n        <a href=\"https:\/\/sonicleanx.com\/sk\/select-qty\/?flgb_add=3662&#038;flgb_qty=3\" class=\"flgb-add-to-cart-link\" data-tier=\"2\">\n            Select\n        <\/a>\n    <\/div>\n        <div class=\"flgb-qty-option\" \n         data-tier=\"3\"\n         data-quantity=\"4\"\n         data-price=\"59.96\">\n        \n                \n        <div class=\"flgb-qty-content\">\n            <div class=\"flgb-qty-image\">\n                                <img decoding=\"async\" src=\"https:\/\/sonicleanx.com\/wp-content\/uploads\/2025\/07\/sncx-qty4d.webp\" alt=\"\">\n                            <\/div>\n            <div class=\"flgb-qty-info\">\n                <div class=\"flgb-qty-number\"><span class=\"flgb-qty-num\">4<\/span><span class=\"flgb-qty-x\">x<\/span><\/div>\n                <div class=\"flgb-qty-label\">kusy<\/div>\n                <div class=\"flgb-qty-strike\">159,92 \u20ac<\/div>\n                <div class=\"flgb-qty-price\">59,96 \u20ac<\/div>\n                <div class=\"flgb-qty-shipping\">\n                    + doprava                <\/div>\n            <\/div>\n        <\/div>\n        \n        <a href=\"https:\/\/sonicleanx.com\/sk\/select-qty\/?flgb_add=3662&#038;flgb_qty=4\" class=\"flgb-add-to-cart-link\" data-tier=\"3\">\n            Select\n        <\/a>\n    <\/div>\n    <\/div>\n\n            <!-- Add to Cart Button -->\n            <div class=\"flgb-add-to-cart-wrapper\">\n                <button type=\"button\" class=\"flgb-add-to-cart-btn\" disabled>\n                    <svg xmlns=\"http:\/\/www.w3.org\/2000\/svg\" width=\"20\" height=\"20\" viewbox=\"0 0 24 24\" fill=\"none\" stroke=\"#cef9c5\" stroke-width=\"2\" stroke-linecap=\"round\" stroke-linejoin=\"round\" style=\"vertical-align: middle; margin-right: 8px;\"><circle cx=\"9\" cy=\"21\" r=\"1\"><\/circle><circle cx=\"20\" cy=\"21\" r=\"1\"><\/circle><path d=\"M1 1h4l2.68 13.39a2 2 0 0 0 2 1.61h9.72a2 2 0 0 0 2-1.61L23 6H6\"><\/path><\/svg>Prida\u0165 do ko\u0161\u00edka                <\/button>\n            <\/div>\n\n        <\/div>\n        \n    <\/div><!-- .flgb-funnel-container -->\n<\/div><!-- .flgb-funnel-wrapper -->\n<style>\n.flgb-ft-light-footer {\n    width: 100%;\n    text-align: center;\n    padding: 15px var(--flgb-content-padding);\n    font-family: Roboto, sans-serif;\n    font-size: 11px;\n}\n.flgb-ft-light-footer a {\n    color: #909090;\n    text-decoration: none;\n}\n.flgb-ft-light-footer a:hover {\n    text-decoration: none;\n}\n<\/style>\n<div class=\"flgb-ft-light-footer\">\n    <a href=\"https:\/\/sonicleanx.com\/sk\/terms-and-conditions\/\">Obchodn\u00e9 podmienky<\/a> | <a href=\"https:\/\/sonicleanx.com\/sk\/privacy-policy\/\">Ochrana osobn\u00fdch \u00fadajov<\/a> | <a href=\"https:\/\/sonicleanx.com\/sk\/shipping-policy\/\">Z\u00e1sady dopravy<\/a> | <a href=\"https:\/\/sonicleanx.com\/sk\/refund-and-return-policy\/\">Vr\u00e1tenie tovaru a pe\u0148az\u00ed<\/a> | <a href=\"https:\/\/sonicleanx.com\/sk\/contact\/\">Kontakt<\/a><\/div>","protected":false},"excerpt":{"rendered":"","protected":false},"author":1,"featured_media":0,"parent":0,"menu_order":0,"comment_status":"closed","ping_status":"closed","template":"","meta":{"footnotes":""},"class_list":["post-4562","page","type-page","status-publish","hentry"],"_links":{"self":[{"href":"https:\/\/sonicleanx.com\/sk\/wp-json\/wp\/v2\/pages\/4562","targetHints":{"allow":["GET"]}}],"collection":[{"href":"https:\/\/sonicleanx.com\/sk\/wp-json\/wp\/v2\/pages"}],"about":[{"href":"https:\/\/sonicleanx.com\/sk\/wp-json\/wp\/v2\/types\/page"}],"author":[{"embeddable":true,"href":"https:\/\/sonicleanx.com\/sk\/wp-json\/wp\/v2\/users\/1"}],"replies":[{"embeddable":true,"href":"https:\/\/sonicleanx.com\/sk\/wp-json\/wp\/v2\/comments?post=4562"}],"version-history":[{"count":2,"href":"https:\/\/sonicleanx.com\/sk\/wp-json\/wp\/v2\/pages\/4562\/revisions"}],"predecessor-version":[{"id":4582,"href":"https:\/\/sonicleanx.com\/sk\/wp-json\/wp\/v2\/pages\/4562\/revisions\/4582"}],"wp:attachment":[{"href":"https:\/\/sonicleanx.com\/sk\/wp-json\/wp\/v2\/media?parent=4562"}],"curies":[{"name":"wp","href":"https:\/\/api.w.org\/{rel}","templated":true}]}}